{"id":2704,"date":"2022-09-17T22:58:28","date_gmt":"2022-09-17T20:58:28","guid":{"rendered":"http:\/\/new.decoczar.pl\/index.php\/product\/wieszaki-slubne-2-szt-rustykalne\/"},"modified":"2022-09-17T22:58:28","modified_gmt":"2022-09-17T20:58:28","slug":"wieszaki-slubne-2-szt-rustykalne","status":"publish","type":"product","link":"https:\/\/new.decoczar.pl\/index.php\/product\/wieszaki-slubne-2-szt-rustykalne\/","title":{"rendered":"WIESZAKI \u015aLUBNE 2 SZT RUSTYKALNE"},"content":{"rendered":"<p>Wieszaki Pary M\u0142odej<\/p>\n<p>WYSY\u0141KA TYLKO KURIER !!!\u00a0<\/p>\n<p> \tDrewniane wieszaki kolor biel i czarny<br \/>\n \tKokardka rustykalna<br \/>\n \tNapisy ze sklejki brzozowej<br \/>\n \tCzas realizacji do 5 dni roboczych po zaksi\u0119gowaniu wp\u0142aty!!! (zale\u017cy Ci na czasie, skontaktuj si\u0119 z nami)<\/p>\n<p>\u00a0<\/p>\n<p>\u00a0<\/p>\n","protected":false},"excerpt":{"rendered":"<p>Wieszaki Pary M\u0142odej<\/p>\n<p>WYSY\u0141KA TYLKO KURIER !!!\u00a0<\/p>\n<p> \tDrewniane wieszaki kolor biel i czarny<br \/>\n \tKokardka rustykalna<br \/>\n \tNapisy ze sklejki brzozowej<br \/>\n \tCzas realizacji do 5 dni roboczych po zaksi\u0119gowaniu wp\u0142aty!!! (zale\u017cy Ci na czasie, skontaktuj si\u0119 z nami)<\/p>\n<p>\u00a0<\/p>\n<p>\u00a0<\/p>\n","protected":false},"featured_media":2703,"comment_status":"open","ping_status":"closed","template":"","meta":[],"etheme_brands":[],"product_cat":[78],"product_tag":[],"class_list":["post-2704","product","type-product","status-publish","has-post-thumbnail","hentry","product_cat-slub-dekoracje"],"_links":{"self":[{"href":"https:\/\/new.decoczar.pl\/index.php\/wp-json\/wp\/v2\/product\/2704","targetHints":{"allow":["GET"]}}],"collection":[{"href":"https:\/\/new.decoczar.pl\/index.php\/wp-json\/wp\/v2\/product"}],"about":[{"href":"https:\/\/new.decoczar.pl\/index.php\/wp-json\/wp\/v2\/types\/product"}],"replies":[{"embeddable":true,"href":"https:\/\/new.decoczar.pl\/index.php\/wp-json\/wp\/v2\/comments?post=2704"}],"wp:featuredmedia":[{"embeddable":true,"href":"https:\/\/new.decoczar.pl\/index.php\/wp-json\/wp\/v2\/media\/2703"}],"wp:attachment":[{"href":"https:\/\/new.decoczar.pl\/index.php\/wp-json\/wp\/v2\/media?parent=2704"}],"wp:term":[{"taxonomy":"brand","embeddable":true,"href":"https:\/\/new.decoczar.pl\/index.php\/wp-json\/wp\/v2\/etheme_brands?post=2704"},{"taxonomy":"product_cat","embeddable":true,"href":"https:\/\/new.decoczar.pl\/index.php\/wp-json\/wp\/v2\/product_cat?post=2704"},{"taxonomy":"product_tag","embeddable":true,"href":"https:\/\/new.decoczar.pl\/index.php\/wp-json\/wp\/v2\/product_tag?post=2704"}],"curies":[{"name":"wp","href":"https:\/\/api.w.org\/{rel}","templated":true}]}}