{"id":27475,"date":"2025-06-10T23:46:37","date_gmt":"2025-06-10T21:46:37","guid":{"rendered":"http:\/\/new.decoczar.pl\/index.php\/product\/zestaw-podkladka-z-zywicy-babcia-dziadek-filizanka-czarno-biale-63\/"},"modified":"2025-06-10T23:46:37","modified_gmt":"2025-06-10T21:46:37","slug":"zestaw-podkladka-z-zywicy-babcia-dziadek-filizanka-czarno-biale-63","status":"publish","type":"product","link":"https:\/\/new.decoczar.pl\/index.php\/product\/zestaw-podkladka-z-zywicy-babcia-dziadek-filizanka-czarno-biale-63\/","title":{"rendered":"Zestaw Podk\u0142adka z \u017cywicy Babcia \/Dziadek + fili\u017canka Czarno bia\u0142e"},"content":{"rendered":"<p>Podk\u0142adki<\/p>\n<p> \tWymiary : \u015brednica ok 12 cm<br \/>\n \tKolor bia\u0142o czarne + z\u0142ota folia z napisem<br \/>\n \tOzdobne opakowanie<br \/>\n \tCzas realizacji 5-7 dni roboczych po zaksi\u0119gowaniu wp\u0142aty<br \/>\n \tWysy\u0142ka kurier \/ kurier pobranie<br \/>\n \tFili\u017canka bia\u0142a \/ kubek ze z\u0142otym zdobieniem<br \/>\n \tW uwagach do zam\u00f3wienia prosz\u0119 o informacj\u0119 dla kogo podk\u0142adka ( np. dla babci ) i kt\u00f3ry model kubka<br \/>\n \tPraca \u017cywic\u0105 jest uzale\u017cniona od pogody ( w lato czas\u00a0 realizacji mo\u017ce by\u0107 d\u0142u\u017cszy )<br \/>\n \tZAMAWIAJ\u0104C KILKA PRODUKT\u00d3W CZAS REALIZACJI JEST D\u0141U\u017bSZY DO 14 DNI ROBOCZYCH\u00a0<\/p>\n","protected":false},"excerpt":{"rendered":"<p>Podk\u0142adki<\/p>\n<p> \tWymiary : \u015brednica ok 12 cm<br \/>\n \tKolor bia\u0142o czarne + z\u0142ota folia z napisem<br \/>\n \tOzdobne opakowanie<br \/>\n \tCzas realizacji 5-7 dni roboczych po zaksi\u0119gowaniu wp\u0142aty<br \/>\n \tWysy\u0142ka kurier \/ kurier pobranie<br \/>\n \tFili\u017canka bia\u0142a \/ kubek ze z\u0142otym zdobieniem<br \/>\n \tW uwagach do zam\u00f3wienia prosz\u0119 o informacj\u0119 dla kogo podk\u0142adka ( np. dla babci ) i kt\u00f3ry model kubka<br \/>\n \tPraca \u017cywic\u0105 jest uzale\u017cniona od pogody ( w lato czas\u00a0 realizacji mo\u017ce by\u0107 d\u0142u\u017cszy )<br \/>\n \tZAMAWIAJ\u0104C KILKA PRODUKT\u00d3W CZAS REALIZACJI JEST D\u0141U\u017bSZY DO 14 DNI ROBOCZYCH\u00a0<\/p>\n","protected":false},"featured_media":4584,"comment_status":"open","ping_status":"closed","template":"","meta":[],"etheme_brands":[],"product_cat":[289],"product_tag":[],"class_list":["post-27475","product","type-product","status-publish","has-post-thumbnail","hentry","product_cat-dostepne-od-reki-dzien-babci-i-dziadka-podkladki"],"_links":{"self":[{"href":"https:\/\/new.decoczar.pl\/index.php\/wp-json\/wp\/v2\/product\/27475","targetHints":{"allow":["GET"]}}],"collection":[{"href":"https:\/\/new.decoczar.pl\/index.php\/wp-json\/wp\/v2\/product"}],"about":[{"href":"https:\/\/new.decoczar.pl\/index.php\/wp-json\/wp\/v2\/types\/product"}],"replies":[{"embeddable":true,"href":"https:\/\/new.decoczar.pl\/index.php\/wp-json\/wp\/v2\/comments?post=27475"}],"wp:featuredmedia":[{"embeddable":true,"href":"https:\/\/new.decoczar.pl\/index.php\/wp-json\/wp\/v2\/media\/4584"}],"wp:attachment":[{"href":"https:\/\/new.decoczar.pl\/index.php\/wp-json\/wp\/v2\/media?parent=27475"}],"wp:term":[{"taxonomy":"brand","embeddable":true,"href":"https:\/\/new.decoczar.pl\/index.php\/wp-json\/wp\/v2\/etheme_brands?post=27475"},{"taxonomy":"product_cat","embeddable":true,"href":"https:\/\/new.decoczar.pl\/index.php\/wp-json\/wp\/v2\/product_cat?post=27475"},{"taxonomy":"product_tag","embeddable":true,"href":"https:\/\/new.decoczar.pl\/index.php\/wp-json\/wp\/v2\/product_tag?post=27475"}],"curies":[{"name":"wp","href":"https:\/\/api.w.org\/{rel}","templated":true}]}}