{"id":27500,"date":"2025-06-10T23:47:40","date_gmt":"2025-06-10T21:47:40","guid":{"rendered":"http:\/\/new.decoczar.pl\/index.php\/product\/podkladki-z-zywicy-szmaragdowo-zlote-2-szt-65\/"},"modified":"2025-06-10T23:47:40","modified_gmt":"2025-06-10T21:47:40","slug":"podkladki-z-zywicy-szmaragdowo-zlote-2-szt-65","status":"publish","type":"product","link":"https:\/\/new.decoczar.pl\/index.php\/product\/podkladki-z-zywicy-szmaragdowo-zlote-2-szt-65\/","title":{"rendered":"Podk\u0142adki z \u017cywicy Szmaragdowo-z\u0142ote 2 szt"},"content":{"rendered":"<p>Podk\u0142adki<\/p>\n<p> \tWymiary : \u015brednica ok 12 cm<br \/>\n \tKolor szmaragdowy, z\u0142oty, przezroczysty<br \/>\n \tOzdobne prezentowe opakowanie<br \/>\n \tCzas realizacji 10 dni roboczych po zaksi\u0119gowaniu wp\u0142aty<br \/>\n \tOdporna na promieniowanie Uv<br \/>\n \tMo\u017cliwo\u015b\u0107 dokupienia tacy do kompletu<br \/>\n \tG\u00f3ra powierzchnia podk\u0142adki pokryta jest jedn\u0105 z najlepszych \u017cywic &#8211; kt\u00f3ra ma zdolno\u015b\u0107 do samoregeneracji (ew. wgniecenia same znikaj\u0105)<br \/>\n \tZAMAWIAJ\u0104C KILKA PRODUKT\u00d3W CZAS REALIZACJI JEST D\u0141U\u017bSZY DO 14 DNI ROBOCZYCH\u00a0<br \/>\n \tW lato oraz w zim\u0119 Czas realizacji mo\u017ce si\u0119 wyd\u0142u\u017cy\u0107<\/p>\n","protected":false},"excerpt":{"rendered":"<p>Podk\u0142adki<\/p>\n<p> \tWymiary : \u015brednica ok 12 cm<br \/>\n \tKolor szmaragdowy, z\u0142oty, przezroczysty<br \/>\n \tOzdobne prezentowe opakowanie<br \/>\n \tCzas realizacji 10 dni roboczych po zaksi\u0119gowaniu wp\u0142aty<br \/>\n \tOdporna na promieniowanie Uv<br \/>\n \tMo\u017cliwo\u015b\u0107 dokupienia tacy do kompletu<br \/>\n \tG\u00f3ra powierzchnia podk\u0142adki pokryta jest jedn\u0105 z najlepszych \u017cywic &#8211; kt\u00f3ra ma zdolno\u015b\u0107 do samoregeneracji (ew. wgniecenia same znikaj\u0105)<br \/>\n \tZAMAWIAJ\u0104C KILKA PRODUKT\u00d3W CZAS REALIZACJI JEST D\u0141U\u017bSZY DO 14 DNI ROBOCZYCH\u00a0<br \/>\n \tW lato oraz w zim\u0119 Czas realizacji mo\u017ce si\u0119 wyd\u0142u\u017cy\u0107<\/p>\n","protected":false},"featured_media":2772,"comment_status":"open","ping_status":"closed","template":"","meta":[],"etheme_brands":[],"product_cat":[251],"product_tag":[],"class_list":["post-27500","product","type-product","status-publish","has-post-thumbnail","hentry","product_cat-podkladki"],"_links":{"self":[{"href":"https:\/\/new.decoczar.pl\/index.php\/wp-json\/wp\/v2\/product\/27500","targetHints":{"allow":["GET"]}}],"collection":[{"href":"https:\/\/new.decoczar.pl\/index.php\/wp-json\/wp\/v2\/product"}],"about":[{"href":"https:\/\/new.decoczar.pl\/index.php\/wp-json\/wp\/v2\/types\/product"}],"replies":[{"embeddable":true,"href":"https:\/\/new.decoczar.pl\/index.php\/wp-json\/wp\/v2\/comments?post=27500"}],"wp:featuredmedia":[{"embeddable":true,"href":"https:\/\/new.decoczar.pl\/index.php\/wp-json\/wp\/v2\/media\/2772"}],"wp:attachment":[{"href":"https:\/\/new.decoczar.pl\/index.php\/wp-json\/wp\/v2\/media?parent=27500"}],"wp:term":[{"taxonomy":"brand","embeddable":true,"href":"https:\/\/new.decoczar.pl\/index.php\/wp-json\/wp\/v2\/etheme_brands?post=27500"},{"taxonomy":"product_cat","embeddable":true,"href":"https:\/\/new.decoczar.pl\/index.php\/wp-json\/wp\/v2\/product_cat?post=27500"},{"taxonomy":"product_tag","embeddable":true,"href":"https:\/\/new.decoczar.pl\/index.php\/wp-json\/wp\/v2\/product_tag?post=27500"}],"curies":[{"name":"wp","href":"https:\/\/api.w.org\/{rel}","templated":true}]}}