{"id":2752,"date":"2022-09-21T20:55:13","date_gmt":"2022-09-21T18:55:13","guid":{"rendered":"https:\/\/new.decoczar.pl\/index.php\/product\/deska-taca-dekoracyjna-drewniana-z-zywicy-morska\/"},"modified":"2022-09-21T20:55:13","modified_gmt":"2022-09-21T18:55:13","slug":"deska-taca-dekoracyjna-drewniana-z-zywicy-morska","status":"publish","type":"product","link":"https:\/\/new.decoczar.pl\/index.php\/product\/deska-taca-dekoracyjna-drewniana-z-zywicy-morska\/","title":{"rendered":"Deska\/taca dekoracyjna drewniana z \u017cywicy MORSKA"},"content":{"rendered":"<p>Podk\u0142adki<\/p>\n<p> \tWymiary : \u015brednica ok 30- 32 cm ( zale\u017cna jakie s\u0105 dost\u0119pne w hurtowni )<br \/>\n \tDeska bambusowa<br \/>\n \tKolor niebieski, morski biel<br \/>\n \tW uwagach do zam\u00f3wienia prosz\u0119 wpisa\u0107 wszelkie zmiany<br \/>\n \tCzas realizacji do 10 dni roboczych po zaksi\u0119gowaniu wp\u0142aty (praca z \u017cywic\u0105 uzale\u017cniona jest od pogody )<br \/>\n \tWysy\u0142ka kurier \/ kurier pobranie<br \/>\n \tMo\u017cliwo\u015b\u0107 dokupienia podk\u0142adek do kompletu<\/p>\n","protected":false},"excerpt":{"rendered":"<p>Podk\u0142adki<\/p>\n<p> \tWymiary : \u015brednica ok 30- 32 cm ( zale\u017cna jakie s\u0105 dost\u0119pne w hurtowni )<br \/>\n \tDeska bambusowa<br \/>\n \tKolor niebieski, morski biel<br \/>\n \tW uwagach do zam\u00f3wienia prosz\u0119 wpisa\u0107 wszelkie zmiany<br \/>\n \tCzas realizacji do 10 dni roboczych po zaksi\u0119gowaniu wp\u0142aty (praca z \u017cywic\u0105 uzale\u017cniona jest od pogody )<br \/>\n \tWysy\u0142ka kurier \/ kurier pobranie<br \/>\n \tMo\u017cliwo\u015b\u0107 dokupienia podk\u0142adek do kompletu<\/p>\n","protected":false},"featured_media":2751,"comment_status":"open","ping_status":"closed","template":"","meta":[],"etheme_brands":[],"product_cat":[65],"product_tag":[],"class_list":["post-2752","product","type-product","status-publish","has-post-thumbnail","hentry","product_cat-produkty-z-zywicy-promocja"],"_links":{"self":[{"href":"https:\/\/new.decoczar.pl\/index.php\/wp-json\/wp\/v2\/product\/2752","targetHints":{"allow":["GET"]}}],"collection":[{"href":"https:\/\/new.decoczar.pl\/index.php\/wp-json\/wp\/v2\/product"}],"about":[{"href":"https:\/\/new.decoczar.pl\/index.php\/wp-json\/wp\/v2\/types\/product"}],"replies":[{"embeddable":true,"href":"https:\/\/new.decoczar.pl\/index.php\/wp-json\/wp\/v2\/comments?post=2752"}],"wp:featuredmedia":[{"embeddable":true,"href":"https:\/\/new.decoczar.pl\/index.php\/wp-json\/wp\/v2\/media\/2751"}],"wp:attachment":[{"href":"https:\/\/new.decoczar.pl\/index.php\/wp-json\/wp\/v2\/media?parent=2752"}],"wp:term":[{"taxonomy":"brand","embeddable":true,"href":"https:\/\/new.decoczar.pl\/index.php\/wp-json\/wp\/v2\/etheme_brands?post=2752"},{"taxonomy":"product_cat","embeddable":true,"href":"https:\/\/new.decoczar.pl\/index.php\/wp-json\/wp\/v2\/product_cat?post=2752"},{"taxonomy":"product_tag","embeddable":true,"href":"https:\/\/new.decoczar.pl\/index.php\/wp-json\/wp\/v2\/product_tag?post=2752"}],"curies":[{"name":"wp","href":"https:\/\/api.w.org\/{rel}","templated":true}]}}