{"id":2765,"date":"2022-09-22T19:10:08","date_gmt":"2022-09-22T17:10:08","guid":{"rendered":"http:\/\/new.decoczar.pl\/index.php\/product\/taca-dekoracyjna-z-zywicy-szmaragdowo-zlota\/"},"modified":"2022-09-22T19:10:08","modified_gmt":"2022-09-22T17:10:08","slug":"taca-dekoracyjna-z-zywicy-szmaragdowo-zlota","status":"publish","type":"product","link":"https:\/\/new.decoczar.pl\/index.php\/product\/taca-dekoracyjna-z-zywicy-szmaragdowo-zlota\/","title":{"rendered":"Taca dekoracyjna z \u017cywicy Szmaragdowo z\u0142ota"},"content":{"rendered":"<p>Podk\u0142adki<\/p>\n<p> \tWymiary : \u015brednica ok 33 cm ca\u0142ej tacy<br \/>\n \tKolor szmaragdowy, bia\u0142y, z\u0142oty<br \/>\n \tW uwagach do zam\u00f3wienia prosz\u0119 wpisa\u0107 wszelkie zmiany<br \/>\n \tCzas realizacji 10 dni roboczych po zaksi\u0119gowaniu wp\u0142aty (praca z \u017cywic\u0105 uzale\u017cniona jest od pogody )<br \/>\n \tWysy\u0142ka kurier \/ kurier pobranie<br \/>\n \tMo\u017cliwo\u015b\u0107 dokupienia podk\u0142adek do kompletu<\/p>\n","protected":false},"excerpt":{"rendered":"<p>Podk\u0142adki<\/p>\n<p> \tWymiary : \u015brednica ok 33 cm ca\u0142ej tacy<br \/>\n \tKolor szmaragdowy, bia\u0142y, z\u0142oty<br \/>\n \tW uwagach do zam\u00f3wienia prosz\u0119 wpisa\u0107 wszelkie zmiany<br \/>\n \tCzas realizacji 10 dni roboczych po zaksi\u0119gowaniu wp\u0142aty (praca z \u017cywic\u0105 uzale\u017cniona jest od pogody )<br \/>\n \tWysy\u0142ka kurier \/ kurier pobranie<br \/>\n \tMo\u017cliwo\u015b\u0107 dokupienia podk\u0142adek do kompletu<\/p>\n","protected":false},"featured_media":2764,"comment_status":"open","ping_status":"closed","template":"","meta":[],"etheme_brands":[],"product_cat":[65],"product_tag":[],"class_list":["post-2765","product","type-product","status-publish","has-post-thumbnail","hentry","product_cat-produkty-z-zywicy-promocja"],"_links":{"self":[{"href":"https:\/\/new.decoczar.pl\/index.php\/wp-json\/wp\/v2\/product\/2765","targetHints":{"allow":["GET"]}}],"collection":[{"href":"https:\/\/new.decoczar.pl\/index.php\/wp-json\/wp\/v2\/product"}],"about":[{"href":"https:\/\/new.decoczar.pl\/index.php\/wp-json\/wp\/v2\/types\/product"}],"replies":[{"embeddable":true,"href":"https:\/\/new.decoczar.pl\/index.php\/wp-json\/wp\/v2\/comments?post=2765"}],"wp:featuredmedia":[{"embeddable":true,"href":"https:\/\/new.decoczar.pl\/index.php\/wp-json\/wp\/v2\/media\/2764"}],"wp:attachment":[{"href":"https:\/\/new.decoczar.pl\/index.php\/wp-json\/wp\/v2\/media?parent=2765"}],"wp:term":[{"taxonomy":"brand","embeddable":true,"href":"https:\/\/new.decoczar.pl\/index.php\/wp-json\/wp\/v2\/etheme_brands?post=2765"},{"taxonomy":"product_cat","embeddable":true,"href":"https:\/\/new.decoczar.pl\/index.php\/wp-json\/wp\/v2\/product_cat?post=2765"},{"taxonomy":"product_tag","embeddable":true,"href":"https:\/\/new.decoczar.pl\/index.php\/wp-json\/wp\/v2\/product_tag?post=2765"}],"curies":[{"name":"wp","href":"https:\/\/api.w.org\/{rel}","templated":true}]}}