{"id":2777,"date":"2022-09-22T19:10:47","date_gmt":"2022-09-22T17:10:47","guid":{"rendered":"http:\/\/new.decoczar.pl\/index.php\/product\/kieliszki-do-wodki-para-mloda-kwiaty\/"},"modified":"2022-09-22T19:10:47","modified_gmt":"2022-09-22T17:10:47","slug":"kieliszki-do-wodki-para-mloda-kwiaty","status":"publish","type":"product","link":"https:\/\/new.decoczar.pl\/index.php\/product\/kieliszki-do-wodki-para-mloda-kwiaty\/","title":{"rendered":"Kieliszki do w\u00f3dki Para M\u0142oda Kwiaty"},"content":{"rendered":"<p>Kieliszki do w\u00f3dki<\/p>\n<p> \tDekoracyjne kwiatki, pere\u0142ki (z\u0142ote)<br \/>\n \tMateria\u0142 : Szk\u0142o<br \/>\n \t2 sztuki<br \/>\n \tWysoko\u015b\u0107 14 cm<br \/>\n \tPojemno\u015b\u0107 40 mil<br \/>\n \tCzas realizacji do 5 dni roboczych po zaksi\u0119gowaniu wp\u0142aty<br \/>\n \tWYSY\u0141KA TYLKO KURIER !!!<\/p>\n","protected":false},"excerpt":{"rendered":"<p>Kieliszki do w\u00f3dki<\/p>\n<p> \tDekoracyjne kwiatki, pere\u0142ki (z\u0142ote)<br \/>\n \tMateria\u0142 : Szk\u0142o<br \/>\n \t2 sztuki<br \/>\n \tWysoko\u015b\u0107 14 cm<br \/>\n \tPojemno\u015b\u0107 40 mil<br \/>\n \tCzas realizacji do 5 dni roboczych po zaksi\u0119gowaniu wp\u0142aty<br \/>\n \tWYSY\u0141KA TYLKO KURIER !!!<\/p>\n","protected":false},"featured_media":2776,"comment_status":"open","ping_status":"closed","template":"","meta":[],"etheme_brands":[],"product_cat":[78],"product_tag":[],"class_list":["post-2777","product","type-product","status-publish","has-post-thumbnail","hentry","product_cat-slub-dekoracje"],"_links":{"self":[{"href":"https:\/\/new.decoczar.pl\/index.php\/wp-json\/wp\/v2\/product\/2777","targetHints":{"allow":["GET"]}}],"collection":[{"href":"https:\/\/new.decoczar.pl\/index.php\/wp-json\/wp\/v2\/product"}],"about":[{"href":"https:\/\/new.decoczar.pl\/index.php\/wp-json\/wp\/v2\/types\/product"}],"replies":[{"embeddable":true,"href":"https:\/\/new.decoczar.pl\/index.php\/wp-json\/wp\/v2\/comments?post=2777"}],"wp:featuredmedia":[{"embeddable":true,"href":"https:\/\/new.decoczar.pl\/index.php\/wp-json\/wp\/v2\/media\/2776"}],"wp:attachment":[{"href":"https:\/\/new.decoczar.pl\/index.php\/wp-json\/wp\/v2\/media?parent=2777"}],"wp:term":[{"taxonomy":"brand","embeddable":true,"href":"https:\/\/new.decoczar.pl\/index.php\/wp-json\/wp\/v2\/etheme_brands?post=2777"},{"taxonomy":"product_cat","embeddable":true,"href":"https:\/\/new.decoczar.pl\/index.php\/wp-json\/wp\/v2\/product_cat?post=2777"},{"taxonomy":"product_tag","embeddable":true,"href":"https:\/\/new.decoczar.pl\/index.php\/wp-json\/wp\/v2\/product_tag?post=2777"}],"curies":[{"name":"wp","href":"https:\/\/api.w.org\/{rel}","templated":true}]}}