{"id":2781,"date":"2022-09-22T19:10:49","date_gmt":"2022-09-22T17:10:49","guid":{"rendered":"http:\/\/new.decoczar.pl\/index.php\/product\/stojak-na-wino-spersonalizowany\/"},"modified":"2022-09-22T19:10:49","modified_gmt":"2022-09-22T17:10:49","slug":"stojak-na-wino-spersonalizowany","status":"publish","type":"product","link":"https:\/\/new.decoczar.pl\/index.php\/product\/stojak-na-wino-spersonalizowany\/","title":{"rendered":"Stojak na wino spersonalizowany"},"content":{"rendered":"<p> \tWymiary :<br \/>\n \tSznurek jutowy<br \/>\n \tGrawer mo\u017cemy modyfikowa\u0107<br \/>\n \tMateria\u0142:\u00a0sklejka,<br \/>\n \tKolor: naturalny<br \/>\n \tCzerwone serduszka dekoracja oraz spinacz na kt\u00f3rym\u00a0 mo\u017cemy zawiesi\u0107 zdj\u0119cie<br \/>\n \tWYSY\u0141KA TYLKO KURIER \/ POBRANIE<br \/>\n \tW uwagach do zam\u00f3wienie prosz\u0119 wpisa\u0107 zmian\u0119 tekstu (data,imi\u0119 )<br \/>\n \tCzas realizacji do 5 dni roboczych po zaksi\u0119gowaniu wp\u0142aty<\/p>\n","protected":false},"excerpt":{"rendered":"<p> \tWymiary :<br \/>\n \tSznurek jutowy<br \/>\n \tGrawer mo\u017cemy modyfikowa\u0107<br \/>\n \tMateria\u0142:\u00a0sklejka,<br \/>\n \tKolor: naturalny<br \/>\n \tCzerwone serduszka dekoracja oraz spinacz na kt\u00f3rym\u00a0 mo\u017cemy zawiesi\u0107 zdj\u0119cie<br \/>\n \tWYSY\u0141KA TYLKO KURIER \/ POBRANIE<br \/>\n \tW uwagach do zam\u00f3wienie prosz\u0119 wpisa\u0107 zmian\u0119 tekstu (data,imi\u0119 )<br \/>\n \tCzas realizacji do 5 dni roboczych po zaksi\u0119gowaniu wp\u0142aty<\/p>\n","protected":false},"featured_media":2780,"comment_status":"open","ping_status":"closed","template":"","meta":[],"etheme_brands":[],"product_cat":[78],"product_tag":[],"class_list":["post-2781","product","type-product","status-publish","has-post-thumbnail","hentry","product_cat-slub-dekoracje"],"_links":{"self":[{"href":"https:\/\/new.decoczar.pl\/index.php\/wp-json\/wp\/v2\/product\/2781","targetHints":{"allow":["GET"]}}],"collection":[{"href":"https:\/\/new.decoczar.pl\/index.php\/wp-json\/wp\/v2\/product"}],"about":[{"href":"https:\/\/new.decoczar.pl\/index.php\/wp-json\/wp\/v2\/types\/product"}],"replies":[{"embeddable":true,"href":"https:\/\/new.decoczar.pl\/index.php\/wp-json\/wp\/v2\/comments?post=2781"}],"wp:featuredmedia":[{"embeddable":true,"href":"https:\/\/new.decoczar.pl\/index.php\/wp-json\/wp\/v2\/media\/2780"}],"wp:attachment":[{"href":"https:\/\/new.decoczar.pl\/index.php\/wp-json\/wp\/v2\/media?parent=2781"}],"wp:term":[{"taxonomy":"brand","embeddable":true,"href":"https:\/\/new.decoczar.pl\/index.php\/wp-json\/wp\/v2\/etheme_brands?post=2781"},{"taxonomy":"product_cat","embeddable":true,"href":"https:\/\/new.decoczar.pl\/index.php\/wp-json\/wp\/v2\/product_cat?post=2781"},{"taxonomy":"product_tag","embeddable":true,"href":"https:\/\/new.decoczar.pl\/index.php\/wp-json\/wp\/v2\/product_tag?post=2781"}],"curies":[{"name":"wp","href":"https:\/\/api.w.org\/{rel}","templated":true}]}}