{"id":2792,"date":"2022-09-23T05:03:47","date_gmt":"2022-09-23T03:03:47","guid":{"rendered":"https:\/\/new.decoczar.pl\/index.php\/product\/stolik-drewniany-okragly-maly-gratis\/"},"modified":"2022-09-23T05:03:47","modified_gmt":"2022-09-23T03:03:47","slug":"stolik-drewniany-okragly-maly-gratis","status":"publish","type":"product","link":"https:\/\/new.decoczar.pl\/index.php\/product\/stolik-drewniany-okragly-maly-gratis\/","title":{"rendered":"Stolik Drewniany Okr\u0105g\u0142y Ma\u0142y+ GRATIS"},"content":{"rendered":"<p>Stolik okr\u0105g\u0142y<\/p>\n<p> \tWysoko\u015b\u0107 ok 40 (+\/-2) cm<br \/>\n \t\u015arednica blatu ok 40 (+\/-2) cm<br \/>\n \tGrubo\u015b\u0107 ok 8-12 cm<br \/>\n \tStalowe nogi z pr\u0119ta<br \/>\n \tKolor n\u00f3g czarny\/bia\u0142y<br \/>\n \tJeste\u015bmy otwarci na nowe zam\u00f3wienia<br \/>\n \tCzas realizacji do 14\u00a0 dni roboczych po zaksi\u0119gowaniu wp\u0142aty<br \/>\n \tTYLKO WP\u0141ATA NA KONTO &#8211; PRZEDP\u0141ATA<br \/>\n \tGRATIS ! 4 SZTUKI PODSTAWKI POD KUBEK<br \/>\n \tMo\u017cliwo\u015b\u0107 wysy\u0142ki 40 z\u0142 ( kwot\u0119 prosz\u0119 doliczy\u0107 do przelewu )<\/p>\n","protected":false},"excerpt":{"rendered":"<p>Stolik okr\u0105g\u0142y<\/p>\n<p> \tWysoko\u015b\u0107 ok 40 (+\/-2) cm<br \/>\n \t\u015arednica blatu ok 40 (+\/-2) cm<br \/>\n \tGrubo\u015b\u0107 ok 8-12 cm<br \/>\n \tStalowe nogi z pr\u0119ta<br \/>\n \tKolor n\u00f3g czarny\/bia\u0142y<br \/>\n \tJeste\u015bmy otwarci na nowe zam\u00f3wienia<br \/>\n \tCzas realizacji do 14\u00a0 dni roboczych po zaksi\u0119gowaniu wp\u0142aty<br \/>\n \tTYLKO WP\u0141ATA NA KONTO &#8211; PRZEDP\u0141ATA<br \/>\n \tGRATIS ! 4 SZTUKI PODSTAWKI POD KUBEK<br \/>\n \tMo\u017cliwo\u015b\u0107 wysy\u0142ki 40 z\u0142 ( kwot\u0119 prosz\u0119 doliczy\u0107 do przelewu )<\/p>\n","protected":false},"featured_media":2791,"comment_status":"open","ping_status":"closed","template":"","meta":[],"etheme_brands":[],"product_cat":[56],"product_tag":[],"class_list":["post-2792","product","type-product","status-publish","has-post-thumbnail","hentry","product_cat-stoliki-drewniane"],"_links":{"self":[{"href":"https:\/\/new.decoczar.pl\/index.php\/wp-json\/wp\/v2\/product\/2792","targetHints":{"allow":["GET"]}}],"collection":[{"href":"https:\/\/new.decoczar.pl\/index.php\/wp-json\/wp\/v2\/product"}],"about":[{"href":"https:\/\/new.decoczar.pl\/index.php\/wp-json\/wp\/v2\/types\/product"}],"replies":[{"embeddable":true,"href":"https:\/\/new.decoczar.pl\/index.php\/wp-json\/wp\/v2\/comments?post=2792"}],"wp:featuredmedia":[{"embeddable":true,"href":"https:\/\/new.decoczar.pl\/index.php\/wp-json\/wp\/v2\/media\/2791"}],"wp:attachment":[{"href":"https:\/\/new.decoczar.pl\/index.php\/wp-json\/wp\/v2\/media?parent=2792"}],"wp:term":[{"taxonomy":"brand","embeddable":true,"href":"https:\/\/new.decoczar.pl\/index.php\/wp-json\/wp\/v2\/etheme_brands?post=2792"},{"taxonomy":"product_cat","embeddable":true,"href":"https:\/\/new.decoczar.pl\/index.php\/wp-json\/wp\/v2\/product_cat?post=2792"},{"taxonomy":"product_tag","embeddable":true,"href":"https:\/\/new.decoczar.pl\/index.php\/wp-json\/wp\/v2\/product_tag?post=2792"}],"curies":[{"name":"wp","href":"https:\/\/api.w.org\/{rel}","templated":true}]}}