{"id":28065,"date":"2025-06-27T17:06:34","date_gmt":"2025-06-27T15:06:34","guid":{"rendered":"https:\/\/new.decoczar.pl\/index.php\/product\/stol-stolik-drewniany-asymetryczny-gratis-132\/"},"modified":"2025-06-27T17:06:34","modified_gmt":"2025-06-27T15:06:34","slug":"stol-stolik-drewniany-asymetryczny-gratis-132","status":"publish","type":"product","link":"https:\/\/new.decoczar.pl\/index.php\/product\/stol-stolik-drewniany-asymetryczny-gratis-132\/","title":{"rendered":"ST\u00d3\u0141\/STOLIK DREWNIANY ASYMETRYCZNY + GRATIS"},"content":{"rendered":"<p>Stolik drewniany<\/p>\n<p> \tWymiary 100cm x 110<br \/>\n \tGrubo\u015b\u0107 plastra oko\u0142o 10-12 cm<br \/>\n \tWysoko\u015b\u0107 n\u00f3\u017cek 35 cm<br \/>\n \tKolor jasny D\u0105b<br \/>\n \tCzas realizacji 21 dni roboczych po zaksi\u0119gowaniu wp\u0142aty ( +\/ &#8211; 5 dni roboczych )<br \/>\n \tGRATIS 4 SZTUKI PODSTAWKI POD KUBEK<br \/>\n \tMo\u017cliwy odbi\u00f3r Warszawa b\u0105d\u017a okolice Legionowa<\/p>\n","protected":false},"excerpt":{"rendered":"<p>Stolik drewniany<\/p>\n<p> \tWymiary 100cm x 110<br \/>\n \tGrubo\u015b\u0107 plastra oko\u0142o 10-12 cm<br \/>\n \tWysoko\u015b\u0107 n\u00f3\u017cek 35 cm<br \/>\n \tKolor jasny D\u0105b<br \/>\n \tCzas realizacji 21 dni roboczych po zaksi\u0119gowaniu wp\u0142aty ( +\/ &#8211; 5 dni roboczych )<br \/>\n \tGRATIS 4 SZTUKI PODSTAWKI POD KUBEK<br \/>\n \tMo\u017cliwy odbi\u00f3r Warszawa b\u0105d\u017a okolice Legionowa<\/p>\n","protected":false},"featured_media":2863,"comment_status":"open","ping_status":"closed","template":"","meta":[],"etheme_brands":[],"product_cat":[56],"product_tag":[],"class_list":["post-28065","product","type-product","status-publish","has-post-thumbnail","hentry","product_cat-stoliki-drewniane"],"_links":{"self":[{"href":"https:\/\/new.decoczar.pl\/index.php\/wp-json\/wp\/v2\/product\/28065","targetHints":{"allow":["GET"]}}],"collection":[{"href":"https:\/\/new.decoczar.pl\/index.php\/wp-json\/wp\/v2\/product"}],"about":[{"href":"https:\/\/new.decoczar.pl\/index.php\/wp-json\/wp\/v2\/types\/product"}],"replies":[{"embeddable":true,"href":"https:\/\/new.decoczar.pl\/index.php\/wp-json\/wp\/v2\/comments?post=28065"}],"wp:featuredmedia":[{"embeddable":true,"href":"https:\/\/new.decoczar.pl\/index.php\/wp-json\/wp\/v2\/media\/2863"}],"wp:attachment":[{"href":"https:\/\/new.decoczar.pl\/index.php\/wp-json\/wp\/v2\/media?parent=28065"}],"wp:term":[{"taxonomy":"brand","embeddable":true,"href":"https:\/\/new.decoczar.pl\/index.php\/wp-json\/wp\/v2\/etheme_brands?post=28065"},{"taxonomy":"product_cat","embeddable":true,"href":"https:\/\/new.decoczar.pl\/index.php\/wp-json\/wp\/v2\/product_cat?post=28065"},{"taxonomy":"product_tag","embeddable":true,"href":"https:\/\/new.decoczar.pl\/index.php\/wp-json\/wp\/v2\/product_tag?post=28065"}],"curies":[{"name":"wp","href":"https:\/\/api.w.org\/{rel}","templated":true}]}}