{"id":2808,"date":"2022-09-24T17:10:53","date_gmt":"2022-09-24T15:10:53","guid":{"rendered":"http:\/\/new.decoczar.pl\/index.php\/product\/zestaw-stopki-z-grawerem-z-prosba-o-bycie-chrzestna-chrzestnym\/"},"modified":"2022-09-24T17:10:53","modified_gmt":"2022-09-24T15:10:53","slug":"zestaw-stopki-z-grawerem-z-prosba-o-bycie-chrzestna-chrzestnym","status":"publish","type":"product","link":"https:\/\/new.decoczar.pl\/index.php\/product\/zestaw-stopki-z-grawerem-z-prosba-o-bycie-chrzestna-chrzestnym\/","title":{"rendered":"Zestaw St\u00f3pki z grawerem z Pro\u015bb\u0105 o bycie Chrzestn\u0105\/Chrzestnym"},"content":{"rendered":"<p> \tSklejka brzozowa ci\u0119ta laserowo<br \/>\n \tW uwagach dla klienta prosz\u0119 o podanie np. imi\u0119 dziecka oraz imiona rodzic\u00f3w chrzestnych<br \/>\n \tSznurek jutowy<br \/>\n \tGrubo\u015b\u0107: 3mm klejka w kolorze naturalnym<br \/>\n \tCzas realizacji do 5 dni roboczych po zaksi\u0119gowaniu wp\u0142aty<\/p>\n","protected":false},"excerpt":{"rendered":"<p> \tSklejka brzozowa ci\u0119ta laserowo<br \/>\n \tW uwagach dla klienta prosz\u0119 o podanie np. imi\u0119 dziecka oraz imiona rodzic\u00f3w chrzestnych<br \/>\n \tSznurek jutowy<br \/>\n \tGrubo\u015b\u0107: 3mm klejka w kolorze naturalnym<br \/>\n \tCzas realizacji do 5 dni roboczych po zaksi\u0119gowaniu wp\u0142aty<\/p>\n","protected":false},"featured_media":2807,"comment_status":"open","ping_status":"closed","template":"","meta":[],"etheme_brands":[],"product_cat":[103],"product_tag":[],"class_list":["post-2808","product","type-product","status-publish","has-post-thumbnail","hentry","product_cat-akcesoria-dekoracyjne-chrzest-swiety-zawieszka-z-grawerem"],"_links":{"self":[{"href":"https:\/\/new.decoczar.pl\/index.php\/wp-json\/wp\/v2\/product\/2808","targetHints":{"allow":["GET"]}}],"collection":[{"href":"https:\/\/new.decoczar.pl\/index.php\/wp-json\/wp\/v2\/product"}],"about":[{"href":"https:\/\/new.decoczar.pl\/index.php\/wp-json\/wp\/v2\/types\/product"}],"replies":[{"embeddable":true,"href":"https:\/\/new.decoczar.pl\/index.php\/wp-json\/wp\/v2\/comments?post=2808"}],"wp:featuredmedia":[{"embeddable":true,"href":"https:\/\/new.decoczar.pl\/index.php\/wp-json\/wp\/v2\/media\/2807"}],"wp:attachment":[{"href":"https:\/\/new.decoczar.pl\/index.php\/wp-json\/wp\/v2\/media?parent=2808"}],"wp:term":[{"taxonomy":"brand","embeddable":true,"href":"https:\/\/new.decoczar.pl\/index.php\/wp-json\/wp\/v2\/etheme_brands?post=2808"},{"taxonomy":"product_cat","embeddable":true,"href":"https:\/\/new.decoczar.pl\/index.php\/wp-json\/wp\/v2\/product_cat?post=2808"},{"taxonomy":"product_tag","embeddable":true,"href":"https:\/\/new.decoczar.pl\/index.php\/wp-json\/wp\/v2\/product_tag?post=2808"}],"curies":[{"name":"wp","href":"https:\/\/api.w.org\/{rel}","templated":true}]}}