{"id":2812,"date":"2022-09-25T10:50:38","date_gmt":"2022-09-25T08:50:38","guid":{"rendered":"https:\/\/new.decoczar.pl\/index.php\/product\/stol-stolik-kawowy-betonowy-imitacja\/"},"modified":"2022-09-25T10:50:38","modified_gmt":"2022-09-25T08:50:38","slug":"stol-stolik-kawowy-betonowy-imitacja","status":"publish","type":"product","link":"https:\/\/new.decoczar.pl\/index.php\/product\/stol-stolik-kawowy-betonowy-imitacja\/","title":{"rendered":"ST\u00d3\u0141\/STOLIK KAWOWY BETONOWY (imitacja)"},"content":{"rendered":"<p>Stolik KAWOWY<\/p>\n<p> \tWymiary: ok 60X70 cm<br \/>\n \tWysoko\u015b\u0107 65 cm<br \/>\n \tWykonany z profila 2&#215;2 cm<br \/>\n \t\u00a0Stela\u017c malowany proszkowo<br \/>\n \tKolor blatu : Atelie ciemny beton<br \/>\n \tMateria\u0142 : P\u0142yta meblowa &#8211; laminat<br \/>\n \tCzas realizacji 21 dni roboczych po zaksi\u0119gowaniu wp\u0142aty<br \/>\n \tGRATIS 4 SZTUKI PODSTAWKI POD KUBEK<br \/>\n \tNak\u0142adki na n\u00f3\u017cki chroni\u0105 pod\u0142og\u0119 przed zarysowaniem<br \/>\n \tMo\u017cliwo\u015b\u0107 wysy\u0142ki koszt 40 zl<\/p>\n","protected":false},"excerpt":{"rendered":"<p>Stolik KAWOWY<\/p>\n<p> \tWymiary: ok 60X70 cm<br \/>\n \tWysoko\u015b\u0107 65 cm<br \/>\n \tWykonany z profila 2&#215;2 cm<br \/>\n \t\u00a0Stela\u017c malowany proszkowo<br \/>\n \tKolor blatu : Atelie ciemny beton<br \/>\n \tMateria\u0142 : P\u0142yta meblowa &#8211; laminat<br \/>\n \tCzas realizacji 21 dni roboczych po zaksi\u0119gowaniu wp\u0142aty<br \/>\n \tGRATIS 4 SZTUKI PODSTAWKI POD KUBEK<br \/>\n \tNak\u0142adki na n\u00f3\u017cki chroni\u0105 pod\u0142og\u0119 przed zarysowaniem<br \/>\n \tMo\u017cliwo\u015b\u0107 wysy\u0142ki koszt 40 zl<\/p>\n","protected":false},"featured_media":2811,"comment_status":"open","ping_status":"closed","template":"","meta":[],"etheme_brands":[],"product_cat":[56],"product_tag":[],"class_list":["post-2812","product","type-product","status-publish","has-post-thumbnail","hentry","product_cat-stoliki-drewniane"],"_links":{"self":[{"href":"https:\/\/new.decoczar.pl\/index.php\/wp-json\/wp\/v2\/product\/2812","targetHints":{"allow":["GET"]}}],"collection":[{"href":"https:\/\/new.decoczar.pl\/index.php\/wp-json\/wp\/v2\/product"}],"about":[{"href":"https:\/\/new.decoczar.pl\/index.php\/wp-json\/wp\/v2\/types\/product"}],"replies":[{"embeddable":true,"href":"https:\/\/new.decoczar.pl\/index.php\/wp-json\/wp\/v2\/comments?post=2812"}],"wp:featuredmedia":[{"embeddable":true,"href":"https:\/\/new.decoczar.pl\/index.php\/wp-json\/wp\/v2\/media\/2811"}],"wp:attachment":[{"href":"https:\/\/new.decoczar.pl\/index.php\/wp-json\/wp\/v2\/media?parent=2812"}],"wp:term":[{"taxonomy":"brand","embeddable":true,"href":"https:\/\/new.decoczar.pl\/index.php\/wp-json\/wp\/v2\/etheme_brands?post=2812"},{"taxonomy":"product_cat","embeddable":true,"href":"https:\/\/new.decoczar.pl\/index.php\/wp-json\/wp\/v2\/product_cat?post=2812"},{"taxonomy":"product_tag","embeddable":true,"href":"https:\/\/new.decoczar.pl\/index.php\/wp-json\/wp\/v2\/product_tag?post=2812"}],"curies":[{"name":"wp","href":"https:\/\/api.w.org\/{rel}","templated":true}]}}