{"id":28167,"date":"2025-07-04T17:15:32","date_gmt":"2025-07-04T15:15:32","guid":{"rendered":"http:\/\/new.decoczar.pl\/index.php\/product\/stopka-nogi-noga-nozka-do-stolika-3-szt-65\/"},"modified":"2025-07-04T17:15:32","modified_gmt":"2025-07-04T15:15:32","slug":"stopka-nogi-noga-nozka-do-stolika-3-szt-65","status":"publish","type":"product","link":"https:\/\/new.decoczar.pl\/index.php\/product\/stopka-nogi-noga-nozka-do-stolika-3-szt-65\/","title":{"rendered":"Stopka Nogi Noga N\u00f3\u017cka do stolika (3 szt )"},"content":{"rendered":"<p>Cechy produktu :<\/p>\n<p> \tWysoko\u015b\u0107 :\u00a0 40 cm<br \/>\n \tMateria\u0142 : Stal<br \/>\n \t\u015arednica rurki ok 3 cm<br \/>\n \tCztery otwory monta\u017cowe<br \/>\n \tDost\u0119pny kolor czarny \/ z\u0142oty<br \/>\n \tW uwagach do zam\u00f3wienia prosz\u0119 wpisa\u0107 kolor lub ewentualnie zmiany<br \/>\n \tOg\u0142oszenie dotyczy 3 sztuk<br \/>\n \tCzas realizacji 10 dni roboczych<\/p>\n","protected":false},"excerpt":{"rendered":"<p>Cechy produktu :<\/p>\n<p> \tWysoko\u015b\u0107 :\u00a0 40 cm<br \/>\n \tMateria\u0142 : Stal<br \/>\n \t\u015arednica rurki ok 3 cm<br \/>\n \tCztery otwory monta\u017cowe<br \/>\n \tDost\u0119pny kolor czarny \/ z\u0142oty<br \/>\n \tW uwagach do zam\u00f3wienia prosz\u0119 wpisa\u0107 kolor lub ewentualnie zmiany<br \/>\n \tOg\u0142oszenie dotyczy 3 sztuk<br \/>\n \tCzas realizacji 10 dni roboczych<\/p>\n","protected":false},"featured_media":4603,"comment_status":"open","ping_status":"closed","template":"","meta":[],"etheme_brands":[],"product_cat":[50],"product_tag":[],"class_list":["post-28167","product","type-product","status-publish","has-post-thumbnail","hentry","product_cat-podstawy-metalowe-stelaze-stojaki"],"_links":{"self":[{"href":"https:\/\/new.decoczar.pl\/index.php\/wp-json\/wp\/v2\/product\/28167","targetHints":{"allow":["GET"]}}],"collection":[{"href":"https:\/\/new.decoczar.pl\/index.php\/wp-json\/wp\/v2\/product"}],"about":[{"href":"https:\/\/new.decoczar.pl\/index.php\/wp-json\/wp\/v2\/types\/product"}],"replies":[{"embeddable":true,"href":"https:\/\/new.decoczar.pl\/index.php\/wp-json\/wp\/v2\/comments?post=28167"}],"wp:featuredmedia":[{"embeddable":true,"href":"https:\/\/new.decoczar.pl\/index.php\/wp-json\/wp\/v2\/media\/4603"}],"wp:attachment":[{"href":"https:\/\/new.decoczar.pl\/index.php\/wp-json\/wp\/v2\/media?parent=28167"}],"wp:term":[{"taxonomy":"brand","embeddable":true,"href":"https:\/\/new.decoczar.pl\/index.php\/wp-json\/wp\/v2\/etheme_brands?post=28167"},{"taxonomy":"product_cat","embeddable":true,"href":"https:\/\/new.decoczar.pl\/index.php\/wp-json\/wp\/v2\/product_cat?post=28167"},{"taxonomy":"product_tag","embeddable":true,"href":"https:\/\/new.decoczar.pl\/index.php\/wp-json\/wp\/v2\/product_tag?post=28167"}],"curies":[{"name":"wp","href":"https:\/\/api.w.org\/{rel}","templated":true}]}}