{"id":2841,"date":"2022-09-25T20:58:06","date_gmt":"2022-09-25T18:58:06","guid":{"rendered":"https:\/\/new.decoczar.pl\/index.php\/product\/konsola-przyscienna-toaletka\/"},"modified":"2022-09-25T20:58:06","modified_gmt":"2022-09-25T18:58:06","slug":"konsola-przyscienna-toaletka","status":"publish","type":"product","link":"https:\/\/new.decoczar.pl\/index.php\/product\/konsola-przyscienna-toaletka\/","title":{"rendered":"Konsola przy\u015bcienna, toaletka"},"content":{"rendered":"<p>Stolik drewniany<\/p>\n<p> \tWymiary 70&#215;30 cm<br \/>\n \tGrubo\u015b\u0107 plastra oko\u0142o 8-10 cm<br \/>\n \tWysoko\u015b\u0107 wraz z nogami ok 85 cm<br \/>\n \tCzas realizacji 21 dni roboczych po zaksi\u0119gowaniu wp\u0142aty<br \/>\n \tGRATIS 4 SZTUKI PODSTAWKI POD KUBEK<br \/>\n \tMo\u017cliwo\u015b\u0107 wysy\u0142ki 40 z\u0142<\/p>\n","protected":false},"excerpt":{"rendered":"<p>Stolik drewniany<\/p>\n<p> \tWymiary 70&#215;30 cm<br \/>\n \tGrubo\u015b\u0107 plastra oko\u0142o 8-10 cm<br \/>\n \tWysoko\u015b\u0107 wraz z nogami ok 85 cm<br \/>\n \tCzas realizacji 21 dni roboczych po zaksi\u0119gowaniu wp\u0142aty<br \/>\n \tGRATIS 4 SZTUKI PODSTAWKI POD KUBEK<br \/>\n \tMo\u017cliwo\u015b\u0107 wysy\u0142ki 40 z\u0142<\/p>\n","protected":false},"featured_media":2840,"comment_status":"open","ping_status":"closed","template":"","meta":[],"etheme_brands":[],"product_cat":[56],"product_tag":[],"class_list":["post-2841","product","type-product","status-publish","has-post-thumbnail","hentry","product_cat-stoliki-drewniane"],"_links":{"self":[{"href":"https:\/\/new.decoczar.pl\/index.php\/wp-json\/wp\/v2\/product\/2841","targetHints":{"allow":["GET"]}}],"collection":[{"href":"https:\/\/new.decoczar.pl\/index.php\/wp-json\/wp\/v2\/product"}],"about":[{"href":"https:\/\/new.decoczar.pl\/index.php\/wp-json\/wp\/v2\/types\/product"}],"replies":[{"embeddable":true,"href":"https:\/\/new.decoczar.pl\/index.php\/wp-json\/wp\/v2\/comments?post=2841"}],"wp:featuredmedia":[{"embeddable":true,"href":"https:\/\/new.decoczar.pl\/index.php\/wp-json\/wp\/v2\/media\/2840"}],"wp:attachment":[{"href":"https:\/\/new.decoczar.pl\/index.php\/wp-json\/wp\/v2\/media?parent=2841"}],"wp:term":[{"taxonomy":"brand","embeddable":true,"href":"https:\/\/new.decoczar.pl\/index.php\/wp-json\/wp\/v2\/etheme_brands?post=2841"},{"taxonomy":"product_cat","embeddable":true,"href":"https:\/\/new.decoczar.pl\/index.php\/wp-json\/wp\/v2\/product_cat?post=2841"},{"taxonomy":"product_tag","embeddable":true,"href":"https:\/\/new.decoczar.pl\/index.php\/wp-json\/wp\/v2\/product_tag?post=2841"}],"curies":[{"name":"wp","href":"https:\/\/api.w.org\/{rel}","templated":true}]}}