{"id":28425,"date":"2025-07-11T17:40:57","date_gmt":"2025-07-11T15:40:57","guid":{"rendered":"https:\/\/new.decoczar.pl\/index.php\/product\/nogi-do-konsoli-metalowe-loft-66\/"},"modified":"2025-07-11T17:40:57","modified_gmt":"2025-07-11T15:40:57","slug":"nogi-do-konsoli-metalowe-loft-66","status":"publish","type":"product","link":"https:\/\/new.decoczar.pl\/index.php\/product\/nogi-do-konsoli-metalowe-loft-66\/","title":{"rendered":"NOGI DO KONSOLI METALOWE LOFT"},"content":{"rendered":"<p>Cechy produktu :<\/p>\n<p> \tWysoko\u015b\u0107 80 cm, g\u0142\u0119boko\u015b\u0107 20 cm<br \/>\n \tMalowane proszkowo<br \/>\n \tWysy\u0142ka 40 z\u0142 \u2013 TYLKO WP\u0141ATA NA KONTO<br \/>\n \tKolor Czarny mat<br \/>\n \tProfil 1\u00d74 cm<br \/>\n \tCzas realizacji 21 dni roboczych po zaksi\u0119gowaniu wp\u0142aty<br \/>\n \tNIE WYSY\u0141AM ZA POBRANIEM<br \/>\n \tProdukt posiada\u00a0 otwory monta\u017cowe i z \u0142atwo\u015bci\u0105 mo\u017cna\u00a0 je przykr\u0119ci\u0107 do blatu\u00a0poprzez przykr\u0119cenie\u00a0 wkr\u0119t\u00f3w od do\u0142u<br \/>\n \tDbamy o Twoje wn\u0119trze!&#x2611;&#xfe0f;\u00a0Dlatego pod ka\u017cd\u0105 nog\u0119 przyklejamy podk\u0142adk\u0119 ze specjalnego filcu, kt\u00f3ry\u00a0chroni Twoj\u0105 pod\u0142og\u0119 przed zarysowaniami<br \/>\n \tProdukt w ca\u0142o\u015bci wykonany w Polsce. Kupuj\u0105c u nas wspierasz Polsk\u0105 przedsi\u0119biorczo\u015b\u0107<\/p>\n","protected":false},"excerpt":{"rendered":"<p>Cechy produktu :<\/p>\n<p> \tWysoko\u015b\u0107 80 cm, g\u0142\u0119boko\u015b\u0107 20 cm<br \/>\n \tMalowane proszkowo<br \/>\n \tWysy\u0142ka 40 z\u0142 \u2013 TYLKO WP\u0141ATA NA KONTO<br \/>\n \tKolor Czarny mat<br \/>\n \tProfil 1\u00d74 cm<br \/>\n \tCzas realizacji 21 dni roboczych po zaksi\u0119gowaniu wp\u0142aty<br \/>\n \tNIE WYSY\u0141AM ZA POBRANIEM<br \/>\n \tProdukt posiada\u00a0 otwory monta\u017cowe i z \u0142atwo\u015bci\u0105 mo\u017cna\u00a0 je przykr\u0119ci\u0107 do blatu\u00a0poprzez przykr\u0119cenie\u00a0 wkr\u0119t\u00f3w od do\u0142u<br \/>\n \tDbamy o Twoje wn\u0119trze!&#x2611;&#xfe0f;\u00a0Dlatego pod ka\u017cd\u0105 nog\u0119 przyklejamy podk\u0142adk\u0119 ze specjalnego filcu, kt\u00f3ry\u00a0chroni Twoj\u0105 pod\u0142og\u0119 przed zarysowaniami<br \/>\n \tProdukt w ca\u0142o\u015bci wykonany w Polsce. Kupuj\u0105c u nas wspierasz Polsk\u0105 przedsi\u0119biorczo\u015b\u0107<\/p>\n","protected":false},"featured_media":4560,"comment_status":"open","ping_status":"closed","template":"","meta":[],"etheme_brands":[],"product_cat":[50],"product_tag":[],"class_list":["post-28425","product","type-product","status-publish","has-post-thumbnail","hentry","product_cat-podstawy-metalowe-stelaze-stojaki"],"_links":{"self":[{"href":"https:\/\/new.decoczar.pl\/index.php\/wp-json\/wp\/v2\/product\/28425","targetHints":{"allow":["GET"]}}],"collection":[{"href":"https:\/\/new.decoczar.pl\/index.php\/wp-json\/wp\/v2\/product"}],"about":[{"href":"https:\/\/new.decoczar.pl\/index.php\/wp-json\/wp\/v2\/types\/product"}],"replies":[{"embeddable":true,"href":"https:\/\/new.decoczar.pl\/index.php\/wp-json\/wp\/v2\/comments?post=28425"}],"wp:featuredmedia":[{"embeddable":true,"href":"https:\/\/new.decoczar.pl\/index.php\/wp-json\/wp\/v2\/media\/4560"}],"wp:attachment":[{"href":"https:\/\/new.decoczar.pl\/index.php\/wp-json\/wp\/v2\/media?parent=28425"}],"wp:term":[{"taxonomy":"brand","embeddable":true,"href":"https:\/\/new.decoczar.pl\/index.php\/wp-json\/wp\/v2\/etheme_brands?post=28425"},{"taxonomy":"product_cat","embeddable":true,"href":"https:\/\/new.decoczar.pl\/index.php\/wp-json\/wp\/v2\/product_cat?post=28425"},{"taxonomy":"product_tag","embeddable":true,"href":"https:\/\/new.decoczar.pl\/index.php\/wp-json\/wp\/v2\/product_tag?post=28425"}],"curies":[{"name":"wp","href":"https:\/\/api.w.org\/{rel}","templated":true}]}}