{"id":2847,"date":"2022-09-26T03:50:58","date_gmt":"2022-09-26T01:50:58","guid":{"rendered":"http:\/\/new.decoczar.pl\/index.php\/product\/drewniana-skrzyneczka-dla-nauczyciela-gratis\/"},"modified":"2022-09-26T03:50:58","modified_gmt":"2022-09-26T01:50:58","slug":"drewniana-skrzyneczka-dla-nauczyciela-gratis","status":"publish","type":"product","link":"https:\/\/new.decoczar.pl\/index.php\/product\/drewniana-skrzyneczka-dla-nauczyciela-gratis\/","title":{"rendered":"DREWNIANA SKRZYNECZKA DLA NAUCZYCIELA + GRATIS"},"content":{"rendered":"<p>Skrzynka na kwiaty<\/p>\n<p> \tWymiary: szeroko\u015b\u0107: 23,5 cm g\u0142\u0119boko\u015b\u0107: 15,0 cm wysoko\u015b\u0107: 31,5 cm<br \/>\n \tMateria\u0142: naturalne drewno<br \/>\n \tW uwagach do zam\u00f3wienia prosz\u0119 wpisa\u0107 tekst graweru<br \/>\n \tCzas realizacji do 5 dni roboczych po zaksi\u0119gowaniu wp\u0142aty<br \/>\n \tGRATIS MINI TOPPER<br \/>\n \tWYSY\u0141KA TYLKO KURIER \/ POBRANIE\u00a0<\/p>\n","protected":false},"excerpt":{"rendered":"<p>Skrzynka na kwiaty<\/p>\n<p> \tWymiary: szeroko\u015b\u0107: 23,5 cm g\u0142\u0119boko\u015b\u0107: 15,0 cm wysoko\u015b\u0107: 31,5 cm<br \/>\n \tMateria\u0142: naturalne drewno<br \/>\n \tW uwagach do zam\u00f3wienia prosz\u0119 wpisa\u0107 tekst graweru<br \/>\n \tCzas realizacji do 5 dni roboczych po zaksi\u0119gowaniu wp\u0142aty<br \/>\n \tGRATIS MINI TOPPER<br \/>\n \tWYSY\u0141KA TYLKO KURIER \/ POBRANIE\u00a0<\/p>\n","protected":false},"featured_media":2846,"comment_status":"open","ping_status":"closed","template":"","meta":[],"etheme_brands":[],"product_cat":[77],"product_tag":[],"class_list":["post-2847","product","type-product","status-publish","has-post-thumbnail","hentry","product_cat-dzien-nauczyciela-zakonczenie-roku"],"_links":{"self":[{"href":"https:\/\/new.decoczar.pl\/index.php\/wp-json\/wp\/v2\/product\/2847","targetHints":{"allow":["GET"]}}],"collection":[{"href":"https:\/\/new.decoczar.pl\/index.php\/wp-json\/wp\/v2\/product"}],"about":[{"href":"https:\/\/new.decoczar.pl\/index.php\/wp-json\/wp\/v2\/types\/product"}],"replies":[{"embeddable":true,"href":"https:\/\/new.decoczar.pl\/index.php\/wp-json\/wp\/v2\/comments?post=2847"}],"wp:featuredmedia":[{"embeddable":true,"href":"https:\/\/new.decoczar.pl\/index.php\/wp-json\/wp\/v2\/media\/2846"}],"wp:attachment":[{"href":"https:\/\/new.decoczar.pl\/index.php\/wp-json\/wp\/v2\/media?parent=2847"}],"wp:term":[{"taxonomy":"brand","embeddable":true,"href":"https:\/\/new.decoczar.pl\/index.php\/wp-json\/wp\/v2\/etheme_brands?post=2847"},{"taxonomy":"product_cat","embeddable":true,"href":"https:\/\/new.decoczar.pl\/index.php\/wp-json\/wp\/v2\/product_cat?post=2847"},{"taxonomy":"product_tag","embeddable":true,"href":"https:\/\/new.decoczar.pl\/index.php\/wp-json\/wp\/v2\/product_tag?post=2847"}],"curies":[{"name":"wp","href":"https:\/\/api.w.org\/{rel}","templated":true}]}}