{"id":2856,"date":"2022-09-27T02:07:35","date_gmt":"2022-09-27T00:07:35","guid":{"rendered":"http:\/\/new.decoczar.pl\/index.php\/product\/metalowy-stojak-na-lampiony-150-cm-czarny\/"},"modified":"2022-09-27T02:07:35","modified_gmt":"2022-09-27T00:07:35","slug":"metalowy-stojak-na-lampiony-150-cm-czarny","status":"publish","type":"product","link":"https:\/\/new.decoczar.pl\/index.php\/product\/metalowy-stojak-na-lampiony-150-cm-czarny\/","title":{"rendered":"METALOWY STOJAK NA LAMPIONY 150 CM CZARNY"},"content":{"rendered":"<p>Stojak Metalowy<\/p>\n<p> \tWymiary 150 cm wysoko\u015b\u0107<br \/>\n \tKolor dost\u0119pny czarny<br \/>\n \tCzas realizacji do 10-14\u00a0 dni roboczych po zaksi\u0119gowaniu wp\u0142aty<br \/>\n \tIstnieje mo\u017cliwo\u015b\u0107 zam\u00f3wienia indywidualnego pod wymiar.<br \/>\n \tMasz pytania &#8211; napisz do nas sklep@decoczar.pl<br \/>\n \tStojak sk\u0142ada si\u0119 z 2 element\u00f3w<br \/>\n \tNIE WYSY\u0141AM ZA POBRANIEM &#8211; TYLKO WP\u0141ATA NA KONTO\u00a0<br \/>\n \tWYSY\u0141KA TYLKO KURIER METAL !!!\u00a0 (23 Z\u0141)<\/p>\n<p>\u00a0<\/p>\n","protected":false},"excerpt":{"rendered":"<p>Stojak Metalowy<\/p>\n<p> \tWymiary 150 cm wysoko\u015b\u0107<br \/>\n \tKolor dost\u0119pny czarny<br \/>\n \tCzas realizacji do 10-14\u00a0 dni roboczych po zaksi\u0119gowaniu wp\u0142aty<br \/>\n \tIstnieje mo\u017cliwo\u015b\u0107 zam\u00f3wienia indywidualnego pod wymiar.<br \/>\n \tMasz pytania &#8211; napisz do nas sklep@decoczar.pl<br \/>\n \tStojak sk\u0142ada si\u0119 z 2 element\u00f3w<br \/>\n \tNIE WYSY\u0141AM ZA POBRANIEM &#8211; TYLKO WP\u0141ATA NA KONTO\u00a0<br \/>\n \tWYSY\u0141KA TYLKO KURIER METAL !!!\u00a0 (23 Z\u0141)<\/p>\n<p>\u00a0<\/p>\n","protected":false},"featured_media":2855,"comment_status":"open","ping_status":"closed","template":"","meta":[],"etheme_brands":[],"product_cat":[50],"product_tag":[],"class_list":["post-2856","product","type-product","status-publish","has-post-thumbnail","hentry","product_cat-podstawy-metalowe-stelaze-stojaki"],"_links":{"self":[{"href":"https:\/\/new.decoczar.pl\/index.php\/wp-json\/wp\/v2\/product\/2856","targetHints":{"allow":["GET"]}}],"collection":[{"href":"https:\/\/new.decoczar.pl\/index.php\/wp-json\/wp\/v2\/product"}],"about":[{"href":"https:\/\/new.decoczar.pl\/index.php\/wp-json\/wp\/v2\/types\/product"}],"replies":[{"embeddable":true,"href":"https:\/\/new.decoczar.pl\/index.php\/wp-json\/wp\/v2\/comments?post=2856"}],"wp:featuredmedia":[{"embeddable":true,"href":"https:\/\/new.decoczar.pl\/index.php\/wp-json\/wp\/v2\/media\/2855"}],"wp:attachment":[{"href":"https:\/\/new.decoczar.pl\/index.php\/wp-json\/wp\/v2\/media?parent=2856"}],"wp:term":[{"taxonomy":"brand","embeddable":true,"href":"https:\/\/new.decoczar.pl\/index.php\/wp-json\/wp\/v2\/etheme_brands?post=2856"},{"taxonomy":"product_cat","embeddable":true,"href":"https:\/\/new.decoczar.pl\/index.php\/wp-json\/wp\/v2\/product_cat?post=2856"},{"taxonomy":"product_tag","embeddable":true,"href":"https:\/\/new.decoczar.pl\/index.php\/wp-json\/wp\/v2\/product_tag?post=2856"}],"curies":[{"name":"wp","href":"https:\/\/api.w.org\/{rel}","templated":true}]}}