{"id":28731,"date":"2025-07-18T17:58:44","date_gmt":"2025-07-18T15:58:44","guid":{"rendered":"https:\/\/new.decoczar.pl\/index.php\/product\/stelaz-regalu-loft-metalowy-na-zamowienie-67\/"},"modified":"2025-07-18T17:58:44","modified_gmt":"2025-07-18T15:58:44","slug":"stelaz-regalu-loft-metalowy-na-zamowienie-67","status":"publish","type":"product","link":"https:\/\/new.decoczar.pl\/index.php\/product\/stelaz-regalu-loft-metalowy-na-zamowienie-67\/","title":{"rendered":"Stela\u017c rega\u0142u loft metalowy (na zam\u00f3wienie)"},"content":{"rendered":"<p>Cechy produktu :<\/p>\n<p> \tWysoko\u015b\u0107 : na zam\u00f3wienie<br \/>\n \tG\u0142\u0119boko\u015b\u0107 na zam\u00f3wienie<br \/>\n \tProfil 2&#215;2 cm<br \/>\n \tMalowany proszkowo<br \/>\n \tCzas realizacji 21 dni roboczych po zaksi\u0119gowaniu wp\u0142aty<br \/>\n \tStojak wykonany w 100% r\u0119cznie,<br \/>\n \tPodstawa wykonana starannie z profilu. Elementy ci\u0119te do k\u0105ta, spawane i szlifowane.<br \/>\n \tRealizacja tylko po wp\u0142acie &#8211; odbi\u00f3r osobisty Warszawa Br\u00f3dno b\u0105dz okolice Legionowa<\/p>\n<p>\u00a0<\/p>\n","protected":false},"excerpt":{"rendered":"<p>Cechy produktu :<\/p>\n<p> \tWysoko\u015b\u0107 : na zam\u00f3wienie<br \/>\n \tG\u0142\u0119boko\u015b\u0107 na zam\u00f3wienie<br \/>\n \tProfil 2&#215;2 cm<br \/>\n \tMalowany proszkowo<br \/>\n \tCzas realizacji 21 dni roboczych po zaksi\u0119gowaniu wp\u0142aty<br \/>\n \tStojak wykonany w 100% r\u0119cznie,<br \/>\n \tPodstawa wykonana starannie z profilu. Elementy ci\u0119te do k\u0105ta, spawane i szlifowane.<br \/>\n \tRealizacja tylko po wp\u0142acie &#8211; odbi\u00f3r osobisty Warszawa Br\u00f3dno b\u0105dz okolice Legionowa<\/p>\n<p>\u00a0<\/p>\n","protected":false},"featured_media":4663,"comment_status":"open","ping_status":"closed","template":"","meta":[],"etheme_brands":[],"product_cat":[50],"product_tag":[],"class_list":["post-28731","product","type-product","status-publish","has-post-thumbnail","hentry","product_cat-podstawy-metalowe-stelaze-stojaki"],"_links":{"self":[{"href":"https:\/\/new.decoczar.pl\/index.php\/wp-json\/wp\/v2\/product\/28731","targetHints":{"allow":["GET"]}}],"collection":[{"href":"https:\/\/new.decoczar.pl\/index.php\/wp-json\/wp\/v2\/product"}],"about":[{"href":"https:\/\/new.decoczar.pl\/index.php\/wp-json\/wp\/v2\/types\/product"}],"replies":[{"embeddable":true,"href":"https:\/\/new.decoczar.pl\/index.php\/wp-json\/wp\/v2\/comments?post=28731"}],"wp:featuredmedia":[{"embeddable":true,"href":"https:\/\/new.decoczar.pl\/index.php\/wp-json\/wp\/v2\/media\/4663"}],"wp:attachment":[{"href":"https:\/\/new.decoczar.pl\/index.php\/wp-json\/wp\/v2\/media?parent=28731"}],"wp:term":[{"taxonomy":"brand","embeddable":true,"href":"https:\/\/new.decoczar.pl\/index.php\/wp-json\/wp\/v2\/etheme_brands?post=28731"},{"taxonomy":"product_cat","embeddable":true,"href":"https:\/\/new.decoczar.pl\/index.php\/wp-json\/wp\/v2\/product_cat?post=28731"},{"taxonomy":"product_tag","embeddable":true,"href":"https:\/\/new.decoczar.pl\/index.php\/wp-json\/wp\/v2\/product_tag?post=28731"}],"curies":[{"name":"wp","href":"https:\/\/api.w.org\/{rel}","templated":true}]}}