{"id":2875,"date":"2022-09-27T12:23:42","date_gmt":"2022-09-27T10:23:42","guid":{"rendered":"http:\/\/new.decoczar.pl\/index.php\/product\/stolik-kawowy-asymetryczny-gratis\/"},"modified":"2022-09-27T12:23:42","modified_gmt":"2022-09-27T10:23:42","slug":"stolik-kawowy-asymetryczny-gratis","status":"publish","type":"product","link":"https:\/\/new.decoczar.pl\/index.php\/product\/stolik-kawowy-asymetryczny-gratis\/","title":{"rendered":"STOLIK KAWOWY ASYMETRYCZNY + GRATIS"},"content":{"rendered":"<p>Stolik Kawowy<\/p>\n<p> \tWymiary \u015brednica ok 60&#215;75 cm<br \/>\n \tGrubo\u015b\u0107 plastra oko\u0142o 10 cm<br \/>\n \tWysoko\u015b\u0107 n\u00f3\u017cek 40 cm<br \/>\n \tNogi malowane proszkowo<br \/>\n \tCzas realizacji -21 dni roboczych po zaksi\u0119gowaniu wp\u0142aty<br \/>\n \tMo\u017cliwo\u015b\u0107 wysy\u0142ki 60 z\u0142<br \/>\n \tZam\u00f3wienie realizujemy po wp\u0142acie na konto &#8211; nie wysy\u0142am za pobraniem<\/p>\n","protected":false},"excerpt":{"rendered":"<p>Stolik Kawowy<\/p>\n<p> \tWymiary \u015brednica ok 60&#215;75 cm<br \/>\n \tGrubo\u015b\u0107 plastra oko\u0142o 10 cm<br \/>\n \tWysoko\u015b\u0107 n\u00f3\u017cek 40 cm<br \/>\n \tNogi malowane proszkowo<br \/>\n \tCzas realizacji -21 dni roboczych po zaksi\u0119gowaniu wp\u0142aty<br \/>\n \tMo\u017cliwo\u015b\u0107 wysy\u0142ki 60 z\u0142<br \/>\n \tZam\u00f3wienie realizujemy po wp\u0142acie na konto &#8211; nie wysy\u0142am za pobraniem<\/p>\n","protected":false},"featured_media":2874,"comment_status":"open","ping_status":"closed","template":"","meta":[],"etheme_brands":[],"product_cat":[56],"product_tag":[],"class_list":["post-2875","product","type-product","status-publish","has-post-thumbnail","hentry","product_cat-stoliki-drewniane"],"_links":{"self":[{"href":"https:\/\/new.decoczar.pl\/index.php\/wp-json\/wp\/v2\/product\/2875","targetHints":{"allow":["GET"]}}],"collection":[{"href":"https:\/\/new.decoczar.pl\/index.php\/wp-json\/wp\/v2\/product"}],"about":[{"href":"https:\/\/new.decoczar.pl\/index.php\/wp-json\/wp\/v2\/types\/product"}],"replies":[{"embeddable":true,"href":"https:\/\/new.decoczar.pl\/index.php\/wp-json\/wp\/v2\/comments?post=2875"}],"wp:featuredmedia":[{"embeddable":true,"href":"https:\/\/new.decoczar.pl\/index.php\/wp-json\/wp\/v2\/media\/2874"}],"wp:attachment":[{"href":"https:\/\/new.decoczar.pl\/index.php\/wp-json\/wp\/v2\/media?parent=2875"}],"wp:term":[{"taxonomy":"brand","embeddable":true,"href":"https:\/\/new.decoczar.pl\/index.php\/wp-json\/wp\/v2\/etheme_brands?post=2875"},{"taxonomy":"product_cat","embeddable":true,"href":"https:\/\/new.decoczar.pl\/index.php\/wp-json\/wp\/v2\/product_cat?post=2875"},{"taxonomy":"product_tag","embeddable":true,"href":"https:\/\/new.decoczar.pl\/index.php\/wp-json\/wp\/v2\/product_tag?post=2875"}],"curies":[{"name":"wp","href":"https:\/\/api.w.org\/{rel}","templated":true}]}}