{"id":2885,"date":"2022-10-06T21:56:19","date_gmt":"2022-10-06T19:56:19","guid":{"rendered":"https:\/\/new.decoczar.pl\/index.php\/product\/topper-dla-mamy\/"},"modified":"2022-10-06T21:56:19","modified_gmt":"2022-10-06T19:56:19","slug":"topper-dla-mamy","status":"publish","type":"product","link":"https:\/\/new.decoczar.pl\/index.php\/product\/topper-dla-mamy\/","title":{"rendered":"TOPPER DLA MAMY"},"content":{"rendered":"<p>Zak\u0142adka<\/p>\n<p> \tWymiary\u00a0 serca 10&#215;10 cm<br \/>\n \tMateria\u0142 Sklejka drewniana 3 mm<br \/>\n \tGrawer wykonany jest z du\u017c\u0105 dok\u0142adno\u015bci\u0105 i staranno\u015bci\u0105.<br \/>\n \tW uwagach do zam\u00f3wienia prosz\u0119 wpisa\u0107 wz\u00f3r<br \/>\n \tCzas realizacji do 5 dni roboczych po zaksi\u0119gowaniu wp\u0142aty<br \/>\n \tWysy\u0142ka kurier \/kurier pobranie<\/p>\n","protected":false},"excerpt":{"rendered":"<p>Zak\u0142adka<\/p>\n<p> \tWymiary\u00a0 serca 10&#215;10 cm<br \/>\n \tMateria\u0142 Sklejka drewniana 3 mm<br \/>\n \tGrawer wykonany jest z du\u017c\u0105 dok\u0142adno\u015bci\u0105 i staranno\u015bci\u0105.<br \/>\n \tW uwagach do zam\u00f3wienia prosz\u0119 wpisa\u0107 wz\u00f3r<br \/>\n \tCzas realizacji do 5 dni roboczych po zaksi\u0119gowaniu wp\u0142aty<br \/>\n \tWysy\u0142ka kurier \/kurier pobranie<\/p>\n","protected":false},"featured_media":2884,"comment_status":"open","ping_status":"closed","template":"","meta":[],"etheme_brands":[],"product_cat":[113],"product_tag":[],"class_list":["post-2885","product","type-product","status-publish","has-post-thumbnail","hentry","product_cat-dzien-matki-topper"],"_links":{"self":[{"href":"https:\/\/new.decoczar.pl\/index.php\/wp-json\/wp\/v2\/product\/2885","targetHints":{"allow":["GET"]}}],"collection":[{"href":"https:\/\/new.decoczar.pl\/index.php\/wp-json\/wp\/v2\/product"}],"about":[{"href":"https:\/\/new.decoczar.pl\/index.php\/wp-json\/wp\/v2\/types\/product"}],"replies":[{"embeddable":true,"href":"https:\/\/new.decoczar.pl\/index.php\/wp-json\/wp\/v2\/comments?post=2885"}],"wp:featuredmedia":[{"embeddable":true,"href":"https:\/\/new.decoczar.pl\/index.php\/wp-json\/wp\/v2\/media\/2884"}],"wp:attachment":[{"href":"https:\/\/new.decoczar.pl\/index.php\/wp-json\/wp\/v2\/media?parent=2885"}],"wp:term":[{"taxonomy":"brand","embeddable":true,"href":"https:\/\/new.decoczar.pl\/index.php\/wp-json\/wp\/v2\/etheme_brands?post=2885"},{"taxonomy":"product_cat","embeddable":true,"href":"https:\/\/new.decoczar.pl\/index.php\/wp-json\/wp\/v2\/product_cat?post=2885"},{"taxonomy":"product_tag","embeddable":true,"href":"https:\/\/new.decoczar.pl\/index.php\/wp-json\/wp\/v2\/product_tag?post=2885"}],"curies":[{"name":"wp","href":"https:\/\/api.w.org\/{rel}","templated":true}]}}