{"id":2920,"date":"2022-10-18T18:05:26","date_gmt":"2022-10-18T16:05:26","guid":{"rendered":"http:\/\/new.decoczar.pl\/index.php\/product\/stol-2-krzesla\/"},"modified":"2022-10-18T18:05:26","modified_gmt":"2022-10-18T16:05:26","slug":"stol-2-krzesla","status":"publish","type":"product","link":"https:\/\/new.decoczar.pl\/index.php\/product\/stol-2-krzesla\/","title":{"rendered":"ST\u00d3\u0141 + 2 KRZES\u0141A"},"content":{"rendered":"<p>St\u00f3\u0142 + 2 krzes\u0142a<\/p>\n<p> \tWymiary sto\u0142u 50 x 80 cm<br \/>\n \tWysoko\u015b\u0107 75 cm<br \/>\n \tKolor n\u00f3g &#8211; bia\u0142y<\/p>\n","protected":false},"excerpt":{"rendered":"<p>St\u00f3\u0142 + 2 krzes\u0142a<\/p>\n<p> \tWymiary sto\u0142u 50 x 80 cm<br \/>\n \tWysoko\u015b\u0107 75 cm<br \/>\n \tKolor n\u00f3g &#8211; bia\u0142y<\/p>\n","protected":false},"featured_media":2919,"comment_status":"open","ping_status":"closed","template":"","meta":[],"etheme_brands":[],"product_cat":[56],"product_tag":[],"class_list":["post-2920","product","type-product","status-publish","has-post-thumbnail","hentry","product_cat-stoliki-drewniane"],"_links":{"self":[{"href":"https:\/\/new.decoczar.pl\/index.php\/wp-json\/wp\/v2\/product\/2920","targetHints":{"allow":["GET"]}}],"collection":[{"href":"https:\/\/new.decoczar.pl\/index.php\/wp-json\/wp\/v2\/product"}],"about":[{"href":"https:\/\/new.decoczar.pl\/index.php\/wp-json\/wp\/v2\/types\/product"}],"replies":[{"embeddable":true,"href":"https:\/\/new.decoczar.pl\/index.php\/wp-json\/wp\/v2\/comments?post=2920"}],"wp:featuredmedia":[{"embeddable":true,"href":"https:\/\/new.decoczar.pl\/index.php\/wp-json\/wp\/v2\/media\/2919"}],"wp:attachment":[{"href":"https:\/\/new.decoczar.pl\/index.php\/wp-json\/wp\/v2\/media?parent=2920"}],"wp:term":[{"taxonomy":"brand","embeddable":true,"href":"https:\/\/new.decoczar.pl\/index.php\/wp-json\/wp\/v2\/etheme_brands?post=2920"},{"taxonomy":"product_cat","embeddable":true,"href":"https:\/\/new.decoczar.pl\/index.php\/wp-json\/wp\/v2\/product_cat?post=2920"},{"taxonomy":"product_tag","embeddable":true,"href":"https:\/\/new.decoczar.pl\/index.php\/wp-json\/wp\/v2\/product_tag?post=2920"}],"curies":[{"name":"wp","href":"https:\/\/api.w.org\/{rel}","templated":true}]}}