{"id":2924,"date":"2022-10-18T18:05:45","date_gmt":"2022-10-18T16:05:45","guid":{"rendered":"http:\/\/new.decoczar.pl\/index.php\/product\/drewniane-tabliczki-z-imieniem-dziewczece\/"},"modified":"2022-10-18T18:05:45","modified_gmt":"2022-10-18T16:05:45","slug":"drewniane-tabliczki-z-imieniem-dziewczece","status":"publish","type":"product","link":"https:\/\/new.decoczar.pl\/index.php\/product\/drewniane-tabliczki-z-imieniem-dziewczece\/","title":{"rendered":"Drewniane tabliczki z imieniem -dziewcz\u0119ce"},"content":{"rendered":"<p>Tabliczki Drewniane<\/p>\n<p> \tWielko\u015b\u0107 jednej tabliczki 11 cm x 11 cm<br \/>\n \tWykonane ze sklejki drewnianej o grubo\u015bci 3 mm<br \/>\n \tKolorowa wst\u0105\u017cka\u00a0<br \/>\n \tKolorowe gwiazdki<br \/>\n \tCzas realizacji do 5 dni roboczych po zaksi\u0119gowaniu wp\u0142aty<br \/>\n \tW uwagach dla klienta prosz\u0119 wpisa\u0107 imi\u0119 dziecka<br \/>\n \tKoszt 1 tabliczki 11,99 z\u0142<br \/>\n \tZamawiaj\u0105c kilka produkt\u00f3w czas realizacji jest d\u0142u\u017cszy<br \/>\n \tProsz\u0119 zam\u00f3wi\u0107 tyle liter ile ma imi\u0119, np: imi\u0119 OLEK \u2013 4 szt tabliczki<\/p>\n<p>WYSY\u0141KA TYLKO KURIER \/ POBRANIE<\/p>\n","protected":false},"excerpt":{"rendered":"<p>Tabliczki Drewniane<\/p>\n<p> \tWielko\u015b\u0107 jednej tabliczki 11 cm x 11 cm<br \/>\n \tWykonane ze sklejki drewnianej o grubo\u015bci 3 mm<br \/>\n \tKolorowa wst\u0105\u017cka\u00a0<br \/>\n \tKolorowe gwiazdki<br \/>\n \tCzas realizacji do 5 dni roboczych po zaksi\u0119gowaniu wp\u0142aty<br \/>\n \tW uwagach dla klienta prosz\u0119 wpisa\u0107 imi\u0119 dziecka<br \/>\n \tKoszt 1 tabliczki 11,99 z\u0142<br \/>\n \tZamawiaj\u0105c kilka produkt\u00f3w czas realizacji jest d\u0142u\u017cszy<br \/>\n \tProsz\u0119 zam\u00f3wi\u0107 tyle liter ile ma imi\u0119, np: imi\u0119 OLEK \u2013 4 szt tabliczki<\/p>\n<p>WYSY\u0141KA TYLKO KURIER \/ POBRANIE<\/p>\n","protected":false},"featured_media":2923,"comment_status":"open","ping_status":"closed","template":"","meta":[],"etheme_brands":[],"product_cat":[120],"product_tag":[],"class_list":["post-2924","product","type-product","status-publish","has-post-thumbnail","hentry","product_cat-akcesoria-dekoracyjne"],"_links":{"self":[{"href":"https:\/\/new.decoczar.pl\/index.php\/wp-json\/wp\/v2\/product\/2924","targetHints":{"allow":["GET"]}}],"collection":[{"href":"https:\/\/new.decoczar.pl\/index.php\/wp-json\/wp\/v2\/product"}],"about":[{"href":"https:\/\/new.decoczar.pl\/index.php\/wp-json\/wp\/v2\/types\/product"}],"replies":[{"embeddable":true,"href":"https:\/\/new.decoczar.pl\/index.php\/wp-json\/wp\/v2\/comments?post=2924"}],"wp:featuredmedia":[{"embeddable":true,"href":"https:\/\/new.decoczar.pl\/index.php\/wp-json\/wp\/v2\/media\/2923"}],"wp:attachment":[{"href":"https:\/\/new.decoczar.pl\/index.php\/wp-json\/wp\/v2\/media?parent=2924"}],"wp:term":[{"taxonomy":"brand","embeddable":true,"href":"https:\/\/new.decoczar.pl\/index.php\/wp-json\/wp\/v2\/etheme_brands?post=2924"},{"taxonomy":"product_cat","embeddable":true,"href":"https:\/\/new.decoczar.pl\/index.php\/wp-json\/wp\/v2\/product_cat?post=2924"},{"taxonomy":"product_tag","embeddable":true,"href":"https:\/\/new.decoczar.pl\/index.php\/wp-json\/wp\/v2\/product_tag?post=2924"}],"curies":[{"name":"wp","href":"https:\/\/api.w.org\/{rel}","templated":true}]}}