{"id":2933,"date":"2022-10-18T18:06:17","date_gmt":"2022-10-18T16:06:17","guid":{"rendered":"http:\/\/new.decoczar.pl\/index.php\/product\/lustro-pod-swiece-wynajem\/"},"modified":"2022-10-18T18:06:17","modified_gmt":"2022-10-18T16:06:17","slug":"lustro-pod-swiece-wynajem","status":"publish","type":"product","link":"https:\/\/new.decoczar.pl\/index.php\/product\/lustro-pod-swiece-wynajem\/","title":{"rendered":"LUSTRO pod \u015bwiece WYNAJEM"},"content":{"rendered":"<p>Lustro pod \u015bwiece<\/p>\n<p> \tWymiar 25 cm \u015brednica<br \/>\n \tMateria\u0142: Lustro<br \/>\n \tPr\u00f3cz op\u0142aty za wypo\u017cyczenie pobierana jest kaucja zwrotna 150 z\u0142<br \/>\n \twypo\u017cyczalnia dzia\u0142a na terenie ca\u0142ej Polski \u2013 na Pa\u0144stwa \u017cyczenie wysy\u0142amy asortyment w dowolne miejsce<br \/>\n \t\u0141\u0105czny koszt wysy\u0142ki 30-90 z\u0142 w obie strony. ( zale\u017cy od ilo\u015bci zam\u00f3wienia )<br \/>\n \tprzy rezerwacji asortymentu podpisujemy umow\u0119, kt\u00f3ra jest gwarancj\u0105 terminu (umow\u0119 otrzymuj\u0105 Pa\u0144stwo mailem w ci\u0105gu 3 dni od rezerwacji)<br \/>\n \tpo podpisaniu umowy prosimy o wp\u0142acenie zadatku 50 z\u0142<br \/>\n \tpozosta\u0142\u0105 nale\u017cno\u015b\u0107 + kaucj\u0119 zwrotn\u0105 wp\u0142acaj\u0105 Pa\u0144stwo tydzie\u0144 przed weselem<br \/>\n \tkaucja zwracana jest przy zwrocie towaru<br \/>\n \twysy\u0142k\u0119 otrzymuj\u0105 Pa\u0144stwo w\u00a0czwartek lub pi\u0105tek do godz. 12:00 poprzedzaj\u0105cy uroczysto\u015b\u0107<br \/>\n \tzwrot asortymentu do wtorku po uroczysto\u015bci, ewentualnie do \u015brody po wcze\u015bniejszym uzgodnieniu<br \/>\n \tMo\u017cliwy odbi\u00f3r osobisty w Warszawa\u00a0 \u2013 Micha\u0142\u00f3w Regin\u00f3w ( okolice Legionowa)<br \/>\n \tasortyment otrzymuj\u0105 Pa\u0144stwo czysty, \u2013 przygotowany do u\u017cycia<br \/>\n \tZwracany towar musi by\u0107 w stanie niezmienionym (czyste,)<br \/>\n \tIstnieje mo\u017cliwo\u015b\u0107 zwrotu niewyczyszczonych produkt\u00f3w, doliczana jest w\u00f3wczas op\u0142ata za czyszczenie: 2 z\u0142\/szt.<br \/>\n \tEwentualne zniszczenia pokrywane s\u0105 z kaucji<\/p>\n","protected":false},"excerpt":{"rendered":"<p>Lustro pod \u015bwiece<\/p>\n<p> \tWymiar 25 cm \u015brednica<br \/>\n \tMateria\u0142: Lustro<br \/>\n \tPr\u00f3cz op\u0142aty za wypo\u017cyczenie pobierana jest kaucja zwrotna 150 z\u0142<br \/>\n \twypo\u017cyczalnia dzia\u0142a na terenie ca\u0142ej Polski \u2013 na Pa\u0144stwa \u017cyczenie wysy\u0142amy asortyment w dowolne miejsce<br \/>\n \t\u0141\u0105czny koszt wysy\u0142ki 30-90 z\u0142 w obie strony. ( zale\u017cy od ilo\u015bci zam\u00f3wienia )<br \/>\n \tprzy rezerwacji asortymentu podpisujemy umow\u0119, kt\u00f3ra jest gwarancj\u0105 terminu (umow\u0119 otrzymuj\u0105 Pa\u0144stwo mailem w ci\u0105gu 3 dni od rezerwacji)<br \/>\n \tpo podpisaniu umowy prosimy o wp\u0142acenie zadatku 50 z\u0142<br \/>\n \tpozosta\u0142\u0105 nale\u017cno\u015b\u0107 + kaucj\u0119 zwrotn\u0105 wp\u0142acaj\u0105 Pa\u0144stwo tydzie\u0144 przed weselem<br \/>\n \tkaucja zwracana jest przy zwrocie towaru<br \/>\n \twysy\u0142k\u0119 otrzymuj\u0105 Pa\u0144stwo w\u00a0czwartek lub pi\u0105tek do godz. 12:00 poprzedzaj\u0105cy uroczysto\u015b\u0107<br \/>\n \tzwrot asortymentu do wtorku po uroczysto\u015bci, ewentualnie do \u015brody po wcze\u015bniejszym uzgodnieniu<br \/>\n \tMo\u017cliwy odbi\u00f3r osobisty w Warszawa\u00a0 \u2013 Micha\u0142\u00f3w Regin\u00f3w ( okolice Legionowa)<br \/>\n \tasortyment otrzymuj\u0105 Pa\u0144stwo czysty, \u2013 przygotowany do u\u017cycia<br \/>\n \tZwracany towar musi by\u0107 w stanie niezmienionym (czyste,)<br \/>\n \tIstnieje mo\u017cliwo\u015b\u0107 zwrotu niewyczyszczonych produkt\u00f3w, doliczana jest w\u00f3wczas op\u0142ata za czyszczenie: 2 z\u0142\/szt.<br \/>\n \tEwentualne zniszczenia pokrywane s\u0105 z kaucji<\/p>\n","protected":false},"featured_media":2932,"comment_status":"open","ping_status":"closed","template":"","meta":[],"etheme_brands":[],"product_cat":[81],"product_tag":[],"class_list":["post-2933","product","type-product","status-publish","has-post-thumbnail","hentry","product_cat-slub-dekoracje-wynajem-dekoracji"],"_links":{"self":[{"href":"https:\/\/new.decoczar.pl\/index.php\/wp-json\/wp\/v2\/product\/2933","targetHints":{"allow":["GET"]}}],"collection":[{"href":"https:\/\/new.decoczar.pl\/index.php\/wp-json\/wp\/v2\/product"}],"about":[{"href":"https:\/\/new.decoczar.pl\/index.php\/wp-json\/wp\/v2\/types\/product"}],"replies":[{"embeddable":true,"href":"https:\/\/new.decoczar.pl\/index.php\/wp-json\/wp\/v2\/comments?post=2933"}],"wp:featuredmedia":[{"embeddable":true,"href":"https:\/\/new.decoczar.pl\/index.php\/wp-json\/wp\/v2\/media\/2932"}],"wp:attachment":[{"href":"https:\/\/new.decoczar.pl\/index.php\/wp-json\/wp\/v2\/media?parent=2933"}],"wp:term":[{"taxonomy":"brand","embeddable":true,"href":"https:\/\/new.decoczar.pl\/index.php\/wp-json\/wp\/v2\/etheme_brands?post=2933"},{"taxonomy":"product_cat","embeddable":true,"href":"https:\/\/new.decoczar.pl\/index.php\/wp-json\/wp\/v2\/product_cat?post=2933"},{"taxonomy":"product_tag","embeddable":true,"href":"https:\/\/new.decoczar.pl\/index.php\/wp-json\/wp\/v2\/product_tag?post=2933"}],"curies":[{"name":"wp","href":"https:\/\/api.w.org\/{rel}","templated":true}]}}