{"id":29468,"date":"2025-08-01T18:44:29","date_gmt":"2025-08-01T16:44:29","guid":{"rendered":"http:\/\/new.decoczar.pl\/index.php\/product\/spersonalizowane-podziekowania-dla-rodzicow-100\/"},"modified":"2025-08-01T18:44:29","modified_gmt":"2025-08-01T16:44:29","slug":"spersonalizowane-podziekowania-dla-rodzicow-100","status":"publish","type":"product","link":"https:\/\/new.decoczar.pl\/index.php\/product\/spersonalizowane-podziekowania-dla-rodzicow-100\/","title":{"rendered":"SPERSONALIZOWANE PODZI\u0118KOWANIA DLA RODZIC\u00d3W"},"content":{"rendered":"<p>PODZI\u0118KOWANIA DLA RODZIC\u00d3W<\/p>\n<p> \tWymiary wysoko\u015b\u0107 40 cm<br \/>\n \tWymiary szeroko\u015b\u0107 30 cm<br \/>\n \tWymiary serduszek 4&#215;4 cm (serca z grawerem )<br \/>\n \tCzarne t\u0142o<br \/>\n \tIstnieje mo\u017cliwo\u015b\u0107 zaprojektowania wi\u0119kszej ramki<br \/>\n \tWst\u0105\u017cka z kokard\u0105 w dowolnym kolorze przewodnim<\/p>\n","protected":false},"excerpt":{"rendered":"<p>PODZI\u0118KOWANIA DLA RODZIC\u00d3W<\/p>\n<p> \tWymiary wysoko\u015b\u0107 40 cm<br \/>\n \tWymiary szeroko\u015b\u0107 30 cm<br \/>\n \tWymiary serduszek 4&#215;4 cm (serca z grawerem )<br \/>\n \tCzarne t\u0142o<br \/>\n \tIstnieje mo\u017cliwo\u015b\u0107 zaprojektowania wi\u0119kszej ramki<br \/>\n \tWst\u0105\u017cka z kokard\u0105 w dowolnym kolorze przewodnim<\/p>\n","protected":false},"featured_media":3967,"comment_status":"open","ping_status":"closed","template":"","meta":[],"etheme_brands":[],"product_cat":[78],"product_tag":[],"class_list":["post-29468","product","type-product","status-publish","has-post-thumbnail","hentry","product_cat-slub-dekoracje"],"_links":{"self":[{"href":"https:\/\/new.decoczar.pl\/index.php\/wp-json\/wp\/v2\/product\/29468","targetHints":{"allow":["GET"]}}],"collection":[{"href":"https:\/\/new.decoczar.pl\/index.php\/wp-json\/wp\/v2\/product"}],"about":[{"href":"https:\/\/new.decoczar.pl\/index.php\/wp-json\/wp\/v2\/types\/product"}],"replies":[{"embeddable":true,"href":"https:\/\/new.decoczar.pl\/index.php\/wp-json\/wp\/v2\/comments?post=29468"}],"wp:featuredmedia":[{"embeddable":true,"href":"https:\/\/new.decoczar.pl\/index.php\/wp-json\/wp\/v2\/media\/3967"}],"wp:attachment":[{"href":"https:\/\/new.decoczar.pl\/index.php\/wp-json\/wp\/v2\/media?parent=29468"}],"wp:term":[{"taxonomy":"brand","embeddable":true,"href":"https:\/\/new.decoczar.pl\/index.php\/wp-json\/wp\/v2\/etheme_brands?post=29468"},{"taxonomy":"product_cat","embeddable":true,"href":"https:\/\/new.decoczar.pl\/index.php\/wp-json\/wp\/v2\/product_cat?post=29468"},{"taxonomy":"product_tag","embeddable":true,"href":"https:\/\/new.decoczar.pl\/index.php\/wp-json\/wp\/v2\/product_tag?post=29468"}],"curies":[{"name":"wp","href":"https:\/\/api.w.org\/{rel}","templated":true}]}}