{"id":2963,"date":"2022-10-19T18:59:40","date_gmt":"2022-10-19T16:59:40","guid":{"rendered":"http:\/\/new.decoczar.pl\/index.php\/product\/lustro-w-zlotej-ramie-sztaluga-wynajem\/"},"modified":"2022-10-19T18:59:40","modified_gmt":"2022-10-19T16:59:40","slug":"lustro-w-zlotej-ramie-sztaluga-wynajem","status":"publish","type":"product","link":"https:\/\/new.decoczar.pl\/index.php\/product\/lustro-w-zlotej-ramie-sztaluga-wynajem\/","title":{"rendered":"LUSTRO W Z\u0141OTEJ RAMIE + SZTALUGA WYNAJEM"},"content":{"rendered":"<p>Lustro z\u0142ote<\/p>\n<p> \tWymiary lustra z ram\u0105:<br \/>\nwys. 72 cm, szer. 90 cm, gr. 4 cm<br \/>\n \twymiary tafli lustra:<br \/>\n76 cm x 56 cm<br \/>\n \tKolor dost\u0119pny z\u0142oty<br \/>\n \tPr\u00f3cz op\u0142aty za wypo\u017cyczenie pobierana jest kaucja zwrotna 150 z\u0142<br \/>\n \tPrzy rezerwacji asortymentu podpisujemy umow\u0119, kt\u00f3ra jest gwarancj\u0105 terminu (umow\u0119 otrzymuj\u0105 Pa\u0144stwo mailem w ci\u0105gu 3 dni od rezerwacji)<br \/>\n \tpo podpisaniu umowy prosimy o wp\u0142acenie zadatku 50 z\u0142 co daje nam rezerwacj\u0119 terminu<br \/>\n \tpozosta\u0142\u0105 nale\u017cno\u015b\u0107 + kaucj\u0119 zwrotn\u0105 wp\u0142acaj\u0105 Pa\u0144stwo 2 dni przed wypo\u017cyczeniem produktu<br \/>\n \tkaucja zwracana jest przy zwrocie towaru<br \/>\n \tzwrot asortymentu do wtorku po uroczysto\u015bci, ewentualnie do \u015brody po wcze\u015bniejszym uzgodnieniu<br \/>\n \todbi\u00f3r osobisty w Warszawa\u00a0 \u2013 Micha\u0142\u00f3w Regin\u00f3w ( okolice Legionowa)<br \/>\n \tasortyment otrzymuj\u0105 Pa\u0144stwo czysty, \u2013 przygotowany do u\u017cycia<br \/>\n \tzwracany towar musi by\u0107 w stanie niezmienionym (czyste,)<br \/>\n \tewentualne zniszczenia pokrywane s\u0105 z kaucji<br \/>\n \tWymiary Sztalugi<br \/>\n \tSzeroko\u015b\u0107- 60cm<br \/>\n \tWysoko\u015b\u0107- 178cm<\/p>\n","protected":false},"excerpt":{"rendered":"<p>Lustro z\u0142ote<\/p>\n<p> \tWymiary lustra z ram\u0105:<br \/>\nwys. 72 cm, szer. 90 cm, gr. 4 cm<br \/>\n \twymiary tafli lustra:<br \/>\n76 cm x 56 cm<br \/>\n \tKolor dost\u0119pny z\u0142oty<br \/>\n \tPr\u00f3cz op\u0142aty za wypo\u017cyczenie pobierana jest kaucja zwrotna 150 z\u0142<br \/>\n \tPrzy rezerwacji asortymentu podpisujemy umow\u0119, kt\u00f3ra jest gwarancj\u0105 terminu (umow\u0119 otrzymuj\u0105 Pa\u0144stwo mailem w ci\u0105gu 3 dni od rezerwacji)<br \/>\n \tpo podpisaniu umowy prosimy o wp\u0142acenie zadatku 50 z\u0142 co daje nam rezerwacj\u0119 terminu<br \/>\n \tpozosta\u0142\u0105 nale\u017cno\u015b\u0107 + kaucj\u0119 zwrotn\u0105 wp\u0142acaj\u0105 Pa\u0144stwo 2 dni przed wypo\u017cyczeniem produktu<br \/>\n \tkaucja zwracana jest przy zwrocie towaru<br \/>\n \tzwrot asortymentu do wtorku po uroczysto\u015bci, ewentualnie do \u015brody po wcze\u015bniejszym uzgodnieniu<br \/>\n \todbi\u00f3r osobisty w Warszawa\u00a0 \u2013 Micha\u0142\u00f3w Regin\u00f3w ( okolice Legionowa)<br \/>\n \tasortyment otrzymuj\u0105 Pa\u0144stwo czysty, \u2013 przygotowany do u\u017cycia<br \/>\n \tzwracany towar musi by\u0107 w stanie niezmienionym (czyste,)<br \/>\n \tewentualne zniszczenia pokrywane s\u0105 z kaucji<br \/>\n \tWymiary Sztalugi<br \/>\n \tSzeroko\u015b\u0107- 60cm<br \/>\n \tWysoko\u015b\u0107- 178cm<\/p>\n","protected":false},"featured_media":2961,"comment_status":"open","ping_status":"closed","template":"","meta":[],"etheme_brands":[],"product_cat":[81],"product_tag":[],"class_list":["post-2963","product","type-product","status-publish","has-post-thumbnail","hentry","product_cat-slub-dekoracje-wynajem-dekoracji"],"_links":{"self":[{"href":"https:\/\/new.decoczar.pl\/index.php\/wp-json\/wp\/v2\/product\/2963","targetHints":{"allow":["GET"]}}],"collection":[{"href":"https:\/\/new.decoczar.pl\/index.php\/wp-json\/wp\/v2\/product"}],"about":[{"href":"https:\/\/new.decoczar.pl\/index.php\/wp-json\/wp\/v2\/types\/product"}],"replies":[{"embeddable":true,"href":"https:\/\/new.decoczar.pl\/index.php\/wp-json\/wp\/v2\/comments?post=2963"}],"wp:featuredmedia":[{"embeddable":true,"href":"https:\/\/new.decoczar.pl\/index.php\/wp-json\/wp\/v2\/media\/2961"}],"wp:attachment":[{"href":"https:\/\/new.decoczar.pl\/index.php\/wp-json\/wp\/v2\/media?parent=2963"}],"wp:term":[{"taxonomy":"brand","embeddable":true,"href":"https:\/\/new.decoczar.pl\/index.php\/wp-json\/wp\/v2\/etheme_brands?post=2963"},{"taxonomy":"product_cat","embeddable":true,"href":"https:\/\/new.decoczar.pl\/index.php\/wp-json\/wp\/v2\/product_cat?post=2963"},{"taxonomy":"product_tag","embeddable":true,"href":"https:\/\/new.decoczar.pl\/index.php\/wp-json\/wp\/v2\/product_tag?post=2963"}],"curies":[{"name":"wp","href":"https:\/\/api.w.org\/{rel}","templated":true}]}}