{"id":2969,"date":"2022-10-19T18:59:55","date_gmt":"2022-10-19T16:59:55","guid":{"rendered":"http:\/\/new.decoczar.pl\/index.php\/product\/perelkowe-imie\/"},"modified":"2022-10-19T18:59:55","modified_gmt":"2022-10-19T16:59:55","slug":"perelkowe-imie","status":"publish","type":"product","link":"https:\/\/new.decoczar.pl\/index.php\/product\/perelkowe-imie\/","title":{"rendered":"Pere\u0142kowe Imi\u0119"},"content":{"rendered":"<p>Imi\u0119<\/p>\n<p> \tWymiary 19 x 16 cm &#8217;<br \/>\n \tBia\u0142e dekoracyjne pere\u0142ki<br \/>\n \tImi\u0119 jest drewniane 3 mm<br \/>\n \tKolorowa wst\u0105\u017cka oraz kokardka<br \/>\n \tCzas realizacji do 5 dni roboczych po zaksi\u0119gowaniu wp\u0142aty<\/p>\n<p>WYSY\u0141KA TYLKO KURIER | KURIER POBRANIE !!!\u00a0<\/p>\n","protected":false},"excerpt":{"rendered":"<p>Imi\u0119<\/p>\n<p> \tWymiary 19 x 16 cm &#8217;<br \/>\n \tBia\u0142e dekoracyjne pere\u0142ki<br \/>\n \tImi\u0119 jest drewniane 3 mm<br \/>\n \tKolorowa wst\u0105\u017cka oraz kokardka<br \/>\n \tCzas realizacji do 5 dni roboczych po zaksi\u0119gowaniu wp\u0142aty<\/p>\n<p>WYSY\u0141KA TYLKO KURIER | KURIER POBRANIE !!!\u00a0<\/p>\n","protected":false},"featured_media":2968,"comment_status":"open","ping_status":"closed","template":"","meta":[],"etheme_brands":[],"product_cat":[120],"product_tag":[],"class_list":["post-2969","product","type-product","status-publish","has-post-thumbnail","hentry","product_cat-akcesoria-dekoracyjne"],"_links":{"self":[{"href":"https:\/\/new.decoczar.pl\/index.php\/wp-json\/wp\/v2\/product\/2969","targetHints":{"allow":["GET"]}}],"collection":[{"href":"https:\/\/new.decoczar.pl\/index.php\/wp-json\/wp\/v2\/product"}],"about":[{"href":"https:\/\/new.decoczar.pl\/index.php\/wp-json\/wp\/v2\/types\/product"}],"replies":[{"embeddable":true,"href":"https:\/\/new.decoczar.pl\/index.php\/wp-json\/wp\/v2\/comments?post=2969"}],"wp:featuredmedia":[{"embeddable":true,"href":"https:\/\/new.decoczar.pl\/index.php\/wp-json\/wp\/v2\/media\/2968"}],"wp:attachment":[{"href":"https:\/\/new.decoczar.pl\/index.php\/wp-json\/wp\/v2\/media?parent=2969"}],"wp:term":[{"taxonomy":"brand","embeddable":true,"href":"https:\/\/new.decoczar.pl\/index.php\/wp-json\/wp\/v2\/etheme_brands?post=2969"},{"taxonomy":"product_cat","embeddable":true,"href":"https:\/\/new.decoczar.pl\/index.php\/wp-json\/wp\/v2\/product_cat?post=2969"},{"taxonomy":"product_tag","embeddable":true,"href":"https:\/\/new.decoczar.pl\/index.php\/wp-json\/wp\/v2\/product_tag?post=2969"}],"curies":[{"name":"wp","href":"https:\/\/api.w.org\/{rel}","templated":true}]}}