{"id":29739,"date":"2025-08-08T18:57:34","date_gmt":"2025-08-08T16:57:34","guid":{"rendered":"http:\/\/new.decoczar.pl\/index.php\/product\/ksiega-gosci-serce-z-plastrow-drewna-71\/"},"modified":"2025-08-08T18:57:34","modified_gmt":"2025-08-08T16:57:34","slug":"ksiega-gosci-serce-z-plastrow-drewna-71","status":"publish","type":"product","link":"https:\/\/new.decoczar.pl\/index.php\/product\/ksiega-gosci-serce-z-plastrow-drewna-71\/","title":{"rendered":"Ksi\u0119ga Go\u015bci &#8222;Serce z plastr\u00f3w drewna"},"content":{"rendered":"<p>Serce z plastr\u00f3w drewna<\/p>\n<p> \tWymiary ok 55&#215;55 cm<br \/>\n \tPlastry brzozy o r\u00f3\u017cnych\u00a0 \u015brednicach<br \/>\n \tKa\u017cdy plasterek jest oszlifowany<br \/>\n \tPodstawa pod serce ; sklejka<br \/>\n \tZawieszka do zamontowania na \u015bcian\u0119<br \/>\n \t\u015arodek plaster drewna z grawerem<br \/>\n \tMazak czarny<br \/>\n \tCzas realizacji 10 dni roboczych po zaksi\u0119gowaniu wp\u0142aty<br \/>\n \tW uwagach do zam\u00f3wienia prosz\u0119 wpisa\u0107 imiona oraz dat\u0119 \u015blubu<\/p>\n<p>WYSY\u0141KA KURIER TYLKO WP\u0141ATA NA KONTO!!!<\/p>\n<p>\u00a0<\/p>\n","protected":false},"excerpt":{"rendered":"<p>Serce z plastr\u00f3w drewna<\/p>\n<p> \tWymiary ok 55&#215;55 cm<br \/>\n \tPlastry brzozy o r\u00f3\u017cnych\u00a0 \u015brednicach<br \/>\n \tKa\u017cdy plasterek jest oszlifowany<br \/>\n \tPodstawa pod serce ; sklejka<br \/>\n \tZawieszka do zamontowania na \u015bcian\u0119<br \/>\n \t\u015arodek plaster drewna z grawerem<br \/>\n \tMazak czarny<br \/>\n \tCzas realizacji 10 dni roboczych po zaksi\u0119gowaniu wp\u0142aty<br \/>\n \tW uwagach do zam\u00f3wienia prosz\u0119 wpisa\u0107 imiona oraz dat\u0119 \u015blubu<\/p>\n<p>WYSY\u0141KA KURIER TYLKO WP\u0141ATA NA KONTO!!!<\/p>\n<p>\u00a0<\/p>\n","protected":false},"featured_media":3056,"comment_status":"open","ping_status":"closed","template":"","meta":[],"etheme_brands":[],"product_cat":[78],"product_tag":[],"class_list":["post-29739","product","type-product","status-publish","has-post-thumbnail","hentry","product_cat-slub-dekoracje"],"_links":{"self":[{"href":"https:\/\/new.decoczar.pl\/index.php\/wp-json\/wp\/v2\/product\/29739","targetHints":{"allow":["GET"]}}],"collection":[{"href":"https:\/\/new.decoczar.pl\/index.php\/wp-json\/wp\/v2\/product"}],"about":[{"href":"https:\/\/new.decoczar.pl\/index.php\/wp-json\/wp\/v2\/types\/product"}],"replies":[{"embeddable":true,"href":"https:\/\/new.decoczar.pl\/index.php\/wp-json\/wp\/v2\/comments?post=29739"}],"wp:featuredmedia":[{"embeddable":true,"href":"https:\/\/new.decoczar.pl\/index.php\/wp-json\/wp\/v2\/media\/3056"}],"wp:attachment":[{"href":"https:\/\/new.decoczar.pl\/index.php\/wp-json\/wp\/v2\/media?parent=29739"}],"wp:term":[{"taxonomy":"brand","embeddable":true,"href":"https:\/\/new.decoczar.pl\/index.php\/wp-json\/wp\/v2\/etheme_brands?post=29739"},{"taxonomy":"product_cat","embeddable":true,"href":"https:\/\/new.decoczar.pl\/index.php\/wp-json\/wp\/v2\/product_cat?post=29739"},{"taxonomy":"product_tag","embeddable":true,"href":"https:\/\/new.decoczar.pl\/index.php\/wp-json\/wp\/v2\/product_tag?post=29739"}],"curies":[{"name":"wp","href":"https:\/\/api.w.org\/{rel}","templated":true}]}}