{"id":29769,"date":"2025-08-15T19:10:38","date_gmt":"2025-08-15T17:10:38","guid":{"rendered":"https:\/\/new.decoczar.pl\/index.php\/product\/loftowe-lustro-drewniane-z-orzecha-wloskiego-29\/"},"modified":"2025-08-15T19:10:38","modified_gmt":"2025-08-15T17:10:38","slug":"loftowe-lustro-drewniane-z-orzecha-wloskiego-29","status":"publish","type":"product","link":"https:\/\/new.decoczar.pl\/index.php\/product\/loftowe-lustro-drewniane-z-orzecha-wloskiego-29\/","title":{"rendered":"Loftowe lustro drewniane z orzecha w\u0142oskiego"},"content":{"rendered":"<p>Cechy produktu :<\/p>\n<p> \tWymiary: 48 cm x 37 cm, grubo\u015b\u0107 ok 6 cm<br \/>\n \tMateria\u0142: orzech w\u0142oski<br \/>\n \tDrewno zosta\u0142o zabezpieczone wysokiej jako\u015bci olejem do drewna<br \/>\n \tZ ty\u0142u jest do\u0142\u0105czona zawieszka aby powiesi\u0107 lustro<br \/>\n \tPRODUKT POLSKI ! WYKONANY R\u0118CZNIE<\/p>\n","protected":false},"excerpt":{"rendered":"<p>Cechy produktu :<\/p>\n<p> \tWymiary: 48 cm x 37 cm, grubo\u015b\u0107 ok 6 cm<br \/>\n \tMateria\u0142: orzech w\u0142oski<br \/>\n \tDrewno zosta\u0142o zabezpieczone wysokiej jako\u015bci olejem do drewna<br \/>\n \tZ ty\u0142u jest do\u0142\u0105czona zawieszka aby powiesi\u0107 lustro<br \/>\n \tPRODUKT POLSKI ! WYKONANY R\u0118CZNIE<\/p>\n","protected":false},"featured_media":0,"comment_status":"open","ping_status":"closed","template":"","meta":[],"etheme_brands":[],"product_cat":[257],"product_tag":[],"class_list":["post-29769","product","type-product","status-publish","hentry","product_cat-dostepne-od-reki-lustra-z-drewna"],"_links":{"self":[{"href":"https:\/\/new.decoczar.pl\/index.php\/wp-json\/wp\/v2\/product\/29769","targetHints":{"allow":["GET"]}}],"collection":[{"href":"https:\/\/new.decoczar.pl\/index.php\/wp-json\/wp\/v2\/product"}],"about":[{"href":"https:\/\/new.decoczar.pl\/index.php\/wp-json\/wp\/v2\/types\/product"}],"replies":[{"embeddable":true,"href":"https:\/\/new.decoczar.pl\/index.php\/wp-json\/wp\/v2\/comments?post=29769"}],"wp:attachment":[{"href":"https:\/\/new.decoczar.pl\/index.php\/wp-json\/wp\/v2\/media?parent=29769"}],"wp:term":[{"taxonomy":"brand","embeddable":true,"href":"https:\/\/new.decoczar.pl\/index.php\/wp-json\/wp\/v2\/etheme_brands?post=29769"},{"taxonomy":"product_cat","embeddable":true,"href":"https:\/\/new.decoczar.pl\/index.php\/wp-json\/wp\/v2\/product_cat?post=29769"},{"taxonomy":"product_tag","embeddable":true,"href":"https:\/\/new.decoczar.pl\/index.php\/wp-json\/wp\/v2\/product_tag?post=29769"}],"curies":[{"name":"wp","href":"https:\/\/api.w.org\/{rel}","templated":true}]}}