{"id":30757,"date":"2025-09-06T17:25:24","date_gmt":"2025-09-06T15:25:24","guid":{"rendered":"http:\/\/new.decoczar.pl\/index.php\/product\/stelaz-metalowy-pod-stolik-konstrukcja-terrarium-akwarium-75\/"},"modified":"2025-09-06T17:25:24","modified_gmt":"2025-09-06T15:25:24","slug":"stelaz-metalowy-pod-stolik-konstrukcja-terrarium-akwarium-75","status":"publish","type":"product","link":"https:\/\/new.decoczar.pl\/index.php\/product\/stelaz-metalowy-pod-stolik-konstrukcja-terrarium-akwarium-75\/","title":{"rendered":"STELA\u017b METALOWY POD STOLIK\/ KONSTRUKCJA terrarium\/akwarium"},"content":{"rendered":"<p> \tWysoko\u015b\u0107 50 cm<br \/>\n \tD\u0142ugo\u015b\u0107 100 cm<br \/>\n \tG\u0142\u0119boko\u015b\u0107 50 cm<br \/>\n \tMalowane proszkowo<br \/>\n \tKolor Czarny mat<br \/>\n \tProfil 4&#215;4 cm<br \/>\n \tCzas realizacji 21 dni roboczych po zaksi\u0119gowaniu wp\u0142aty (z przyczyn nie zale\u017cnych od nas terminy mog\u0105 sie wyd\u0142u\u017cy\u0107 )<\/p>\n<p>\u00a0<\/p>\n","protected":false},"excerpt":{"rendered":"<p> \tWysoko\u015b\u0107 50 cm<br \/>\n \tD\u0142ugo\u015b\u0107 100 cm<br \/>\n \tG\u0142\u0119boko\u015b\u0107 50 cm<br \/>\n \tMalowane proszkowo<br \/>\n \tKolor Czarny mat<br \/>\n \tProfil 4&#215;4 cm<br \/>\n \tCzas realizacji 21 dni roboczych po zaksi\u0119gowaniu wp\u0142aty (z przyczyn nie zale\u017cnych od nas terminy mog\u0105 sie wyd\u0142u\u017cy\u0107 )<\/p>\n<p>\u00a0<\/p>\n","protected":false},"featured_media":4880,"comment_status":"open","ping_status":"closed","template":"","meta":[],"etheme_brands":[],"product_cat":[50],"product_tag":[],"class_list":["post-30757","product","type-product","status-publish","has-post-thumbnail","hentry","product_cat-podstawy-metalowe-stelaze-stojaki"],"_links":{"self":[{"href":"https:\/\/new.decoczar.pl\/index.php\/wp-json\/wp\/v2\/product\/30757","targetHints":{"allow":["GET"]}}],"collection":[{"href":"https:\/\/new.decoczar.pl\/index.php\/wp-json\/wp\/v2\/product"}],"about":[{"href":"https:\/\/new.decoczar.pl\/index.php\/wp-json\/wp\/v2\/types\/product"}],"replies":[{"embeddable":true,"href":"https:\/\/new.decoczar.pl\/index.php\/wp-json\/wp\/v2\/comments?post=30757"}],"wp:featuredmedia":[{"embeddable":true,"href":"https:\/\/new.decoczar.pl\/index.php\/wp-json\/wp\/v2\/media\/4880"}],"wp:attachment":[{"href":"https:\/\/new.decoczar.pl\/index.php\/wp-json\/wp\/v2\/media?parent=30757"}],"wp:term":[{"taxonomy":"brand","embeddable":true,"href":"https:\/\/new.decoczar.pl\/index.php\/wp-json\/wp\/v2\/etheme_brands?post=30757"},{"taxonomy":"product_cat","embeddable":true,"href":"https:\/\/new.decoczar.pl\/index.php\/wp-json\/wp\/v2\/product_cat?post=30757"},{"taxonomy":"product_tag","embeddable":true,"href":"https:\/\/new.decoczar.pl\/index.php\/wp-json\/wp\/v2\/product_tag?post=30757"}],"curies":[{"name":"wp","href":"https:\/\/api.w.org\/{rel}","templated":true}]}}