{"id":30850,"date":"2025-09-13T22:44:28","date_gmt":"2025-09-13T20:44:28","guid":{"rendered":"http:\/\/new.decoczar.pl\/index.php\/product\/tace-patery-dekoracyjne-bialo-zlota-queen-2-szt-zywica-16\/"},"modified":"2025-09-13T22:44:28","modified_gmt":"2025-09-13T20:44:28","slug":"tace-patery-dekoracyjne-bialo-zlota-queen-2-szt-zywica-16","status":"publish","type":"product","link":"https:\/\/new.decoczar.pl\/index.php\/product\/tace-patery-dekoracyjne-bialo-zlota-queen-2-szt-zywica-16\/","title":{"rendered":"TACE\/PATERY DEKORACYJNE BIA\u0141O Z\u0141OTA QUEEN 2 SZT \u017bYWICA"},"content":{"rendered":"<p>Cechy produktu :<\/p>\n<p> \tWymiary 20&#215;20 cm i 15&#215;15 cm<br \/>\n \tMateria\u0142 : \u017cywica<br \/>\n \tKolor : bia\u0142y z dodatkiem z\u0142otej foli<br \/>\n \tDo\u0142\u0105czone s\u0105 filcowe podk\u0142adki<br \/>\n \tDiamentowy uchwyt<br \/>\n \tTace zapakowane s\u0105 w prezentowe opakowanie<br \/>\n \tCzas realizacji do 10 dni roboczych &#8211; zamawiaj\u0105c wi\u0119cej produkt\u00f3w czas realizacji jest d\u0142u\u017cszy<br \/>\n \tProdukt wykonany Handmade !<\/p>\n","protected":false},"excerpt":{"rendered":"<p>Cechy produktu :<\/p>\n<p> \tWymiary 20&#215;20 cm i 15&#215;15 cm<br \/>\n \tMateria\u0142 : \u017cywica<br \/>\n \tKolor : bia\u0142y z dodatkiem z\u0142otej foli<br \/>\n \tDo\u0142\u0105czone s\u0105 filcowe podk\u0142adki<br \/>\n \tDiamentowy uchwyt<br \/>\n \tTace zapakowane s\u0105 w prezentowe opakowanie<br \/>\n \tCzas realizacji do 10 dni roboczych &#8211; zamawiaj\u0105c wi\u0119cej produkt\u00f3w czas realizacji jest d\u0142u\u017cszy<br \/>\n \tProdukt wykonany Handmade !<\/p>\n","protected":false},"featured_media":26728,"comment_status":"open","ping_status":"closed","template":"","meta":[],"etheme_brands":[],"product_cat":[253],"product_tag":[],"class_list":["post-30850","product","type-product","status-publish","has-post-thumbnail","hentry","product_cat-dostepne-od-reki-patery-tace-dekoracyjne"],"_links":{"self":[{"href":"https:\/\/new.decoczar.pl\/index.php\/wp-json\/wp\/v2\/product\/30850","targetHints":{"allow":["GET"]}}],"collection":[{"href":"https:\/\/new.decoczar.pl\/index.php\/wp-json\/wp\/v2\/product"}],"about":[{"href":"https:\/\/new.decoczar.pl\/index.php\/wp-json\/wp\/v2\/types\/product"}],"replies":[{"embeddable":true,"href":"https:\/\/new.decoczar.pl\/index.php\/wp-json\/wp\/v2\/comments?post=30850"}],"wp:featuredmedia":[{"embeddable":true,"href":"https:\/\/new.decoczar.pl\/index.php\/wp-json\/wp\/v2\/media\/26728"}],"wp:attachment":[{"href":"https:\/\/new.decoczar.pl\/index.php\/wp-json\/wp\/v2\/media?parent=30850"}],"wp:term":[{"taxonomy":"brand","embeddable":true,"href":"https:\/\/new.decoczar.pl\/index.php\/wp-json\/wp\/v2\/etheme_brands?post=30850"},{"taxonomy":"product_cat","embeddable":true,"href":"https:\/\/new.decoczar.pl\/index.php\/wp-json\/wp\/v2\/product_cat?post=30850"},{"taxonomy":"product_tag","embeddable":true,"href":"https:\/\/new.decoczar.pl\/index.php\/wp-json\/wp\/v2\/product_tag?post=30850"}],"curies":[{"name":"wp","href":"https:\/\/api.w.org\/{rel}","templated":true}]}}