{"id":3104,"date":"2022-11-12T11:52:11","date_gmt":"2022-11-12T10:52:11","guid":{"rendered":"https:\/\/new.decoczar.pl\/index.php\/product\/topper-l-o-l\/"},"modified":"2022-11-12T11:52:11","modified_gmt":"2022-11-12T10:52:11","slug":"topper-l-o-l","status":"publish","type":"product","link":"https:\/\/new.decoczar.pl\/index.php\/product\/topper-l-o-l\/","title":{"rendered":"Topper L.O.L"},"content":{"rendered":"<p>WYSY\u0141KA TYLKO KURIER !!!<\/p>\n<p> \tWymiary 16 cm<br \/>\n \tWysoko\u015b\u0107 ok 12 cm<br \/>\n \tWykonany ze sklejki brzozowej 3 cm<br \/>\n \tSzpikulce<br \/>\n \tGrafika laleczka L.O.L<br \/>\n \tKolor : r\u00f3\u017c\/ niebieski\/fiolet,z\u00f3\u0142ty, granatowy\/z\u0142oty\/srebrny<br \/>\n \tW uwagach do zam\u00f3wienia prosz\u0119 wpisa\u0107 imi\u0119, cyfr\u0119 i kolor<br \/>\n \tCzas oczekiwania od 2 do 5 dni roboczych po zaksi\u0119gowaniu wp\u0142aty<\/p>\n","protected":false},"excerpt":{"rendered":"<p>WYSY\u0141KA TYLKO KURIER !!!<\/p>\n<p> \tWymiary 16 cm<br \/>\n \tWysoko\u015b\u0107 ok 12 cm<br \/>\n \tWykonany ze sklejki brzozowej 3 cm<br \/>\n \tSzpikulce<br \/>\n \tGrafika laleczka L.O.L<br \/>\n \tKolor : r\u00f3\u017c\/ niebieski\/fiolet,z\u00f3\u0142ty, granatowy\/z\u0142oty\/srebrny<br \/>\n \tW uwagach do zam\u00f3wienia prosz\u0119 wpisa\u0107 imi\u0119, cyfr\u0119 i kolor<br \/>\n \tCzas oczekiwania od 2 do 5 dni roboczych po zaksi\u0119gowaniu wp\u0142aty<\/p>\n","protected":false},"featured_media":3103,"comment_status":"open","ping_status":"closed","template":"","meta":[],"etheme_brands":[],"product_cat":[64],"product_tag":[],"class_list":["post-3104","product","type-product","status-publish","has-post-thumbnail","hentry","product_cat-topper"],"_links":{"self":[{"href":"https:\/\/new.decoczar.pl\/index.php\/wp-json\/wp\/v2\/product\/3104","targetHints":{"allow":["GET"]}}],"collection":[{"href":"https:\/\/new.decoczar.pl\/index.php\/wp-json\/wp\/v2\/product"}],"about":[{"href":"https:\/\/new.decoczar.pl\/index.php\/wp-json\/wp\/v2\/types\/product"}],"replies":[{"embeddable":true,"href":"https:\/\/new.decoczar.pl\/index.php\/wp-json\/wp\/v2\/comments?post=3104"}],"wp:featuredmedia":[{"embeddable":true,"href":"https:\/\/new.decoczar.pl\/index.php\/wp-json\/wp\/v2\/media\/3103"}],"wp:attachment":[{"href":"https:\/\/new.decoczar.pl\/index.php\/wp-json\/wp\/v2\/media?parent=3104"}],"wp:term":[{"taxonomy":"brand","embeddable":true,"href":"https:\/\/new.decoczar.pl\/index.php\/wp-json\/wp\/v2\/etheme_brands?post=3104"},{"taxonomy":"product_cat","embeddable":true,"href":"https:\/\/new.decoczar.pl\/index.php\/wp-json\/wp\/v2\/product_cat?post=3104"},{"taxonomy":"product_tag","embeddable":true,"href":"https:\/\/new.decoczar.pl\/index.php\/wp-json\/wp\/v2\/product_tag?post=3104"}],"curies":[{"name":"wp","href":"https:\/\/api.w.org\/{rel}","templated":true}]}}