{"id":3143,"date":"2022-11-14T08:03:00","date_gmt":"2022-11-14T07:03:00","guid":{"rendered":"http:\/\/new.decoczar.pl\/index.php\/product\/metalowy-stojak-na-lampiony-150-cm\/"},"modified":"2022-11-14T08:03:00","modified_gmt":"2022-11-14T07:03:00","slug":"metalowy-stojak-na-lampiony-150-cm","status":"publish","type":"product","link":"https:\/\/new.decoczar.pl\/index.php\/product\/metalowy-stojak-na-lampiony-150-cm\/","title":{"rendered":"METALOWY STOJAK NA LAMPIONY 150 CM"},"content":{"rendered":"<p>Stojak Metalowy<\/p>\n<p> \tWymiary 150 cm wysoko\u015b\u0107<br \/>\n \tKolor dost\u0119pny z\u0142oty, czarny, bia\u0142y<br \/>\n \tCzas realizacji do 10-14\u00a0 dni roboczych po zaksi\u0119gowaniu wp\u0142aty<br \/>\n \tIstnieje mo\u017cliwo\u015b\u0107 zam\u00f3wienia indywidualnego pod wymiar.<br \/>\n \tMasz pytania &#8211; napisz do nas sklep@decoczar.pl<br \/>\n \tW uwagach do zam\u00f3wienia prosz\u0119 o podanie koloru<br \/>\n \tNIE WYSY\u0141AM ZA POBRANIEM &#8211; TYLKO WP\u0141ATA NA KONTO\u00a0<br \/>\n \tWYSY\u0141KA TYLKO KURIER METAL !!!\u00a0 (23 Z\u0141)<\/p>\n<p>\u00a0<\/p>\n","protected":false},"excerpt":{"rendered":"<p>Stojak Metalowy<\/p>\n<p> \tWymiary 150 cm wysoko\u015b\u0107<br \/>\n \tKolor dost\u0119pny z\u0142oty, czarny, bia\u0142y<br \/>\n \tCzas realizacji do 10-14\u00a0 dni roboczych po zaksi\u0119gowaniu wp\u0142aty<br \/>\n \tIstnieje mo\u017cliwo\u015b\u0107 zam\u00f3wienia indywidualnego pod wymiar.<br \/>\n \tMasz pytania &#8211; napisz do nas sklep@decoczar.pl<br \/>\n \tW uwagach do zam\u00f3wienia prosz\u0119 o podanie koloru<br \/>\n \tNIE WYSY\u0141AM ZA POBRANIEM &#8211; TYLKO WP\u0141ATA NA KONTO\u00a0<br \/>\n \tWYSY\u0141KA TYLKO KURIER METAL !!!\u00a0 (23 Z\u0141)<\/p>\n<p>\u00a0<\/p>\n","protected":false},"featured_media":3142,"comment_status":"open","ping_status":"closed","template":"","meta":[],"etheme_brands":[],"product_cat":[50],"product_tag":[],"class_list":["post-3143","product","type-product","status-publish","has-post-thumbnail","hentry","product_cat-podstawy-metalowe-stelaze-stojaki"],"_links":{"self":[{"href":"https:\/\/new.decoczar.pl\/index.php\/wp-json\/wp\/v2\/product\/3143","targetHints":{"allow":["GET"]}}],"collection":[{"href":"https:\/\/new.decoczar.pl\/index.php\/wp-json\/wp\/v2\/product"}],"about":[{"href":"https:\/\/new.decoczar.pl\/index.php\/wp-json\/wp\/v2\/types\/product"}],"replies":[{"embeddable":true,"href":"https:\/\/new.decoczar.pl\/index.php\/wp-json\/wp\/v2\/comments?post=3143"}],"wp:featuredmedia":[{"embeddable":true,"href":"https:\/\/new.decoczar.pl\/index.php\/wp-json\/wp\/v2\/media\/3142"}],"wp:attachment":[{"href":"https:\/\/new.decoczar.pl\/index.php\/wp-json\/wp\/v2\/media?parent=3143"}],"wp:term":[{"taxonomy":"brand","embeddable":true,"href":"https:\/\/new.decoczar.pl\/index.php\/wp-json\/wp\/v2\/etheme_brands?post=3143"},{"taxonomy":"product_cat","embeddable":true,"href":"https:\/\/new.decoczar.pl\/index.php\/wp-json\/wp\/v2\/product_cat?post=3143"},{"taxonomy":"product_tag","embeddable":true,"href":"https:\/\/new.decoczar.pl\/index.php\/wp-json\/wp\/v2\/product_tag?post=3143"}],"curies":[{"name":"wp","href":"https:\/\/api.w.org\/{rel}","templated":true}]}}