{"id":3173,"date":"2022-11-17T02:16:38","date_gmt":"2022-11-17T01:16:38","guid":{"rendered":"http:\/\/new.decoczar.pl\/index.php\/product\/dekoracja-pikery-myszka\/"},"modified":"2022-11-17T02:16:38","modified_gmt":"2022-11-17T01:16:38","slug":"dekoracja-pikery-myszka","status":"publish","type":"product","link":"https:\/\/new.decoczar.pl\/index.php\/product\/dekoracja-pikery-myszka\/","title":{"rendered":"DEKORACJA PIKERY MYSZKA"},"content":{"rendered":"<p>Ozdoba<\/p>\n<p> \tWysoko\u015b\u0107 10 cm ca\u0142o\u015b\u0107<br \/>\n \tWysoko\u015b\u0107 MYSZKI ok 4 cm<br \/>\n \tDrewniany szpikulec<br \/>\n \tTworzywo DREWNO<br \/>\n \tW uwagach do zam\u00f3wienia prosz\u0119 wpisa\u0107 jaki kolor Pa\u0144stwo wybieraj\u0105<\/p>\n<p>\u00a0<\/p>\n","protected":false},"excerpt":{"rendered":"<p>Ozdoba<\/p>\n<p> \tWysoko\u015b\u0107 10 cm ca\u0142o\u015b\u0107<br \/>\n \tWysoko\u015b\u0107 MYSZKI ok 4 cm<br \/>\n \tDrewniany szpikulec<br \/>\n \tTworzywo DREWNO<br \/>\n \tW uwagach do zam\u00f3wienia prosz\u0119 wpisa\u0107 jaki kolor Pa\u0144stwo wybieraj\u0105<\/p>\n<p>\u00a0<\/p>\n","protected":false},"featured_media":3172,"comment_status":"open","ping_status":"closed","template":"","meta":[],"etheme_brands":[],"product_cat":[64],"product_tag":[],"class_list":["post-3173","product","type-product","status-publish","has-post-thumbnail","hentry","product_cat-topper"],"_links":{"self":[{"href":"https:\/\/new.decoczar.pl\/index.php\/wp-json\/wp\/v2\/product\/3173","targetHints":{"allow":["GET"]}}],"collection":[{"href":"https:\/\/new.decoczar.pl\/index.php\/wp-json\/wp\/v2\/product"}],"about":[{"href":"https:\/\/new.decoczar.pl\/index.php\/wp-json\/wp\/v2\/types\/product"}],"replies":[{"embeddable":true,"href":"https:\/\/new.decoczar.pl\/index.php\/wp-json\/wp\/v2\/comments?post=3173"}],"wp:featuredmedia":[{"embeddable":true,"href":"https:\/\/new.decoczar.pl\/index.php\/wp-json\/wp\/v2\/media\/3172"}],"wp:attachment":[{"href":"https:\/\/new.decoczar.pl\/index.php\/wp-json\/wp\/v2\/media?parent=3173"}],"wp:term":[{"taxonomy":"brand","embeddable":true,"href":"https:\/\/new.decoczar.pl\/index.php\/wp-json\/wp\/v2\/etheme_brands?post=3173"},{"taxonomy":"product_cat","embeddable":true,"href":"https:\/\/new.decoczar.pl\/index.php\/wp-json\/wp\/v2\/product_cat?post=3173"},{"taxonomy":"product_tag","embeddable":true,"href":"https:\/\/new.decoczar.pl\/index.php\/wp-json\/wp\/v2\/product_tag?post=3173"}],"curies":[{"name":"wp","href":"https:\/\/api.w.org\/{rel}","templated":true}]}}