{"id":3231,"date":"2022-11-18T17:43:59","date_gmt":"2022-11-18T16:43:59","guid":{"rendered":"http:\/\/new.decoczar.pl\/index.php\/product\/topper-urodzinowy-laczony\/"},"modified":"2022-11-18T17:43:59","modified_gmt":"2022-11-18T16:43:59","slug":"topper-urodzinowy-laczony","status":"publish","type":"product","link":"https:\/\/new.decoczar.pl\/index.php\/product\/topper-urodzinowy-laczony\/","title":{"rendered":"Topper Urodzinowy \u0142\u0105czony"},"content":{"rendered":"<p>Napisy ze sklejki<\/p>\n<p>WYSY\u0141KA TYLKO KURIER !!!<\/p>\n<p> \tWymiary szeroko\u015b\u0107 16 cm<br \/>\n \tWysoko\u015b\u0107 12-15 cm<br \/>\n \tWykonany ze sklejki brzozowej 3 mm nie z cienkiej\u00a0beermaty<br \/>\n \tDrewniany szpikulec do wbicia<br \/>\n \tGrafika gwiazdki<br \/>\n \tKolor brokatowy niebieski \/ r\u00f3\u017c<br \/>\n \tW uwagach dla klienta prosz\u0119 wpisa\u0107 imi\u0119 dzieci i cyferki<br \/>\n \tCzas realizacji 2-5 dni roboczych po zaksi\u0119gowaniu wp\u0142aty !!!<\/p>\n","protected":false},"excerpt":{"rendered":"<p>Napisy ze sklejki<\/p>\n<p>WYSY\u0141KA TYLKO KURIER !!!<\/p>\n<p> \tWymiary szeroko\u015b\u0107 16 cm<br \/>\n \tWysoko\u015b\u0107 12-15 cm<br \/>\n \tWykonany ze sklejki brzozowej 3 mm nie z cienkiej\u00a0beermaty<br \/>\n \tDrewniany szpikulec do wbicia<br \/>\n \tGrafika gwiazdki<br \/>\n \tKolor brokatowy niebieski \/ r\u00f3\u017c<br \/>\n \tW uwagach dla klienta prosz\u0119 wpisa\u0107 imi\u0119 dzieci i cyferki<br \/>\n \tCzas realizacji 2-5 dni roboczych po zaksi\u0119gowaniu wp\u0142aty !!!<\/p>\n","protected":false},"featured_media":3230,"comment_status":"open","ping_status":"closed","template":"","meta":[],"etheme_brands":[],"product_cat":[64],"product_tag":[],"class_list":["post-3231","product","type-product","status-publish","has-post-thumbnail","hentry","product_cat-topper"],"_links":{"self":[{"href":"https:\/\/new.decoczar.pl\/index.php\/wp-json\/wp\/v2\/product\/3231","targetHints":{"allow":["GET"]}}],"collection":[{"href":"https:\/\/new.decoczar.pl\/index.php\/wp-json\/wp\/v2\/product"}],"about":[{"href":"https:\/\/new.decoczar.pl\/index.php\/wp-json\/wp\/v2\/types\/product"}],"replies":[{"embeddable":true,"href":"https:\/\/new.decoczar.pl\/index.php\/wp-json\/wp\/v2\/comments?post=3231"}],"wp:featuredmedia":[{"embeddable":true,"href":"https:\/\/new.decoczar.pl\/index.php\/wp-json\/wp\/v2\/media\/3230"}],"wp:attachment":[{"href":"https:\/\/new.decoczar.pl\/index.php\/wp-json\/wp\/v2\/media?parent=3231"}],"wp:term":[{"taxonomy":"brand","embeddable":true,"href":"https:\/\/new.decoczar.pl\/index.php\/wp-json\/wp\/v2\/etheme_brands?post=3231"},{"taxonomy":"product_cat","embeddable":true,"href":"https:\/\/new.decoczar.pl\/index.php\/wp-json\/wp\/v2\/product_cat?post=3231"},{"taxonomy":"product_tag","embeddable":true,"href":"https:\/\/new.decoczar.pl\/index.php\/wp-json\/wp\/v2\/product_tag?post=3231"}],"curies":[{"name":"wp","href":"https:\/\/api.w.org\/{rel}","templated":true}]}}