{"id":32448,"date":"2025-10-24T05:21:32","date_gmt":"2025-10-24T03:21:32","guid":{"rendered":"http:\/\/new.decoczar.pl\/index.php\/product\/szkatulka-herbaciarka-dzien-babci-i-dziadka-81\/"},"modified":"2025-10-24T05:21:32","modified_gmt":"2025-10-24T03:21:32","slug":"szkatulka-herbaciarka-dzien-babci-i-dziadka-81","status":"publish","type":"product","link":"https:\/\/new.decoczar.pl\/index.php\/product\/szkatulka-herbaciarka-dzien-babci-i-dziadka-81\/","title":{"rendered":"Szkatu\u0142ka\/Herbaciarka Dzie\u0144 Babci i Dziadka"},"content":{"rendered":"<p>Herbaciarka<\/p>\n<p> \tWymiary produktu:\u00a0szer. 21,5 cm, d\u0142. 16,5 cm, wys. 8 cm<br \/>\n \tWYSY\u0141KA TYLKO KURIER \/ POBRANIE !!!<br \/>\n \tW uwagach dla klienta prosz\u0119 wpisa\u0107 zmian\u0119 tekstu<br \/>\n \tCzas realizacji do 5 dni roboczych po zaksi\u0119gowaniu wp\u0142aty<\/p>\n","protected":false},"excerpt":{"rendered":"<p>Herbaciarka<\/p>\n<p> \tWymiary produktu:\u00a0szer. 21,5 cm, d\u0142. 16,5 cm, wys. 8 cm<br \/>\n \tWYSY\u0141KA TYLKO KURIER \/ POBRANIE !!!<br \/>\n \tW uwagach dla klienta prosz\u0119 wpisa\u0107 zmian\u0119 tekstu<br \/>\n \tCzas realizacji do 5 dni roboczych po zaksi\u0119gowaniu wp\u0142aty<\/p>\n","protected":false},"featured_media":2966,"comment_status":"open","ping_status":"closed","template":"","meta":[],"etheme_brands":[],"product_cat":[72],"product_tag":[],"class_list":["post-32448","product","type-product","status-publish","has-post-thumbnail","hentry","product_cat-dzien-babci-i-dziadka-szkatulki"],"_links":{"self":[{"href":"https:\/\/new.decoczar.pl\/index.php\/wp-json\/wp\/v2\/product\/32448","targetHints":{"allow":["GET"]}}],"collection":[{"href":"https:\/\/new.decoczar.pl\/index.php\/wp-json\/wp\/v2\/product"}],"about":[{"href":"https:\/\/new.decoczar.pl\/index.php\/wp-json\/wp\/v2\/types\/product"}],"replies":[{"embeddable":true,"href":"https:\/\/new.decoczar.pl\/index.php\/wp-json\/wp\/v2\/comments?post=32448"}],"wp:featuredmedia":[{"embeddable":true,"href":"https:\/\/new.decoczar.pl\/index.php\/wp-json\/wp\/v2\/media\/2966"}],"wp:attachment":[{"href":"https:\/\/new.decoczar.pl\/index.php\/wp-json\/wp\/v2\/media?parent=32448"}],"wp:term":[{"taxonomy":"brand","embeddable":true,"href":"https:\/\/new.decoczar.pl\/index.php\/wp-json\/wp\/v2\/etheme_brands?post=32448"},{"taxonomy":"product_cat","embeddable":true,"href":"https:\/\/new.decoczar.pl\/index.php\/wp-json\/wp\/v2\/product_cat?post=32448"},{"taxonomy":"product_tag","embeddable":true,"href":"https:\/\/new.decoczar.pl\/index.php\/wp-json\/wp\/v2\/product_tag?post=32448"}],"curies":[{"name":"wp","href":"https:\/\/api.w.org\/{rel}","templated":true}]}}