{"id":3265,"date":"2022-11-19T07:35:18","date_gmt":"2022-11-19T06:35:18","guid":{"rendered":"http:\/\/new.decoczar.pl\/index.php\/product\/zestaw-batman-imie\/"},"modified":"2022-11-19T07:35:18","modified_gmt":"2022-11-19T06:35:18","slug":"zestaw-batman-imie","status":"publish","type":"product","link":"https:\/\/new.decoczar.pl\/index.php\/product\/zestaw-batman-imie\/","title":{"rendered":"Zestaw Batman + imi\u0119"},"content":{"rendered":"<p>dekoracja + napis<\/p>\n<p> \tWymiary ok\u00a0 17&#215;10 cm<br \/>\n \tWymiary napisu 13 cm<br \/>\n \tKolor czarny, z\u00f3\u0142ty<br \/>\n \tW uwagach dla klienta prosz\u0119 poda\u0107 imi\u0119 b\u0105d\u017a napis<br \/>\n \tDo\u0142\u0105czona ta\u015bma do przyklejenia<\/p>\n","protected":false},"excerpt":{"rendered":"<p>dekoracja + napis<\/p>\n<p> \tWymiary ok\u00a0 17&#215;10 cm<br \/>\n \tWymiary napisu 13 cm<br \/>\n \tKolor czarny, z\u00f3\u0142ty<br \/>\n \tW uwagach dla klienta prosz\u0119 poda\u0107 imi\u0119 b\u0105d\u017a napis<br \/>\n \tDo\u0142\u0105czona ta\u015bma do przyklejenia<\/p>\n","protected":false},"featured_media":3264,"comment_status":"open","ping_status":"closed","template":"","meta":[],"etheme_brands":[],"product_cat":[143],"product_tag":[],"class_list":["post-3265","product","type-product","status-publish","has-post-thumbnail","hentry","product_cat-akcesoria-dekoracyjne-chrzest-swiety"],"_links":{"self":[{"href":"https:\/\/new.decoczar.pl\/index.php\/wp-json\/wp\/v2\/product\/3265","targetHints":{"allow":["GET"]}}],"collection":[{"href":"https:\/\/new.decoczar.pl\/index.php\/wp-json\/wp\/v2\/product"}],"about":[{"href":"https:\/\/new.decoczar.pl\/index.php\/wp-json\/wp\/v2\/types\/product"}],"replies":[{"embeddable":true,"href":"https:\/\/new.decoczar.pl\/index.php\/wp-json\/wp\/v2\/comments?post=3265"}],"wp:featuredmedia":[{"embeddable":true,"href":"https:\/\/new.decoczar.pl\/index.php\/wp-json\/wp\/v2\/media\/3264"}],"wp:attachment":[{"href":"https:\/\/new.decoczar.pl\/index.php\/wp-json\/wp\/v2\/media?parent=3265"}],"wp:term":[{"taxonomy":"brand","embeddable":true,"href":"https:\/\/new.decoczar.pl\/index.php\/wp-json\/wp\/v2\/etheme_brands?post=3265"},{"taxonomy":"product_cat","embeddable":true,"href":"https:\/\/new.decoczar.pl\/index.php\/wp-json\/wp\/v2\/product_cat?post=3265"},{"taxonomy":"product_tag","embeddable":true,"href":"https:\/\/new.decoczar.pl\/index.php\/wp-json\/wp\/v2\/product_tag?post=3265"}],"curies":[{"name":"wp","href":"https:\/\/api.w.org\/{rel}","templated":true}]}}