{"id":3269,"date":"2022-11-20T18:45:18","date_gmt":"2022-11-20T17:45:18","guid":{"rendered":"http:\/\/new.decoczar.pl\/index.php\/product\/topper-na-roczek-batmanimie\/"},"modified":"2022-11-20T18:45:18","modified_gmt":"2022-11-20T17:45:18","slug":"topper-na-roczek-batmanimie","status":"publish","type":"product","link":"https:\/\/new.decoczar.pl\/index.php\/product\/topper-na-roczek-batmanimie\/","title":{"rendered":"Topper na roczek Batman+imi\u0119"},"content":{"rendered":"<p>Topper<\/p>\n<p> \tWymiary szeroko\u015b\u0107 12 cm<br \/>\n \tWysoko\u015b\u0107 10 cm<br \/>\n \tWykonany ze sklejki brzozowej 3 cm<br \/>\n \tImi\u0119 mo\u017cemy modyfikowa\u0107<br \/>\n \tW uwagach do zam\u00f3wienia prosz\u0119 wpisa\u0107 imi\u0119 oraz cyfr\u0119<br \/>\n \tKolor czarno-z\u00f3\u0142ty<br \/>\n \tGrafika Batmana<br \/>\n \tCzas realizacji do 5 dni roboczych po zaksi\u0119gowaniu wp\u0142aty<\/p>\n<p>WYSY\u0141KA KURIER \/ POBRANIE<\/p>\n","protected":false},"excerpt":{"rendered":"<p>Topper<\/p>\n<p> \tWymiary szeroko\u015b\u0107 12 cm<br \/>\n \tWysoko\u015b\u0107 10 cm<br \/>\n \tWykonany ze sklejki brzozowej 3 cm<br \/>\n \tImi\u0119 mo\u017cemy modyfikowa\u0107<br \/>\n \tW uwagach do zam\u00f3wienia prosz\u0119 wpisa\u0107 imi\u0119 oraz cyfr\u0119<br \/>\n \tKolor czarno-z\u00f3\u0142ty<br \/>\n \tGrafika Batmana<br \/>\n \tCzas realizacji do 5 dni roboczych po zaksi\u0119gowaniu wp\u0142aty<\/p>\n<p>WYSY\u0141KA KURIER \/ POBRANIE<\/p>\n","protected":false},"featured_media":3268,"comment_status":"open","ping_status":"closed","template":"","meta":[],"etheme_brands":[],"product_cat":[64],"product_tag":[],"class_list":["post-3269","product","type-product","status-publish","has-post-thumbnail","hentry","product_cat-topper"],"_links":{"self":[{"href":"https:\/\/new.decoczar.pl\/index.php\/wp-json\/wp\/v2\/product\/3269","targetHints":{"allow":["GET"]}}],"collection":[{"href":"https:\/\/new.decoczar.pl\/index.php\/wp-json\/wp\/v2\/product"}],"about":[{"href":"https:\/\/new.decoczar.pl\/index.php\/wp-json\/wp\/v2\/types\/product"}],"replies":[{"embeddable":true,"href":"https:\/\/new.decoczar.pl\/index.php\/wp-json\/wp\/v2\/comments?post=3269"}],"wp:featuredmedia":[{"embeddable":true,"href":"https:\/\/new.decoczar.pl\/index.php\/wp-json\/wp\/v2\/media\/3268"}],"wp:attachment":[{"href":"https:\/\/new.decoczar.pl\/index.php\/wp-json\/wp\/v2\/media?parent=3269"}],"wp:term":[{"taxonomy":"brand","embeddable":true,"href":"https:\/\/new.decoczar.pl\/index.php\/wp-json\/wp\/v2\/etheme_brands?post=3269"},{"taxonomy":"product_cat","embeddable":true,"href":"https:\/\/new.decoczar.pl\/index.php\/wp-json\/wp\/v2\/product_cat?post=3269"},{"taxonomy":"product_tag","embeddable":true,"href":"https:\/\/new.decoczar.pl\/index.php\/wp-json\/wp\/v2\/product_tag?post=3269"}],"curies":[{"name":"wp","href":"https:\/\/api.w.org\/{rel}","templated":true}]}}