{"id":3336,"date":"2022-11-30T01:03:36","date_gmt":"2022-11-30T00:03:36","guid":{"rendered":"http:\/\/new.decoczar.pl\/index.php\/product\/topper-myszka-cyferka-wzor-nr-2\/"},"modified":"2022-11-30T01:03:36","modified_gmt":"2022-11-30T00:03:36","slug":"topper-myszka-cyferka-wzor-nr-2","status":"publish","type":"product","link":"https:\/\/new.decoczar.pl\/index.php\/product\/topper-myszka-cyferka-wzor-nr-2\/","title":{"rendered":"Topper Myszka Cyferka wz\u00f3r nr 2"},"content":{"rendered":"<p>Topper Cyferka\u00a0<\/p>\n<p> \tWymiary wysoko\u015b\u0107 10 cm<br \/>\n \tSzeroko\u015b\u0107 4 cm<br \/>\n \tWykonany ze sklejki brzozowej 3 mm nie z cienkiej\u00a0beermaty<br \/>\n \tDrewniany szpilka do wbicia<br \/>\n \tKolorystyka czerwono-czarna w kropki<br \/>\n \tWysoka jako\u015b\u0107 wykonania<br \/>\n \tTopper jednostronny<br \/>\n \tW uwagach do zam\u00f3wienia prosz\u0119 wpisa\u0107 cyfr\u0119 ( 1,2,3,4,5,6,7,8,9,0)<\/p>\n","protected":false},"excerpt":{"rendered":"<p>Topper Cyferka\u00a0<\/p>\n<p> \tWymiary wysoko\u015b\u0107 10 cm<br \/>\n \tSzeroko\u015b\u0107 4 cm<br \/>\n \tWykonany ze sklejki brzozowej 3 mm nie z cienkiej\u00a0beermaty<br \/>\n \tDrewniany szpilka do wbicia<br \/>\n \tKolorystyka czerwono-czarna w kropki<br \/>\n \tWysoka jako\u015b\u0107 wykonania<br \/>\n \tTopper jednostronny<br \/>\n \tW uwagach do zam\u00f3wienia prosz\u0119 wpisa\u0107 cyfr\u0119 ( 1,2,3,4,5,6,7,8,9,0)<\/p>\n","protected":false},"featured_media":3335,"comment_status":"open","ping_status":"closed","template":"","meta":[],"etheme_brands":[],"product_cat":[64],"product_tag":[],"class_list":["post-3336","product","type-product","status-publish","has-post-thumbnail","hentry","product_cat-topper"],"_links":{"self":[{"href":"https:\/\/new.decoczar.pl\/index.php\/wp-json\/wp\/v2\/product\/3336","targetHints":{"allow":["GET"]}}],"collection":[{"href":"https:\/\/new.decoczar.pl\/index.php\/wp-json\/wp\/v2\/product"}],"about":[{"href":"https:\/\/new.decoczar.pl\/index.php\/wp-json\/wp\/v2\/types\/product"}],"replies":[{"embeddable":true,"href":"https:\/\/new.decoczar.pl\/index.php\/wp-json\/wp\/v2\/comments?post=3336"}],"wp:featuredmedia":[{"embeddable":true,"href":"https:\/\/new.decoczar.pl\/index.php\/wp-json\/wp\/v2\/media\/3335"}],"wp:attachment":[{"href":"https:\/\/new.decoczar.pl\/index.php\/wp-json\/wp\/v2\/media?parent=3336"}],"wp:term":[{"taxonomy":"brand","embeddable":true,"href":"https:\/\/new.decoczar.pl\/index.php\/wp-json\/wp\/v2\/etheme_brands?post=3336"},{"taxonomy":"product_cat","embeddable":true,"href":"https:\/\/new.decoczar.pl\/index.php\/wp-json\/wp\/v2\/product_cat?post=3336"},{"taxonomy":"product_tag","embeddable":true,"href":"https:\/\/new.decoczar.pl\/index.php\/wp-json\/wp\/v2\/product_tag?post=3336"}],"curies":[{"name":"wp","href":"https:\/\/api.w.org\/{rel}","templated":true}]}}