{"id":3347,"date":"2022-11-30T19:15:53","date_gmt":"2022-11-30T18:15:53","guid":{"rendered":"http:\/\/new.decoczar.pl\/index.php\/product\/mucha-drewniana-dziecieca\/"},"modified":"2022-11-30T19:15:53","modified_gmt":"2022-11-30T18:15:53","slug":"mucha-drewniana-dziecieca","status":"publish","type":"product","link":"https:\/\/new.decoczar.pl\/index.php\/product\/mucha-drewniana-dziecieca\/","title":{"rendered":"Mucha Drewniana Dzieci\u0119ca"},"content":{"rendered":"<p>Mucha Drewniana<\/p>\n<p> \tWymiary 9 cm x 4 cm<br \/>\n \tWykonana ze sklejki brzozowej 3 mm<br \/>\n \tRegulacja paska do 32 cm<br \/>\n \tOzdobne pude\u0142ko<br \/>\n \tGrafika<br \/>\n \tZaprojektujemy dla Ciebie indywidualny projekt, logo<br \/>\n \tW uwagach do klienta wpisz cyferk\u0119 i imi\u0119<\/p>\n<p>Wysy\u0142ka List priorytet topper b\u0105d\u017a kurier<\/p>\n","protected":false},"excerpt":{"rendered":"<p>Mucha Drewniana<\/p>\n<p> \tWymiary 9 cm x 4 cm<br \/>\n \tWykonana ze sklejki brzozowej 3 mm<br \/>\n \tRegulacja paska do 32 cm<br \/>\n \tOzdobne pude\u0142ko<br \/>\n \tGrafika<br \/>\n \tZaprojektujemy dla Ciebie indywidualny projekt, logo<br \/>\n \tW uwagach do klienta wpisz cyferk\u0119 i imi\u0119<\/p>\n<p>Wysy\u0142ka List priorytet topper b\u0105d\u017a kurier<\/p>\n","protected":false},"featured_media":3346,"comment_status":"open","ping_status":"closed","template":"","meta":[],"etheme_brands":[],"product_cat":[128],"product_tag":[],"class_list":["post-3347","product","type-product","status-publish","has-post-thumbnail","hentry","product_cat-spinki-i-muchy-drewniane-dodatki"],"_links":{"self":[{"href":"https:\/\/new.decoczar.pl\/index.php\/wp-json\/wp\/v2\/product\/3347","targetHints":{"allow":["GET"]}}],"collection":[{"href":"https:\/\/new.decoczar.pl\/index.php\/wp-json\/wp\/v2\/product"}],"about":[{"href":"https:\/\/new.decoczar.pl\/index.php\/wp-json\/wp\/v2\/types\/product"}],"replies":[{"embeddable":true,"href":"https:\/\/new.decoczar.pl\/index.php\/wp-json\/wp\/v2\/comments?post=3347"}],"wp:featuredmedia":[{"embeddable":true,"href":"https:\/\/new.decoczar.pl\/index.php\/wp-json\/wp\/v2\/media\/3346"}],"wp:attachment":[{"href":"https:\/\/new.decoczar.pl\/index.php\/wp-json\/wp\/v2\/media?parent=3347"}],"wp:term":[{"taxonomy":"brand","embeddable":true,"href":"https:\/\/new.decoczar.pl\/index.php\/wp-json\/wp\/v2\/etheme_brands?post=3347"},{"taxonomy":"product_cat","embeddable":true,"href":"https:\/\/new.decoczar.pl\/index.php\/wp-json\/wp\/v2\/product_cat?post=3347"},{"taxonomy":"product_tag","embeddable":true,"href":"https:\/\/new.decoczar.pl\/index.php\/wp-json\/wp\/v2\/product_tag?post=3347"}],"curies":[{"name":"wp","href":"https:\/\/api.w.org\/{rel}","templated":true}]}}