{"id":33563,"date":"2025-12-02T02:22:27","date_gmt":"2025-12-02T01:22:27","guid":{"rendered":"https:\/\/new.decoczar.pl\/index.php\/product\/monstera-z-zywicy-butelkowa-zielen-zlota-3\/"},"modified":"2025-12-02T02:22:27","modified_gmt":"2025-12-02T01:22:27","slug":"monstera-z-zywicy-butelkowa-zielen-zlota-3","status":"publish","type":"product","link":"https:\/\/new.decoczar.pl\/index.php\/product\/monstera-z-zywicy-butelkowa-zielen-zlota-3\/","title":{"rendered":"Monstera z \u017cywicy butelkowa ziele\u0144 &#8211; z\u0142ota"},"content":{"rendered":"<p> Cechy produktu: <\/p>\n<p> \tWymiary: ok. 15.5 cm x 12.5 cm<br \/>\n \tMateria\u0142: wysokiej jako\u015bci \u017cywica epoksydowa<br \/>\n \tKolor: butelkowa ziele\u0144 z elementami z\u0142ota<br \/>\n \tKszta\u0142t: li\u015b\u0107 monstery\u00a0<br \/>\n \tWykonanie: 100% r\u0119czne<br \/>\n \tCzy\u015bcimy wilgotn\u0105 szmatka<br \/>\n \tOzdobne opakowanie<\/p>\n","protected":false},"excerpt":{"rendered":"<p> Cechy produktu: <\/p>\n<p> \tWymiary: ok. 15.5 cm x 12.5 cm<br \/>\n \tMateria\u0142: wysokiej jako\u015bci \u017cywica epoksydowa<br \/>\n \tKolor: butelkowa ziele\u0144 z elementami z\u0142ota<br \/>\n \tKszta\u0142t: li\u015b\u0107 monstery\u00a0<br \/>\n \tWykonanie: 100% r\u0119czne<br \/>\n \tCzy\u015bcimy wilgotn\u0105 szmatka<br \/>\n \tOzdobne opakowanie<\/p>\n","protected":false},"featured_media":33291,"comment_status":"open","ping_status":"closed","template":"","meta":[],"etheme_brands":[],"product_cat":[232],"product_tag":[],"class_list":["post-33563","product","type-product","status-publish","has-post-thumbnail","hentry","product_cat-dostepne-od-reki-podkladki"],"_links":{"self":[{"href":"https:\/\/new.decoczar.pl\/index.php\/wp-json\/wp\/v2\/product\/33563","targetHints":{"allow":["GET"]}}],"collection":[{"href":"https:\/\/new.decoczar.pl\/index.php\/wp-json\/wp\/v2\/product"}],"about":[{"href":"https:\/\/new.decoczar.pl\/index.php\/wp-json\/wp\/v2\/types\/product"}],"replies":[{"embeddable":true,"href":"https:\/\/new.decoczar.pl\/index.php\/wp-json\/wp\/v2\/comments?post=33563"}],"wp:featuredmedia":[{"embeddable":true,"href":"https:\/\/new.decoczar.pl\/index.php\/wp-json\/wp\/v2\/media\/33291"}],"wp:attachment":[{"href":"https:\/\/new.decoczar.pl\/index.php\/wp-json\/wp\/v2\/media?parent=33563"}],"wp:term":[{"taxonomy":"brand","embeddable":true,"href":"https:\/\/new.decoczar.pl\/index.php\/wp-json\/wp\/v2\/etheme_brands?post=33563"},{"taxonomy":"product_cat","embeddable":true,"href":"https:\/\/new.decoczar.pl\/index.php\/wp-json\/wp\/v2\/product_cat?post=33563"},{"taxonomy":"product_tag","embeddable":true,"href":"https:\/\/new.decoczar.pl\/index.php\/wp-json\/wp\/v2\/product_tag?post=33563"}],"curies":[{"name":"wp","href":"https:\/\/api.w.org\/{rel}","templated":true}]}}