{"id":33738,"date":"2025-12-02T02:27:44","date_gmt":"2025-12-02T01:27:44","guid":{"rendered":"https:\/\/new.decoczar.pl\/index.php\/product\/stolik-drewniany-okragly-gratis-171\/"},"modified":"2025-12-02T02:27:44","modified_gmt":"2025-12-02T01:27:44","slug":"stolik-drewniany-okragly-gratis-171","status":"publish","type":"product","link":"https:\/\/new.decoczar.pl\/index.php\/product\/stolik-drewniany-okragly-gratis-171\/","title":{"rendered":"Stolik Drewniany okr\u0105g\u0142y + GRATIS"},"content":{"rendered":"<p>Stolik<\/p>\n<p> \tWysoko\u015b\u0107 ok 80\u00a0 cm<br \/>\n \t\u015arednica blatu ok 75 cm<br \/>\n \tKolor orzech<br \/>\n \tGrubo\u015b\u0107 ok 8-10 cm<br \/>\n \tStalowe nogi z pr\u0119ta (wykonany stela\u017c )<br \/>\n \tKolor n\u00f3g czarny<br \/>\n \tJeste\u015bmy otwarci na nowe zam\u00f3wienia<br \/>\n \tCzas realizacji 14 -21 dni roboczych po zaksi\u0119gowaniu wp\u0142aty<br \/>\n \tTYLKO WP\u0141ATA NA KONTO &#8211; PRZEDP\u0141ATA<br \/>\n \tGRATIS ! 4 SZTUKI PODSTAWKI POD KUBEK<br \/>\n \tMo\u017cliwo\u015b\u0107 odbioru osobistego Warszawa Br\u00f3dno &#8211; lub okolice legionowa<br \/>\n \tMo\u017cliwo\u015b\u0107 wysy\u0142ki 60 z\u0142 ( kwot\u0119 prosz\u0119 doliczy\u0107 do przelewu )<\/p>\n","protected":false},"excerpt":{"rendered":"<p>Stolik<\/p>\n<p> \tWysoko\u015b\u0107 ok 80\u00a0 cm<br \/>\n \t\u015arednica blatu ok 75 cm<br \/>\n \tKolor orzech<br \/>\n \tGrubo\u015b\u0107 ok 8-10 cm<br \/>\n \tStalowe nogi z pr\u0119ta (wykonany stela\u017c )<br \/>\n \tKolor n\u00f3g czarny<br \/>\n \tJeste\u015bmy otwarci na nowe zam\u00f3wienia<br \/>\n \tCzas realizacji 14 -21 dni roboczych po zaksi\u0119gowaniu wp\u0142aty<br \/>\n \tTYLKO WP\u0141ATA NA KONTO &#8211; PRZEDP\u0141ATA<br \/>\n \tGRATIS ! 4 SZTUKI PODSTAWKI POD KUBEK<br \/>\n \tMo\u017cliwo\u015b\u0107 odbioru osobistego Warszawa Br\u00f3dno &#8211; lub okolice legionowa<br \/>\n \tMo\u017cliwo\u015b\u0107 wysy\u0142ki 60 z\u0142 ( kwot\u0119 prosz\u0119 doliczy\u0107 do przelewu )<\/p>\n","protected":false},"featured_media":2560,"comment_status":"open","ping_status":"closed","template":"","meta":[],"etheme_brands":[],"product_cat":[56],"product_tag":[],"class_list":["post-33738","product","type-product","status-publish","has-post-thumbnail","hentry","product_cat-stoliki-drewniane"],"_links":{"self":[{"href":"https:\/\/new.decoczar.pl\/index.php\/wp-json\/wp\/v2\/product\/33738","targetHints":{"allow":["GET"]}}],"collection":[{"href":"https:\/\/new.decoczar.pl\/index.php\/wp-json\/wp\/v2\/product"}],"about":[{"href":"https:\/\/new.decoczar.pl\/index.php\/wp-json\/wp\/v2\/types\/product"}],"replies":[{"embeddable":true,"href":"https:\/\/new.decoczar.pl\/index.php\/wp-json\/wp\/v2\/comments?post=33738"}],"wp:featuredmedia":[{"embeddable":true,"href":"https:\/\/new.decoczar.pl\/index.php\/wp-json\/wp\/v2\/media\/2560"}],"wp:attachment":[{"href":"https:\/\/new.decoczar.pl\/index.php\/wp-json\/wp\/v2\/media?parent=33738"}],"wp:term":[{"taxonomy":"brand","embeddable":true,"href":"https:\/\/new.decoczar.pl\/index.php\/wp-json\/wp\/v2\/etheme_brands?post=33738"},{"taxonomy":"product_cat","embeddable":true,"href":"https:\/\/new.decoczar.pl\/index.php\/wp-json\/wp\/v2\/product_cat?post=33738"},{"taxonomy":"product_tag","embeddable":true,"href":"https:\/\/new.decoczar.pl\/index.php\/wp-json\/wp\/v2\/product_tag?post=33738"}],"curies":[{"name":"wp","href":"https:\/\/api.w.org\/{rel}","templated":true}]}}