{"id":3377,"date":"2022-12-03T08:04:49","date_gmt":"2022-12-03T07:04:49","guid":{"rendered":"https:\/\/new.decoczar.pl\/index.php\/product\/topper-indywidualne-zamowienia\/"},"modified":"2022-12-03T08:04:49","modified_gmt":"2022-12-03T07:04:49","slug":"topper-indywidualne-zamowienia","status":"publish","type":"product","link":"https:\/\/new.decoczar.pl\/index.php\/product\/topper-indywidualne-zamowienia\/","title":{"rendered":"Topper indywidualne zam\u00f3wienia"},"content":{"rendered":"<p>Topper ze sklejki<\/p>\n<p> \tWymiary szeroko\u015b\u0107 15-17 cm<br \/>\n \tWysoko\u015b\u0107 10 cm<br \/>\n \tWykonany ze sklejki brzozowej 3 cm<br \/>\n \tGrafika dowolna<br \/>\n \tImi\u0119 mo\u017cemy modyfikowa\u0107<br \/>\n \tKolor czarny<br \/>\n \tW uwagach klienta prosz\u0119 poda\u0107 cyfr\u0119 i imi\u0119 i grafik\u0119<br \/>\n \tJesli masz pytanie co do indywidualnego zam\u00f3wienia &#8211; zadzwo\u0144 lub napisz sklep@decoczar.pl<br \/>\n \tCzas realizacji do 5\u00a0 dni roboczych po zaksi\u0119gowaniu wp\u0142aty<\/p>\n<p>WYSY\u0141KA TYLKO KURIER<\/p>\n","protected":false},"excerpt":{"rendered":"<p>Topper ze sklejki<\/p>\n<p> \tWymiary szeroko\u015b\u0107 15-17 cm<br \/>\n \tWysoko\u015b\u0107 10 cm<br \/>\n \tWykonany ze sklejki brzozowej 3 cm<br \/>\n \tGrafika dowolna<br \/>\n \tImi\u0119 mo\u017cemy modyfikowa\u0107<br \/>\n \tKolor czarny<br \/>\n \tW uwagach klienta prosz\u0119 poda\u0107 cyfr\u0119 i imi\u0119 i grafik\u0119<br \/>\n \tJesli masz pytanie co do indywidualnego zam\u00f3wienia &#8211; zadzwo\u0144 lub napisz sklep@decoczar.pl<br \/>\n \tCzas realizacji do 5\u00a0 dni roboczych po zaksi\u0119gowaniu wp\u0142aty<\/p>\n<p>WYSY\u0141KA TYLKO KURIER<\/p>\n","protected":false},"featured_media":3376,"comment_status":"open","ping_status":"closed","template":"","meta":[],"etheme_brands":[],"product_cat":[64],"product_tag":[],"class_list":["post-3377","product","type-product","status-publish","has-post-thumbnail","hentry","product_cat-topper"],"_links":{"self":[{"href":"https:\/\/new.decoczar.pl\/index.php\/wp-json\/wp\/v2\/product\/3377","targetHints":{"allow":["GET"]}}],"collection":[{"href":"https:\/\/new.decoczar.pl\/index.php\/wp-json\/wp\/v2\/product"}],"about":[{"href":"https:\/\/new.decoczar.pl\/index.php\/wp-json\/wp\/v2\/types\/product"}],"replies":[{"embeddable":true,"href":"https:\/\/new.decoczar.pl\/index.php\/wp-json\/wp\/v2\/comments?post=3377"}],"wp:featuredmedia":[{"embeddable":true,"href":"https:\/\/new.decoczar.pl\/index.php\/wp-json\/wp\/v2\/media\/3376"}],"wp:attachment":[{"href":"https:\/\/new.decoczar.pl\/index.php\/wp-json\/wp\/v2\/media?parent=3377"}],"wp:term":[{"taxonomy":"brand","embeddable":true,"href":"https:\/\/new.decoczar.pl\/index.php\/wp-json\/wp\/v2\/etheme_brands?post=3377"},{"taxonomy":"product_cat","embeddable":true,"href":"https:\/\/new.decoczar.pl\/index.php\/wp-json\/wp\/v2\/product_cat?post=3377"},{"taxonomy":"product_tag","embeddable":true,"href":"https:\/\/new.decoczar.pl\/index.php\/wp-json\/wp\/v2\/product_tag?post=3377"}],"curies":[{"name":"wp","href":"https:\/\/api.w.org\/{rel}","templated":true}]}}