{"id":33796,"date":"2025-12-02T02:29:41","date_gmt":"2025-12-02T01:29:41","guid":{"rendered":"https:\/\/new.decoczar.pl\/index.php\/product\/stol-stolik-drewniany-okragly-gratis-86\/"},"modified":"2025-12-02T02:29:41","modified_gmt":"2025-12-02T01:29:41","slug":"stol-stolik-drewniany-okragly-gratis-86","status":"publish","type":"product","link":"https:\/\/new.decoczar.pl\/index.php\/product\/stol-stolik-drewniany-okragly-gratis-86\/","title":{"rendered":"ST\u00d3\u0141\/STOLIK DREWNIANY OKR\u0104G\u0141Y+ GRATIS"},"content":{"rendered":"<p>Stolik drewniany<\/p>\n<p> \tWymiary: \u015arednica ok 70-75 cm<br \/>\n \tGrubo\u015b\u0107 plastra oko\u0142o 10-12 cm<br \/>\n \tWymiary stela\u017ca ; 50&#215;35 cm wysoko\u015b\u0107 40 cm (nogi malowane proszkowo)<br \/>\n \tKolor blatu : naturalny (zabezpieczony 3 warstwami lakieru )<br \/>\n \tCzas realizacji 21 dni roboczych po zaksi\u0119gowaniu wp\u0142aty<br \/>\n \tGRATIS 4 SZTUKI PODSTAWKI POD KUBEK<br \/>\n \tNa terenie Warszawy transport Gratis<br \/>\n \tKoszt wysy\u0142ki 40 z\u0142<\/p>\n","protected":false},"excerpt":{"rendered":"<p>Stolik drewniany<\/p>\n<p> \tWymiary: \u015arednica ok 70-75 cm<br \/>\n \tGrubo\u015b\u0107 plastra oko\u0142o 10-12 cm<br \/>\n \tWymiary stela\u017ca ; 50&#215;35 cm wysoko\u015b\u0107 40 cm (nogi malowane proszkowo)<br \/>\n \tKolor blatu : naturalny (zabezpieczony 3 warstwami lakieru )<br \/>\n \tCzas realizacji 21 dni roboczych po zaksi\u0119gowaniu wp\u0142aty<br \/>\n \tGRATIS 4 SZTUKI PODSTAWKI POD KUBEK<br \/>\n \tNa terenie Warszawy transport Gratis<br \/>\n \tKoszt wysy\u0142ki 40 z\u0142<\/p>\n","protected":false},"featured_media":2826,"comment_status":"open","ping_status":"closed","template":"","meta":[],"etheme_brands":[],"product_cat":[56],"product_tag":[],"class_list":["post-33796","product","type-product","status-publish","has-post-thumbnail","hentry","product_cat-stoliki-drewniane"],"_links":{"self":[{"href":"https:\/\/new.decoczar.pl\/index.php\/wp-json\/wp\/v2\/product\/33796","targetHints":{"allow":["GET"]}}],"collection":[{"href":"https:\/\/new.decoczar.pl\/index.php\/wp-json\/wp\/v2\/product"}],"about":[{"href":"https:\/\/new.decoczar.pl\/index.php\/wp-json\/wp\/v2\/types\/product"}],"replies":[{"embeddable":true,"href":"https:\/\/new.decoczar.pl\/index.php\/wp-json\/wp\/v2\/comments?post=33796"}],"wp:featuredmedia":[{"embeddable":true,"href":"https:\/\/new.decoczar.pl\/index.php\/wp-json\/wp\/v2\/media\/2826"}],"wp:attachment":[{"href":"https:\/\/new.decoczar.pl\/index.php\/wp-json\/wp\/v2\/media?parent=33796"}],"wp:term":[{"taxonomy":"brand","embeddable":true,"href":"https:\/\/new.decoczar.pl\/index.php\/wp-json\/wp\/v2\/etheme_brands?post=33796"},{"taxonomy":"product_cat","embeddable":true,"href":"https:\/\/new.decoczar.pl\/index.php\/wp-json\/wp\/v2\/product_cat?post=33796"},{"taxonomy":"product_tag","embeddable":true,"href":"https:\/\/new.decoczar.pl\/index.php\/wp-json\/wp\/v2\/product_tag?post=33796"}],"curies":[{"name":"wp","href":"https:\/\/api.w.org\/{rel}","templated":true}]}}