{"id":33825,"date":"2025-12-02T02:30:42","date_gmt":"2025-12-02T01:30:42","guid":{"rendered":"https:\/\/new.decoczar.pl\/index.php\/product\/stelaz-metalowy-zloty-wynajem-86\/"},"modified":"2025-12-02T02:30:42","modified_gmt":"2025-12-02T01:30:42","slug":"stelaz-metalowy-zloty-wynajem-86","status":"publish","type":"product","link":"https:\/\/new.decoczar.pl\/index.php\/product\/stelaz-metalowy-zloty-wynajem-86\/","title":{"rendered":"Stela\u017c Metalowy Z\u0142oty WYNAJEM"},"content":{"rendered":"<p>Stojak Metalowy<\/p>\n<p> \tWymiary 200 cm x 170 cm<br \/>\n \tKolor dost\u0119pny z\u0142oty<br \/>\n \tMasz pytania &#8211; napisz do nas sklep@decoczar.pl<br \/>\n \tpr\u00f3cz op\u0142aty za wypo\u017cyczenie pobierana jest kaucja zwrotna 200 z\u0142<br \/>\n \tprzy rezerwacji asortymentu podpisujemy umow\u0119, kt\u00f3ra jest gwarancj\u0105 terminu (umow\u0119 otrzymuj\u0105 Pa\u0144stwo mailem w ci\u0105gu 4 dni od rezerwacji)<br \/>\n \tpo podpisaniu umowy prosimy o wp\u0142acenie zadatku w kwocie zgodniej z zapisem w umowie<br \/>\n \tpozosta\u0142\u0105 nale\u017cno\u015b\u0107 + kaucj\u0119 zwrotn\u0105 wp\u0142acaj\u0105 Pa\u0144stwo przed wypo\u017cyczeniem<br \/>\n \tkaucja zwracana jest przy zwrocie towaru<br \/>\n \tzwrot asortymentu do wtorku po uroczysto\u015bci, ewentualnie do \u015brody po wcze\u015bniejszym uzgodnieniu<br \/>\n \tmo\u017cliwy odbi\u00f3r osobisty w Warszawa Br\u00f3dno lub- Micha\u0142\u00f3w Regin\u00f3w (ok. Legionowa )<br \/>\n \tasortyment otrzymuj\u0105 Pa\u0144stwo czysty, \u2013 przygotowany do u\u017cycia<br \/>\n \tzwracany towar musi by\u0107 w stanie niezmienionym (czyste,)<br \/>\n \tewentualne zniszczenia pokrywane s\u0105 z kaucji<\/p>\n","protected":false},"excerpt":{"rendered":"<p>Stojak Metalowy<\/p>\n<p> \tWymiary 200 cm x 170 cm<br \/>\n \tKolor dost\u0119pny z\u0142oty<br \/>\n \tMasz pytania &#8211; napisz do nas sklep@decoczar.pl<br \/>\n \tpr\u00f3cz op\u0142aty za wypo\u017cyczenie pobierana jest kaucja zwrotna 200 z\u0142<br \/>\n \tprzy rezerwacji asortymentu podpisujemy umow\u0119, kt\u00f3ra jest gwarancj\u0105 terminu (umow\u0119 otrzymuj\u0105 Pa\u0144stwo mailem w ci\u0105gu 4 dni od rezerwacji)<br \/>\n \tpo podpisaniu umowy prosimy o wp\u0142acenie zadatku w kwocie zgodniej z zapisem w umowie<br \/>\n \tpozosta\u0142\u0105 nale\u017cno\u015b\u0107 + kaucj\u0119 zwrotn\u0105 wp\u0142acaj\u0105 Pa\u0144stwo przed wypo\u017cyczeniem<br \/>\n \tkaucja zwracana jest przy zwrocie towaru<br \/>\n \tzwrot asortymentu do wtorku po uroczysto\u015bci, ewentualnie do \u015brody po wcze\u015bniejszym uzgodnieniu<br \/>\n \tmo\u017cliwy odbi\u00f3r osobisty w Warszawa Br\u00f3dno lub- Micha\u0142\u00f3w Regin\u00f3w (ok. Legionowa )<br \/>\n \tasortyment otrzymuj\u0105 Pa\u0144stwo czysty, \u2013 przygotowany do u\u017cycia<br \/>\n \tzwracany towar musi by\u0107 w stanie niezmienionym (czyste,)<br \/>\n \tewentualne zniszczenia pokrywane s\u0105 z kaucji<\/p>\n","protected":false},"featured_media":3046,"comment_status":"open","ping_status":"closed","template":"","meta":[],"etheme_brands":[],"product_cat":[81],"product_tag":[],"class_list":["post-33825","product","type-product","status-publish","has-post-thumbnail","hentry","product_cat-slub-dekoracje-wynajem-dekoracji"],"_links":{"self":[{"href":"https:\/\/new.decoczar.pl\/index.php\/wp-json\/wp\/v2\/product\/33825","targetHints":{"allow":["GET"]}}],"collection":[{"href":"https:\/\/new.decoczar.pl\/index.php\/wp-json\/wp\/v2\/product"}],"about":[{"href":"https:\/\/new.decoczar.pl\/index.php\/wp-json\/wp\/v2\/types\/product"}],"replies":[{"embeddable":true,"href":"https:\/\/new.decoczar.pl\/index.php\/wp-json\/wp\/v2\/comments?post=33825"}],"wp:featuredmedia":[{"embeddable":true,"href":"https:\/\/new.decoczar.pl\/index.php\/wp-json\/wp\/v2\/media\/3046"}],"wp:attachment":[{"href":"https:\/\/new.decoczar.pl\/index.php\/wp-json\/wp\/v2\/media?parent=33825"}],"wp:term":[{"taxonomy":"brand","embeddable":true,"href":"https:\/\/new.decoczar.pl\/index.php\/wp-json\/wp\/v2\/etheme_brands?post=33825"},{"taxonomy":"product_cat","embeddable":true,"href":"https:\/\/new.decoczar.pl\/index.php\/wp-json\/wp\/v2\/product_cat?post=33825"},{"taxonomy":"product_tag","embeddable":true,"href":"https:\/\/new.decoczar.pl\/index.php\/wp-json\/wp\/v2\/product_tag?post=33825"}],"curies":[{"name":"wp","href":"https:\/\/api.w.org\/{rel}","templated":true}]}}