{"id":3393,"date":"2022-12-10T15:00:19","date_gmt":"2022-12-10T14:00:19","guid":{"rendered":"https:\/\/new.decoczar.pl\/index.php\/product\/ksiega-gosci-weselnych-w-butelce-roz\/"},"modified":"2022-12-10T15:00:19","modified_gmt":"2022-12-10T14:00:19","slug":"ksiega-gosci-weselnych-w-butelce-roz","status":"publish","type":"product","link":"https:\/\/new.decoczar.pl\/index.php\/product\/ksiega-gosci-weselnych-w-butelce-roz\/","title":{"rendered":"Ksi\u0119ga go\u015bci weselnych w butelce R\u00f3\u017c"},"content":{"rendered":"<p>Ksi\u0119ga go\u015bci weselnych w butelce w zestawie\u00a0<\/p>\n<p> \tButelka 1l z dowolnym kolorem kokardki<br \/>\n \tRamk\u0119 (format A4) z pro\u015bb\u0105 o wpisy\u00a0z personalizacj\u0105 (imiona nowo\u017ce\u0144c\u00f3w oraz data \u015blubu)<br \/>\n \t50 sztuk karteczek ze wst\u0105\u017ck\u0105\u00a0(dzi\u0119ki temu go\u015bcie z \u0142atwo\u015bci\u0105 zawi\u0105\u017c\u0105 rulonik)<br \/>\n \tW uwagach dla klienta prosz\u0119 wpisa\u0107 kolor przewodni imiona oraz dat\u0119<br \/>\n \tCzas realizacji po zaksi\u0119gowaniu wp\u0142aty 2-5 dni roboczych<\/p>\n<p>WYSY\u0141KA TYLKO KURIER<\/p>\n","protected":false},"excerpt":{"rendered":"<p>Ksi\u0119ga go\u015bci weselnych w butelce w zestawie\u00a0<\/p>\n<p> \tButelka 1l z dowolnym kolorem kokardki<br \/>\n \tRamk\u0119 (format A4) z pro\u015bb\u0105 o wpisy\u00a0z personalizacj\u0105 (imiona nowo\u017ce\u0144c\u00f3w oraz data \u015blubu)<br \/>\n \t50 sztuk karteczek ze wst\u0105\u017ck\u0105\u00a0(dzi\u0119ki temu go\u015bcie z \u0142atwo\u015bci\u0105 zawi\u0105\u017c\u0105 rulonik)<br \/>\n \tW uwagach dla klienta prosz\u0119 wpisa\u0107 kolor przewodni imiona oraz dat\u0119<br \/>\n \tCzas realizacji po zaksi\u0119gowaniu wp\u0142aty 2-5 dni roboczych<\/p>\n<p>WYSY\u0141KA TYLKO KURIER<\/p>\n","protected":false},"featured_media":3392,"comment_status":"open","ping_status":"closed","template":"","meta":[],"etheme_brands":[],"product_cat":[78],"product_tag":[],"class_list":["post-3393","product","type-product","status-publish","has-post-thumbnail","hentry","product_cat-slub-dekoracje"],"_links":{"self":[{"href":"https:\/\/new.decoczar.pl\/index.php\/wp-json\/wp\/v2\/product\/3393","targetHints":{"allow":["GET"]}}],"collection":[{"href":"https:\/\/new.decoczar.pl\/index.php\/wp-json\/wp\/v2\/product"}],"about":[{"href":"https:\/\/new.decoczar.pl\/index.php\/wp-json\/wp\/v2\/types\/product"}],"replies":[{"embeddable":true,"href":"https:\/\/new.decoczar.pl\/index.php\/wp-json\/wp\/v2\/comments?post=3393"}],"wp:featuredmedia":[{"embeddable":true,"href":"https:\/\/new.decoczar.pl\/index.php\/wp-json\/wp\/v2\/media\/3392"}],"wp:attachment":[{"href":"https:\/\/new.decoczar.pl\/index.php\/wp-json\/wp\/v2\/media?parent=3393"}],"wp:term":[{"taxonomy":"brand","embeddable":true,"href":"https:\/\/new.decoczar.pl\/index.php\/wp-json\/wp\/v2\/etheme_brands?post=3393"},{"taxonomy":"product_cat","embeddable":true,"href":"https:\/\/new.decoczar.pl\/index.php\/wp-json\/wp\/v2\/product_cat?post=3393"},{"taxonomy":"product_tag","embeddable":true,"href":"https:\/\/new.decoczar.pl\/index.php\/wp-json\/wp\/v2\/product_tag?post=3393"}],"curies":[{"name":"wp","href":"https:\/\/api.w.org\/{rel}","templated":true}]}}