{"id":34115,"date":"2025-12-17T09:55:35","date_gmt":"2025-12-17T08:55:35","guid":{"rendered":"https:\/\/new.decoczar.pl\/index.php\/product\/podkladki-z-zywicy-turkusowo-zlote-2-szt-21\/"},"modified":"2025-12-17T09:55:35","modified_gmt":"2025-12-17T08:55:35","slug":"podkladki-z-zywicy-turkusowo-zlote-2-szt-21","status":"publish","type":"product","link":"https:\/\/new.decoczar.pl\/index.php\/product\/podkladki-z-zywicy-turkusowo-zlote-2-szt-21\/","title":{"rendered":"Podk\u0142adki z \u017cywicy turkusowo z\u0142ote 2 szt"},"content":{"rendered":"<p>Cechy produktu<\/p>\n<p> \tWymiary : \u015brednica ok 12 cm<br \/>\n \tKolor: turkusowe i z\u0142ote drobinki<br \/>\n \tOzdobne prezentowe opakowanie<br \/>\n \tCzas realizacji 10 dni roboczych po zaksi\u0119gowaniu wp\u0142aty<br \/>\n \tMo\u017cliwo\u015b\u0107 dokupienia tacy do kompletu<br \/>\n \tW lato oraz w zim\u0119 czas realizacji mo\u017ce si\u0119 wyd\u0142u\u017cy\u0107<br \/>\n \tPodk\u0142adki pi\u0119knie mieni\u0105 si\u0119 w s\u0142o\u0144cu poniewa\u017c zosta\u0142 dodany py\u0142ek brokatowy<\/p>\n","protected":false},"excerpt":{"rendered":"<p>Cechy produktu<\/p>\n<p> \tWymiary : \u015brednica ok 12 cm<br \/>\n \tKolor: turkusowe i z\u0142ote drobinki<br \/>\n \tOzdobne prezentowe opakowanie<br \/>\n \tCzas realizacji 10 dni roboczych po zaksi\u0119gowaniu wp\u0142aty<br \/>\n \tMo\u017cliwo\u015b\u0107 dokupienia tacy do kompletu<br \/>\n \tW lato oraz w zim\u0119 czas realizacji mo\u017ce si\u0119 wyd\u0142u\u017cy\u0107<br \/>\n \tPodk\u0142adki pi\u0119knie mieni\u0105 si\u0119 w s\u0142o\u0144cu poniewa\u017c zosta\u0142 dodany py\u0142ek brokatowy<\/p>\n","protected":false},"featured_media":28648,"comment_status":"open","ping_status":"closed","template":"","meta":[],"etheme_brands":[],"product_cat":[251],"product_tag":[],"class_list":["post-34115","product","type-product","status-publish","has-post-thumbnail","hentry","product_cat-podkladki"],"_links":{"self":[{"href":"https:\/\/new.decoczar.pl\/index.php\/wp-json\/wp\/v2\/product\/34115","targetHints":{"allow":["GET"]}}],"collection":[{"href":"https:\/\/new.decoczar.pl\/index.php\/wp-json\/wp\/v2\/product"}],"about":[{"href":"https:\/\/new.decoczar.pl\/index.php\/wp-json\/wp\/v2\/types\/product"}],"replies":[{"embeddable":true,"href":"https:\/\/new.decoczar.pl\/index.php\/wp-json\/wp\/v2\/comments?post=34115"}],"wp:featuredmedia":[{"embeddable":true,"href":"https:\/\/new.decoczar.pl\/index.php\/wp-json\/wp\/v2\/media\/28648"}],"wp:attachment":[{"href":"https:\/\/new.decoczar.pl\/index.php\/wp-json\/wp\/v2\/media?parent=34115"}],"wp:term":[{"taxonomy":"brand","embeddable":true,"href":"https:\/\/new.decoczar.pl\/index.php\/wp-json\/wp\/v2\/etheme_brands?post=34115"},{"taxonomy":"product_cat","embeddable":true,"href":"https:\/\/new.decoczar.pl\/index.php\/wp-json\/wp\/v2\/product_cat?post=34115"},{"taxonomy":"product_tag","embeddable":true,"href":"https:\/\/new.decoczar.pl\/index.php\/wp-json\/wp\/v2\/product_tag?post=34115"}],"curies":[{"name":"wp","href":"https:\/\/api.w.org\/{rel}","templated":true}]}}