{"id":34121,"date":"2025-12-17T09:55:37","date_gmt":"2025-12-17T08:55:37","guid":{"rendered":"https:\/\/new.decoczar.pl\/index.php\/product\/taca-dekoracyjna-bialo-bezowo-zlota-minimalistyczny-blask-37\/"},"modified":"2025-12-17T09:55:37","modified_gmt":"2025-12-17T08:55:37","slug":"taca-dekoracyjna-bialo-bezowo-zlota-minimalistyczny-blask-37","status":"publish","type":"product","link":"https:\/\/new.decoczar.pl\/index.php\/product\/taca-dekoracyjna-bialo-bezowo-zlota-minimalistyczny-blask-37\/","title":{"rendered":"TACA DEKORACYJNA BIA\u0141O BE\u017bOWO Z\u0141OTA &#8222;MINIMALISTYCZNY BLASK&#8221;"},"content":{"rendered":"<p>Cechy produktu :<\/p>\n<p> \tWymiary : 20 x 16 cm, wysoko\u015b\u0107 2 cm<br \/>\n \tMateria\u0142 : \u017cywica<br \/>\n \tKolorystyka : be\u017c, biel + z\u0142ote drobinki<br \/>\n \tWykonana r\u0119cznie !<br \/>\n \tTaca zapakowana w ozdobne prezentowe pakowanie<br \/>\n \tIdealna pod \u015bwiece, bi\u017cuteri\u0119 lub jako elegancki dodatek do wyj\u0105tkowych wn\u0119trz.<br \/>\n \tZamawiaj\u0105c kilka produkt\u00f3w czas realizacji jest d\u0142u\u017cszy do 14 dni.<br \/>\n \tRealizujemy indywidualne zam\u00f3wienia kolorystyczne<\/p>\n","protected":false},"excerpt":{"rendered":"<p>Cechy produktu :<\/p>\n<p> \tWymiary : 20 x 16 cm, wysoko\u015b\u0107 2 cm<br \/>\n \tMateria\u0142 : \u017cywica<br \/>\n \tKolorystyka : be\u017c, biel + z\u0142ote drobinki<br \/>\n \tWykonana r\u0119cznie !<br \/>\n \tTaca zapakowana w ozdobne prezentowe pakowanie<br \/>\n \tIdealna pod \u015bwiece, bi\u017cuteri\u0119 lub jako elegancki dodatek do wyj\u0105tkowych wn\u0119trz.<br \/>\n \tZamawiaj\u0105c kilka produkt\u00f3w czas realizacji jest d\u0142u\u017cszy do 14 dni.<br \/>\n \tRealizujemy indywidualne zam\u00f3wienia kolorystyczne<\/p>\n","protected":false},"featured_media":32754,"comment_status":"open","ping_status":"closed","template":"","meta":[],"etheme_brands":[],"product_cat":[290],"product_tag":[],"class_list":["post-34121","product","type-product","status-publish","has-post-thumbnail","hentry","product_cat-dostepne-od-reki-podkladki-produkty-z-zywicy-tace-dekoracyjne"],"_links":{"self":[{"href":"https:\/\/new.decoczar.pl\/index.php\/wp-json\/wp\/v2\/product\/34121","targetHints":{"allow":["GET"]}}],"collection":[{"href":"https:\/\/new.decoczar.pl\/index.php\/wp-json\/wp\/v2\/product"}],"about":[{"href":"https:\/\/new.decoczar.pl\/index.php\/wp-json\/wp\/v2\/types\/product"}],"replies":[{"embeddable":true,"href":"https:\/\/new.decoczar.pl\/index.php\/wp-json\/wp\/v2\/comments?post=34121"}],"wp:featuredmedia":[{"embeddable":true,"href":"https:\/\/new.decoczar.pl\/index.php\/wp-json\/wp\/v2\/media\/32754"}],"wp:attachment":[{"href":"https:\/\/new.decoczar.pl\/index.php\/wp-json\/wp\/v2\/media?parent=34121"}],"wp:term":[{"taxonomy":"brand","embeddable":true,"href":"https:\/\/new.decoczar.pl\/index.php\/wp-json\/wp\/v2\/etheme_brands?post=34121"},{"taxonomy":"product_cat","embeddable":true,"href":"https:\/\/new.decoczar.pl\/index.php\/wp-json\/wp\/v2\/product_cat?post=34121"},{"taxonomy":"product_tag","embeddable":true,"href":"https:\/\/new.decoczar.pl\/index.php\/wp-json\/wp\/v2\/product_tag?post=34121"}],"curies":[{"name":"wp","href":"https:\/\/api.w.org\/{rel}","templated":true}]}}