{"id":34137,"date":"2025-12-17T09:56:28","date_gmt":"2025-12-17T08:56:28","guid":{"rendered":"https:\/\/new.decoczar.pl\/index.php\/product\/podkladki-z-zywicy-okragla-czarno-zlota-2-szt-40\/"},"modified":"2025-12-17T09:56:28","modified_gmt":"2025-12-17T08:56:28","slug":"podkladki-z-zywicy-okragla-czarno-zlota-2-szt-40","status":"publish","type":"product","link":"https:\/\/new.decoczar.pl\/index.php\/product\/podkladki-z-zywicy-okragla-czarno-zlota-2-szt-40\/","title":{"rendered":"Podk\u0142adki z \u017cywicy okr\u0105g\u0142a czarno z\u0142ota 2 szt"},"content":{"rendered":"<p>Cechy produktu :<\/p>\n<p> \tWymiary : \u015brednica ok 13,5 cm<br \/>\n \tKolor czarny + z\u0142ote drobinki<br \/>\n \tOzdobne opakowanie<br \/>\n \tCzas realizacji 10 dni roboczych po zaksi\u0119gowaniu wp\u0142aty ( praca z \u017cywic\u0105 zale\u017cna jest od pogody )<br \/>\n \tNie stawiamy gor\u0105cych kubk\u00f3w<br \/>\n \tZAMAWIAJ\u0104C KILKA PRODUKT\u00d3W CZAS REALIZACJI JEST D\u0141U\u017bSZY DO 14 DNI ROBOCZYCH\u00a0<br \/>\n \tPodk\u0142adki wykonane s\u0105 wykonane z dobrej jako\u015bci \u017cywicy a wieczko podk\u0142adek ma zdolno\u015b\u0107\u00a0 do samoregeneracji (ew. wgniecenia same znikaj\u0105)<\/p>\n","protected":false},"excerpt":{"rendered":"<p>Cechy produktu :<\/p>\n<p> \tWymiary : \u015brednica ok 13,5 cm<br \/>\n \tKolor czarny + z\u0142ote drobinki<br \/>\n \tOzdobne opakowanie<br \/>\n \tCzas realizacji 10 dni roboczych po zaksi\u0119gowaniu wp\u0142aty ( praca z \u017cywic\u0105 zale\u017cna jest od pogody )<br \/>\n \tNie stawiamy gor\u0105cych kubk\u00f3w<br \/>\n \tZAMAWIAJ\u0104C KILKA PRODUKT\u00d3W CZAS REALIZACJI JEST D\u0141U\u017bSZY DO 14 DNI ROBOCZYCH\u00a0<br \/>\n \tPodk\u0142adki wykonane s\u0105 wykonane z dobrej jako\u015bci \u017cywicy a wieczko podk\u0142adek ma zdolno\u015b\u0107\u00a0 do samoregeneracji (ew. wgniecenia same znikaj\u0105)<\/p>\n","protected":false},"featured_media":15778,"comment_status":"open","ping_status":"closed","template":"","meta":[],"etheme_brands":[],"product_cat":[232],"product_tag":[],"class_list":["post-34137","product","type-product","status-publish","has-post-thumbnail","hentry","product_cat-dostepne-od-reki-podkladki"],"_links":{"self":[{"href":"https:\/\/new.decoczar.pl\/index.php\/wp-json\/wp\/v2\/product\/34137","targetHints":{"allow":["GET"]}}],"collection":[{"href":"https:\/\/new.decoczar.pl\/index.php\/wp-json\/wp\/v2\/product"}],"about":[{"href":"https:\/\/new.decoczar.pl\/index.php\/wp-json\/wp\/v2\/types\/product"}],"replies":[{"embeddable":true,"href":"https:\/\/new.decoczar.pl\/index.php\/wp-json\/wp\/v2\/comments?post=34137"}],"wp:featuredmedia":[{"embeddable":true,"href":"https:\/\/new.decoczar.pl\/index.php\/wp-json\/wp\/v2\/media\/15778"}],"wp:attachment":[{"href":"https:\/\/new.decoczar.pl\/index.php\/wp-json\/wp\/v2\/media?parent=34137"}],"wp:term":[{"taxonomy":"brand","embeddable":true,"href":"https:\/\/new.decoczar.pl\/index.php\/wp-json\/wp\/v2\/etheme_brands?post=34137"},{"taxonomy":"product_cat","embeddable":true,"href":"https:\/\/new.decoczar.pl\/index.php\/wp-json\/wp\/v2\/product_cat?post=34137"},{"taxonomy":"product_tag","embeddable":true,"href":"https:\/\/new.decoczar.pl\/index.php\/wp-json\/wp\/v2\/product_tag?post=34137"}],"curies":[{"name":"wp","href":"https:\/\/api.w.org\/{rel}","templated":true}]}}