{"id":3417,"date":"2022-12-13T20:31:10","date_gmt":"2022-12-13T19:31:10","guid":{"rendered":"http:\/\/new.decoczar.pl\/index.php\/product\/topper-geometryczny-40-stka\/"},"modified":"2022-12-13T20:31:10","modified_gmt":"2022-12-13T19:31:10","slug":"topper-geometryczny-40-stka","status":"publish","type":"product","link":"https:\/\/new.decoczar.pl\/index.php\/product\/topper-geometryczny-40-stka\/","title":{"rendered":"Topper Geometryczny 40-stka"},"content":{"rendered":"<p> \tWymiary 12 cm<br \/>\n \tWysoko\u015b\u0107 17 cm (6 cm patyczek )<br \/>\n \tWykonany ze sklejki brzozowej 3 cm<br \/>\n \tKolor czarny<br \/>\n \tCzas realizacji do 5 dni po zaksi\u0119gowaniu wp\u0142aty<br \/>\n \tZamawiaj\u0105c kilka produkt\u00f3w czas realizacji jest d\u0142u\u017cszy<br \/>\n \tW uwagach do zam\u00f3wienia prosz\u0119 wpisa\u0107 imi\u0119<\/p>\n<p>WYSY\u0141KA TYLKO KURIER \/ KURIER POBRANIE !!!<\/p>\n","protected":false},"excerpt":{"rendered":"<p> \tWymiary 12 cm<br \/>\n \tWysoko\u015b\u0107 17 cm (6 cm patyczek )<br \/>\n \tWykonany ze sklejki brzozowej 3 cm<br \/>\n \tKolor czarny<br \/>\n \tCzas realizacji do 5 dni po zaksi\u0119gowaniu wp\u0142aty<br \/>\n \tZamawiaj\u0105c kilka produkt\u00f3w czas realizacji jest d\u0142u\u017cszy<br \/>\n \tW uwagach do zam\u00f3wienia prosz\u0119 wpisa\u0107 imi\u0119<\/p>\n<p>WYSY\u0141KA TYLKO KURIER \/ KURIER POBRANIE !!!<\/p>\n","protected":false},"featured_media":3416,"comment_status":"open","ping_status":"closed","template":"","meta":[],"etheme_brands":[],"product_cat":[64],"product_tag":[],"class_list":["post-3417","product","type-product","status-publish","has-post-thumbnail","hentry","product_cat-topper"],"_links":{"self":[{"href":"https:\/\/new.decoczar.pl\/index.php\/wp-json\/wp\/v2\/product\/3417","targetHints":{"allow":["GET"]}}],"collection":[{"href":"https:\/\/new.decoczar.pl\/index.php\/wp-json\/wp\/v2\/product"}],"about":[{"href":"https:\/\/new.decoczar.pl\/index.php\/wp-json\/wp\/v2\/types\/product"}],"replies":[{"embeddable":true,"href":"https:\/\/new.decoczar.pl\/index.php\/wp-json\/wp\/v2\/comments?post=3417"}],"wp:featuredmedia":[{"embeddable":true,"href":"https:\/\/new.decoczar.pl\/index.php\/wp-json\/wp\/v2\/media\/3416"}],"wp:attachment":[{"href":"https:\/\/new.decoczar.pl\/index.php\/wp-json\/wp\/v2\/media?parent=3417"}],"wp:term":[{"taxonomy":"brand","embeddable":true,"href":"https:\/\/new.decoczar.pl\/index.php\/wp-json\/wp\/v2\/etheme_brands?post=3417"},{"taxonomy":"product_cat","embeddable":true,"href":"https:\/\/new.decoczar.pl\/index.php\/wp-json\/wp\/v2\/product_cat?post=3417"},{"taxonomy":"product_tag","embeddable":true,"href":"https:\/\/new.decoczar.pl\/index.php\/wp-json\/wp\/v2\/product_tag?post=3417"}],"curies":[{"name":"wp","href":"https:\/\/api.w.org\/{rel}","templated":true}]}}