{"id":34227,"date":"2025-12-17T10:00:31","date_gmt":"2025-12-17T09:00:31","guid":{"rendered":"https:\/\/new.decoczar.pl\/index.php\/product\/stolik-kawowy-z-drewna-tekowego-z-zywica-na-kolkach-88\/"},"modified":"2025-12-17T10:00:31","modified_gmt":"2025-12-17T09:00:31","slug":"stolik-kawowy-z-drewna-tekowego-z-zywica-na-kolkach-88","status":"publish","type":"product","link":"https:\/\/new.decoczar.pl\/index.php\/product\/stolik-kawowy-z-drewna-tekowego-z-zywica-na-kolkach-88\/","title":{"rendered":"Stolik kawowy z drewna tekowego z \u017cywic\u0105 na k\u00f3\u0142kach"},"content":{"rendered":"<p>Cechy produktu :<\/p>\n<p> \tWymiary ok 40&#215;40 cm<br \/>\n \tWysoko\u015b\u0107 : 45 cm<br \/>\n \tMateria\u0142 : drzewo tekowe, \u017cywica<br \/>\n \tkolor : Bia\u0142a per\u0142owa<br \/>\n \tStolik zosta\u0142 pokryty olejem zabezpieczaj\u0105cym<br \/>\n \tStolik posiada 4 k\u00f3\u0142ka<br \/>\n \tNIE WYSY\u0141AM PRODUKTU (zbyt ci\u0119\u017cka waga )<br \/>\n \tOdbi\u00f3r osobisty Warszawa Br\u00f3dno<\/p>\n","protected":false},"excerpt":{"rendered":"<p>Cechy produktu :<\/p>\n<p> \tWymiary ok 40&#215;40 cm<br \/>\n \tWysoko\u015b\u0107 : 45 cm<br \/>\n \tMateria\u0142 : drzewo tekowe, \u017cywica<br \/>\n \tkolor : Bia\u0142a per\u0142owa<br \/>\n \tStolik zosta\u0142 pokryty olejem zabezpieczaj\u0105cym<br \/>\n \tStolik posiada 4 k\u00f3\u0142ka<br \/>\n \tNIE WYSY\u0141AM PRODUKTU (zbyt ci\u0119\u017cka waga )<br \/>\n \tOdbi\u00f3r osobisty Warszawa Br\u00f3dno<\/p>\n","protected":false},"featured_media":2303,"comment_status":"open","ping_status":"closed","template":"","meta":[],"etheme_brands":[],"product_cat":[295],"product_tag":[],"class_list":["post-34227","product","type-product","status-publish","has-post-thumbnail","hentry","product_cat-nasze-realizacje"],"_links":{"self":[{"href":"https:\/\/new.decoczar.pl\/index.php\/wp-json\/wp\/v2\/product\/34227","targetHints":{"allow":["GET"]}}],"collection":[{"href":"https:\/\/new.decoczar.pl\/index.php\/wp-json\/wp\/v2\/product"}],"about":[{"href":"https:\/\/new.decoczar.pl\/index.php\/wp-json\/wp\/v2\/types\/product"}],"replies":[{"embeddable":true,"href":"https:\/\/new.decoczar.pl\/index.php\/wp-json\/wp\/v2\/comments?post=34227"}],"wp:featuredmedia":[{"embeddable":true,"href":"https:\/\/new.decoczar.pl\/index.php\/wp-json\/wp\/v2\/media\/2303"}],"wp:attachment":[{"href":"https:\/\/new.decoczar.pl\/index.php\/wp-json\/wp\/v2\/media?parent=34227"}],"wp:term":[{"taxonomy":"brand","embeddable":true,"href":"https:\/\/new.decoczar.pl\/index.php\/wp-json\/wp\/v2\/etheme_brands?post=34227"},{"taxonomy":"product_cat","embeddable":true,"href":"https:\/\/new.decoczar.pl\/index.php\/wp-json\/wp\/v2\/product_cat?post=34227"},{"taxonomy":"product_tag","embeddable":true,"href":"https:\/\/new.decoczar.pl\/index.php\/wp-json\/wp\/v2\/product_tag?post=34227"}],"curies":[{"name":"wp","href":"https:\/\/api.w.org\/{rel}","templated":true}]}}