{"id":34584,"date":"2025-12-24T21:22:29","date_gmt":"2025-12-24T20:22:29","guid":{"rendered":"http:\/\/new.decoczar.pl\/index.php\/product\/podkladki-z-zywicy-czarno-zlote-2-szt-89\/"},"modified":"2025-12-24T21:22:29","modified_gmt":"2025-12-24T20:22:29","slug":"podkladki-z-zywicy-czarno-zlote-2-szt-89","status":"publish","type":"product","link":"https:\/\/new.decoczar.pl\/index.php\/product\/podkladki-z-zywicy-czarno-zlote-2-szt-89\/","title":{"rendered":"Podk\u0142adki z \u017cywicy czarno z\u0142ote 2 szt"},"content":{"rendered":"<p>Podk\u0142adki<\/p>\n<p> \tWymiary : \u015brednica ok 12 cm<br \/>\n \tKolor czarny, z\u0142oty<br \/>\n \tOzdobne prezentowe opakowanie<br \/>\n \tCzas realizacji 10 dni roboczych po zaksi\u0119gowaniu wp\u0142aty<br \/>\n \tWysy\u0142ka kurier \/ kurier pobranie<br \/>\n \tZAMAWIAJ\u0104C KILKA PRODUKT\u00d3W CZAS REALIZACJI JEST D\u0141U\u017bSZY DO 14 DNI ROBOCZYCH\u00a0<br \/>\n \tG\u00f3ra powierzchnia podk\u0142adki pokryta jest jedn\u0105 z najlepszych \u017cywic &#8211; kt\u00f3ra ma zdolno\u015b\u0107 do samoregeneracji (ew. wgniecenia same znikaj\u0105)<br \/>\n \tCzas pracy zale\u017cy od pogody (przy du\u017cych upa\u0142ach i wysokiej wilgotno\u015bci praca si\u0119 wyd\u0142u\u017ca )<\/p>\n","protected":false},"excerpt":{"rendered":"<p>Podk\u0142adki<\/p>\n<p> \tWymiary : \u015brednica ok 12 cm<br \/>\n \tKolor czarny, z\u0142oty<br \/>\n \tOzdobne prezentowe opakowanie<br \/>\n \tCzas realizacji 10 dni roboczych po zaksi\u0119gowaniu wp\u0142aty<br \/>\n \tWysy\u0142ka kurier \/ kurier pobranie<br \/>\n \tZAMAWIAJ\u0104C KILKA PRODUKT\u00d3W CZAS REALIZACJI JEST D\u0141U\u017bSZY DO 14 DNI ROBOCZYCH\u00a0<br \/>\n \tG\u00f3ra powierzchnia podk\u0142adki pokryta jest jedn\u0105 z najlepszych \u017cywic &#8211; kt\u00f3ra ma zdolno\u015b\u0107 do samoregeneracji (ew. wgniecenia same znikaj\u0105)<br \/>\n \tCzas pracy zale\u017cy od pogody (przy du\u017cych upa\u0142ach i wysokiej wilgotno\u015bci praca si\u0119 wyd\u0142u\u017ca )<\/p>\n","protected":false},"featured_media":13179,"comment_status":"open","ping_status":"closed","template":"","meta":[],"etheme_brands":[],"product_cat":[232],"product_tag":[],"class_list":["post-34584","product","type-product","status-publish","has-post-thumbnail","hentry","product_cat-dostepne-od-reki-podkladki"],"_links":{"self":[{"href":"https:\/\/new.decoczar.pl\/index.php\/wp-json\/wp\/v2\/product\/34584","targetHints":{"allow":["GET"]}}],"collection":[{"href":"https:\/\/new.decoczar.pl\/index.php\/wp-json\/wp\/v2\/product"}],"about":[{"href":"https:\/\/new.decoczar.pl\/index.php\/wp-json\/wp\/v2\/types\/product"}],"replies":[{"embeddable":true,"href":"https:\/\/new.decoczar.pl\/index.php\/wp-json\/wp\/v2\/comments?post=34584"}],"wp:featuredmedia":[{"embeddable":true,"href":"https:\/\/new.decoczar.pl\/index.php\/wp-json\/wp\/v2\/media\/13179"}],"wp:attachment":[{"href":"https:\/\/new.decoczar.pl\/index.php\/wp-json\/wp\/v2\/media?parent=34584"}],"wp:term":[{"taxonomy":"brand","embeddable":true,"href":"https:\/\/new.decoczar.pl\/index.php\/wp-json\/wp\/v2\/etheme_brands?post=34584"},{"taxonomy":"product_cat","embeddable":true,"href":"https:\/\/new.decoczar.pl\/index.php\/wp-json\/wp\/v2\/product_cat?post=34584"},{"taxonomy":"product_tag","embeddable":true,"href":"https:\/\/new.decoczar.pl\/index.php\/wp-json\/wp\/v2\/product_tag?post=34584"}],"curies":[{"name":"wp","href":"https:\/\/api.w.org\/{rel}","templated":true}]}}